{"id":7545,"date":"2023-04-25T10:25:40","date_gmt":"2023-04-25T08:25:40","guid":{"rendered":"https:\/\/www.tada.si\/trgovina\/nekategorizirano\/genuit-box-3-2\/"},"modified":"2026-03-24T16:08:53","modified_gmt":"2026-03-24T14:08:53","slug":"genuit-zunanja-doza-box-3-ip55","status":"publish","type":"product","link":"https:\/\/www.tada.si\/en\/trgovina\/genuit-instalacija\/doze\/genuit-zunanja-doza-box-3-ip55\/","title":{"rendered":"Genuit zunanja doza box 3 IP55"},"content":{"rendered":"<h3><a href=\"https:\/\/genuit.it\/prodotto\/box-3-ip55\/\" target=\"_blank\" rel=\"noopener\">Genuit zunanja doza box 3 IP55 <\/a>Wallbox Outdoor je zunanja nadometna 3-modulna doza za stikala v industrijskem slogu, navdihnjena z ladijskimi elektri\u010dnimi in\u0161talacijami. Certificirana stopnja za\u0161\u010dite IP55 je zagotovljena z vodotesnim tesnilom in vzmetnim sprednjim pokrovom.<\/h3>\n<p data-start=\"224\" data-end=\"698\" data-is-last-node=\"\" data-is-only-node=\"\">Na voljo je v kovinskih izvedbah, kot so Graphite, Copper, Corten in Silver, ki poudarjajo naravno teksturo materiala ter zagotavljajo visoko odpornost na vremenske vplive, hkrati pa dolgoro\u010dno ohranjajo estetsko kakovost izdelka. Ohi\u0161je Box 3 IP55 je izdelano iz tla\u010dno litega aluminija in se odli\u010dno kombinira z nadometnim sistemom, kar omogo\u010da veliko svobodo pri oblikovanju zunanjih prostorov, kot so vrtovi in gara\u017ee, tako v modernem kot tudi zgodovinskem slogu.<\/p>\n<p>Odprtina za 3 stikala omogo\u010da neposredno vgradnjo modulov serij Eikon Evo in Ark\u00e9 proizvajalca Vimar, od elektri\u010dnih vti\u010dnic do najsodobnej\u0161ih sistemov pametnega doma. Certificirana stopnja za\u0161\u010dite IP55 je zagotovljena z vodotesnim tesnilom in vzmetnim sprednjim pokrovom.<\/p>\n<p data-start=\"0\" data-end=\"34\"><strong data-start=\"0\" data-end=\"32\">Sistem, enostaven za monta\u017eo:<\/strong><\/p>\n<p data-start=\"36\" data-end=\"229\">Doze Wallbox predstavljajo evolucijo nadometnih elektri\u010dnih napeljav: v primerjavi s tradicionalnimi re\u0161itvami so manj invazivne ter ponujajo prefinjen in funkcionalen industrijski dizajn.<\/p>\n<p data-start=\"231\" data-end=\"499\" data-is-last-node=\"\" data-is-only-node=\"\">Vgrajeni adapterji iz polipropilena omogo\u010dajo varno in stabilno pritrditev cevi, modularna zasnova sistema pa omogo\u010da enostavno prestavljanje in prilagajanje elektri\u010dne napeljave glede na projektne zahteve, pri \u010demer se vedno ohranja sodoben in estetsko dovr\u0161en videz.<\/p>\n<p data-start=\"231\" data-end=\"499\" data-is-last-node=\"\" data-is-only-node=\"\"><strong>Dimenzije:<\/strong> 95 mm x 125 mm \/ V: 70 mm<\/p>\n<p data-start=\"231\" data-end=\"499\" data-is-last-node=\"\" data-is-only-node=\"\"><strong>Moduli:\u00a0<\/strong>Seriji Eikon Evo in Ark\u00e9 znamke VIMAR<\/p>\n<div class=\"col-span-7 col-start-2 space-y-4 xl:col-span-4 xl:col-start-3\">\n<div class=\"grid grid-cols-5\">\n<div class=\"col-span-3\"><\/div>\n<\/div>\n<\/div>\n<div class=\"col-span-8 col-start-2 xl:col-span-6 xl:col-start-3\">\n<div id=\"js--infoswiper\" class=\"overflow-visible swiper InfoSwiper swiper-initialized swiper-horizontal swiper-backface-hidden\">\n<div id=\"swiper-wrapper-f18e57d82de252fd\" class=\"overflow-visible swiper-wrapper\" aria-live=\"polite\">\n<div class=\"space-y-3 swiper-slide swiper-slide-active\" role=\"group\" aria-label=\"1 \/ 2\">\n<div class=\"relative w-full aspect-card bg-gray-50\"><img loading=\"lazy\" decoding=\"async\" class=\"object-cover object-center w-full h-full entered lazyloaded\" src=\"https:\/\/genuit.b-cdn.net\/wp-content\/uploads\/2024\/05\/ESPLOSO-WALLBOX-IP55-2.png\" width=\"581\" height=\"484\" data-lazy-src=\"https:\/\/genuit.b-cdn.net\/wp-content\/uploads\/2024\/05\/ESPLOSO-WALLBOX-IP55-2.png\" data-ll-status=\"loaded\" \/><\/div>\n<div class=\"p\">\n<p><strong data-start=\"0\" data-end=\"21\">Integracija mednarodnih modulov:<\/strong><\/p>\n<\/div>\n<\/div>\n<div class=\"space-y-3 swiper-slide swiper-slide-next\" role=\"group\" aria-label=\"2 \/ 2\">\n<div class=\"relative w-full aspect-card bg-gray-50\"><img loading=\"lazy\" decoding=\"async\" class=\"object-cover object-center w-full h-full entered lazyloaded\" src=\"https:\/\/genuit.b-cdn.net\/wp-content\/uploads\/2024\/05\/Moduli_Prese-08.jpg\" width=\"581\" height=\"573\" data-lazy-src=\"https:\/\/genuit.b-cdn.net\/wp-content\/uploads\/2024\/05\/Moduli_Prese-08.jpg\" data-ll-status=\"loaded\" \/><\/div>\n<\/div>\n<\/div>\n<\/div>\n<\/div>","protected":false},"excerpt":{"rendered":"<p><strong>Box 3 IP55<\/strong> je industrijsko oblikovana zunanja stenska doza za 3 module iz tla\u010dno litega aluminija. Omogo\u010da prilagodljivo vgradnjo, integracijo modulov Eikon Evo in Ark\u00e9 ter estetsko dovr\u0161eno vidno napeljavo v zunanjih prostorih, kot so vrtovi in gara\u017ee.<\/p>\n<p>Oglejte si \u0161e <a href=\"https:\/\/www.tada.si\/en\/product-category\/genuit\/doze\/\">ostalo ponudbo doz Genuit na na\u0161i spletni strani.<\/a><\/p>\n<p>\ud83d\udce9 Za ve\u010d informacij in ponudbo po meri nam pi\u0161ite na info@tada.si<br \/>\n\ud83d\udcde ali nas pokli\u010dite na 051 229 229 \u2013 z veseljem vam pripravimo re\u0161itev, prilagojeno va\u0161im potrebam in projektu.<\/p>","protected":false},"featured_media":11329,"comment_status":"open","ping_status":"closed","template":"","meta":{"inline_featured_image":false},"product_brand":[],"product_cat":[218,216],"product_tag":[],"class_list":{"0":"post-7545","1":"product","2":"type-product","3":"status-publish","4":"has-post-thumbnail","6":"product_cat-doze","7":"product_cat-genuit-instalacija","8":"pa_barva-bronasta","9":"pa_barva-crna","10":"pa_barva-srebrna","12":"first","13":"instock","14":"taxable","15":"shipping-taxable","16":"product-type-simple","17":"czr-hentry"},"_links":{"self":[{"href":"https:\/\/www.tada.si\/en\/wp-json\/wp\/v2\/product\/7545","targetHints":{"allow":["GET"]}}],"collection":[{"href":"https:\/\/www.tada.si\/en\/wp-json\/wp\/v2\/product"}],"about":[{"href":"https:\/\/www.tada.si\/en\/wp-json\/wp\/v2\/types\/product"}],"replies":[{"embeddable":true,"href":"https:\/\/www.tada.si\/en\/wp-json\/wp\/v2\/comments?post=7545"}],"wp:featuredmedia":[{"embeddable":true,"href":"https:\/\/www.tada.si\/en\/wp-json\/wp\/v2\/media\/11329"}],"wp:attachment":[{"href":"https:\/\/www.tada.si\/en\/wp-json\/wp\/v2\/media?parent=7545"}],"wp:term":[{"taxonomy":"product_brand","embeddable":true,"href":"https:\/\/www.tada.si\/en\/wp-json\/wp\/v2\/product_brand?post=7545"},{"taxonomy":"product_cat","embeddable":true,"href":"https:\/\/www.tada.si\/en\/wp-json\/wp\/v2\/product_cat?post=7545"},{"taxonomy":"product_tag","embeddable":true,"href":"https:\/\/www.tada.si\/en\/wp-json\/wp\/v2\/product_tag?post=7545"}],"curies":[{"name":"wp","href":"https:\/\/api.w.org\/{rel}","templated":true}]}}