{"id":7656,"date":"2023-05-09T11:15:47","date_gmt":"2023-05-09T09:15:47","guid":{"rendered":"https:\/\/www.tada.si\/?post_type=product&#038;p=7656"},"modified":"2025-11-20T15:33:57","modified_gmt":"2025-11-20T13:33:57","slug":"ajax-motioncam-phod-wh","status":"publish","type":"product","link":"https:\/\/www.tada.si\/en\/trgovina\/alarmni-in-video-nadzor\/ajax\/detektorji-senzorji-ajax\/ajax-motioncam-phod-wh\/","title":{"rendered":"Ajax MotionCamera (PhOD) WH"},"content":{"rendered":"<p>Brez\u017ei\u010dni PIR detektor gibanja, domet do 12m pri 85\u00b0 z vgrajeno kamero za video verifikacijo. Resolucija slike do 640&#215;480 px. Mo\u017enost priklica fotografije na zahtevo. Neob\u010dutljiv na hi\u0161ne ljubljen\u010dke do 20 kg in vi\u0161ine do 50 cm. Garancija 2 leti, razen na vgrajene baterije. Deluje samo na \u017ei\u010dni (Fibra) Hub, Hub2 in Hub2 Plus.<\/p>\n<p>&nbsp;<\/p>\n<table id=\"ContentPlaceHolder1_GridViewTechnicalCharacteristics\" class=\"table table-striped mt-2\" cellspacing=\"0\">\n<tbody>\n<tr>\n<td>Manufacturer<\/td>\n<td>AJAX<\/td>\n<\/tr>\n<tr>\n<td>Technology<\/td>\n<td>Wireless<\/td>\n<\/tr>\n<tr>\n<td>Wireless frequency<\/td>\n<td>868 MHz<\/td>\n<\/tr>\n<tr>\n<td>Wireless communication<\/td>\n<td>Two-way<\/td>\n<\/tr>\n<tr>\n<td>Dimensions<\/td>\n<td>110 x 65 x 50 mm<\/td>\n<\/tr>\n<tr>\n<td>Safety degree<\/td>\n<td>Grade 2<\/td>\n<\/tr>\n<tr>\n<td>Power supply<\/td>\n<td>Battery 1 x 3V, type CR123A<\/td>\n<\/tr>\n<tr>\n<td>Installation<\/td>\n<td>Internal<\/td>\n<\/tr>\n<tr>\n<td>Detection method<\/td>\n<td>PIR<\/td>\n<\/tr>\n<tr>\n<td>Installation<\/td>\n<td>Wall<\/td>\n<\/tr>\n<tr>\n<td>Installation height<\/td>\n<td>2.2 m<\/td>\n<\/tr>\n<tr>\n<td>Sensitivity adjustment<\/td>\n<td>Yes<\/td>\n<\/tr>\n<tr>\n<td>LED signaling<\/td>\n<td>Yes<\/td>\n<\/tr>\n<tr>\n<td>Operating temperature<\/td>\n<td>-10\u00b0C to +40\u00b0C<\/td>\n<\/tr>\n<tr>\n<td>Tamper<\/td>\n<td>Yes<\/td>\n<\/tr>\n<tr>\n<td>Pet immune<\/td>\n<td>&lt; 20 kg, &lt; 50 cm<\/td>\n<\/tr>\n<tr>\n<td>PIR element<\/td>\n<td>Dual<\/td>\n<\/tr>\n<tr>\n<td>Detection range: PIR<\/td>\n<td>12 m<\/td>\n<\/tr>\n<tr>\n<td>Detection angle<\/td>\n<td>88.5\u00b0H, 80\u00b0V<\/td>\n<\/tr>\n<tr>\n<td>Bracket included<\/td>\n<td>Yes<\/td>\n<\/tr>\n<tr>\n<td>Temperature compensation<\/td>\n<td>Yes<\/td>\n<\/tr>\n<tr>\n<td>Weight<\/td>\n<td>93 g<\/td>\n<\/tr>\n<tr>\n<td>Built-in camera<\/td>\n<td>Yes<\/td>\n<\/tr>\n<\/tbody>\n<\/table>","protected":false},"excerpt":{"rendered":"<p>Brez\u017ei\u010dni PIR detektor gibanja, domet do 12m pri 85\u00b0 z vgrajeno kamero za video verifikacijo. Resolucija slike do 640&#215;480 px. Mo\u017enost priklica fotografije na zahtevo. Neob\u010dutljiv na hi\u0161ne ljubljen\u010dke do 20 kg in vi\u0161ine do 50 cm. Garancija 2 leti, razen na vgrajene baterije. Deluje samo na \u017ei\u010dni (Fibra) Hub, Hub2 in Hub2 Plus. &nbsp; [&hellip;]<\/p>\n","protected":false},"featured_media":6658,"comment_status":"open","ping_status":"closed","template":"","meta":{"inline_featured_image":false},"product_brand":[],"product_cat":[114],"product_tag":[],"class_list":{"0":"post-7656","1":"product","2":"type-product","3":"status-publish","4":"has-post-thumbnail","6":"product_cat-detektorji-senzorji-ajax","8":"first","9":"instock","10":"taxable","11":"shipping-taxable","12":"purchasable","13":"product-type-simple","14":"czr-hentry"},"_links":{"self":[{"href":"https:\/\/www.tada.si\/en\/wp-json\/wp\/v2\/product\/7656","targetHints":{"allow":["GET"]}}],"collection":[{"href":"https:\/\/www.tada.si\/en\/wp-json\/wp\/v2\/product"}],"about":[{"href":"https:\/\/www.tada.si\/en\/wp-json\/wp\/v2\/types\/product"}],"replies":[{"embeddable":true,"href":"https:\/\/www.tada.si\/en\/wp-json\/wp\/v2\/comments?post=7656"}],"wp:featuredmedia":[{"embeddable":true,"href":"https:\/\/www.tada.si\/en\/wp-json\/wp\/v2\/media\/6658"}],"wp:attachment":[{"href":"https:\/\/www.tada.si\/en\/wp-json\/wp\/v2\/media?parent=7656"}],"wp:term":[{"taxonomy":"product_brand","embeddable":true,"href":"https:\/\/www.tada.si\/en\/wp-json\/wp\/v2\/product_brand?post=7656"},{"taxonomy":"product_cat","embeddable":true,"href":"https:\/\/www.tada.si\/en\/wp-json\/wp\/v2\/product_cat?post=7656"},{"taxonomy":"product_tag","embeddable":true,"href":"https:\/\/www.tada.si\/en\/wp-json\/wp\/v2\/product_tag?post=7656"}],"curies":[{"name":"wp","href":"https:\/\/api.w.org\/{rel}","templated":true}]}}