{"id":7657,"date":"2023-05-09T11:20:23","date_gmt":"2023-05-09T09:20:23","guid":{"rendered":"https:\/\/www.tada.si\/?post_type=product&#038;p=7657"},"modified":"2025-11-20T16:04:41","modified_gmt":"2025-11-20T14:04:41","slug":"ajax-motioncam-outdoor-phod-wh","status":"publish","type":"product","link":"https:\/\/www.tada.si\/en\/trgovina\/alarmni-in-video-nadzor\/ajax\/detektorji-senzorji-ajax\/ajax-motioncam-outdoor-phod-wh\/","title":{"rendered":"Ajax MotionCamera Outdoor (PhOD) WH"},"content":{"rendered":"<p>Brez\u017ei\u010dni zunanji 2x PIR detektor z vgrajeno kamero. Mo\u017enost priklica fotografij na zahtevo. Z antimasking funkcijo in za\u0161\u010dito z algoritmom proti la\u017enemu pro\u017eenju. Neob\u010dutljiv na hi\u0161ne ljubljen\u010dke velikosti do 80 cm. Vi\u0161ina monta\u017ee 0,8-1,3 m, s prilo\u017eenim nosilcem, ob\u010dutljivost delovanja 3 stopnje, domet detekcije gibanja od 3-15 m, kot detekcije gibanja horizontalno 88,5\u00b0, kot pogleda kamere horizontalno 105\u00b0, slike kamere resolucije 320 \u00d7 176 to\u010dk (default), 640 \u00d7 352 to\u010dk, IR led, napajanje z prilo\u017eeno baterijo 4 \u00d7 CR123A (gratis) z \u017eivljenjsko dobo do 3 leta, temperatura delovanja: -25\u00b0 do +60\u00b0, IP55, dimenzije: 206 \u00d7 108 \u00d7 93 mm. Kompatibilen samo s Hub 2, Hub 2 Plus in \u017ei\u010dnim (Fibra) Hub-om. Kompatibilen z Rex2. Garancija 2 leti, razen na vgrajene baterije.<\/p>\n<table id=\"ContentPlaceHolder1_GridViewTechnicalCharacteristics\" class=\"table table-striped mt-2\" cellspacing=\"0\">\n<tbody>\n<tr>\n<td>Manufacturer<\/td>\n<td>AJAX<\/td>\n<\/tr>\n<tr>\n<td>Technology<\/td>\n<td>Wireless<\/td>\n<\/tr>\n<tr>\n<td>Wireless frequency<\/td>\n<td>868 MHz<\/td>\n<\/tr>\n<tr>\n<td>Wireless communication<\/td>\n<td>Two-way<\/td>\n<\/tr>\n<tr>\n<td>Dimensions<\/td>\n<td>110 x 65 x 50 mm<\/td>\n<\/tr>\n<tr>\n<td>Safety degree<\/td>\n<td>Grade 2<\/td>\n<\/tr>\n<tr>\n<td>Power supply<\/td>\n<td>Battery 1 x 3V, type CR123A<\/td>\n<\/tr>\n<tr>\n<td>Installation<\/td>\n<td>Internal<\/td>\n<\/tr>\n<tr>\n<td>Detection method<\/td>\n<td>PIR<\/td>\n<\/tr>\n<tr>\n<td>Installation<\/td>\n<td>Wall<\/td>\n<\/tr>\n<tr>\n<td>Installation height<\/td>\n<td>2.2 m<\/td>\n<\/tr>\n<tr>\n<td>Sensitivity adjustment<\/td>\n<td>Yes<\/td>\n<\/tr>\n<tr>\n<td>LED signaling<\/td>\n<td>Yes<\/td>\n<\/tr>\n<tr>\n<td>Operating temperature<\/td>\n<td>-10\u00b0C to +40\u00b0C<\/td>\n<\/tr>\n<tr>\n<td>Tamper<\/td>\n<td>Yes<\/td>\n<\/tr>\n<tr>\n<td>Pet immune<\/td>\n<td>&lt; 20 kg, &lt; 50 cm<\/td>\n<\/tr>\n<tr>\n<td>PIR element<\/td>\n<td>Dual<\/td>\n<\/tr>\n<tr>\n<td>Detection range: PIR<\/td>\n<td>12 m<\/td>\n<\/tr>\n<tr>\n<td>Detection angle<\/td>\n<td>88.5\u00b0H, 80\u00b0V<\/td>\n<\/tr>\n<tr>\n<td>Bracket included<\/td>\n<td>Yes<\/td>\n<\/tr>\n<tr>\n<td>Temperature compensation<\/td>\n<td>Yes<\/td>\n<\/tr>\n<tr>\n<td>Weight<\/td>\n<td>93 g<\/td>\n<\/tr>\n<tr>\n<td>Built-in camera<\/td>\n<td>Yes<\/td>\n<\/tr>\n<\/tbody>\n<\/table>","protected":false},"excerpt":{"rendered":"<p>Brez\u017ei\u010dni zunanji 2x PIR detektor z vgrajeno kamero. Mo\u017enost priklica fotografij na zahtevo. Z antimasking funkcijo in za\u0161\u010dito z algoritmom proti la\u017enemu pro\u017eenju. Neob\u010dutljiv na hi\u0161ne ljubljen\u010dke velikosti do 80 cm. Vi\u0161ina monta\u017ee 0,8-1,3 m, s prilo\u017eenim nosilcem, ob\u010dutljivost delovanja 3 stopnje, domet detekcije gibanja od 3-15 m, kot detekcije gibanja horizontalno 88,5\u00b0, kot pogleda [&hellip;]<\/p>\n","protected":false},"featured_media":6656,"comment_status":"open","ping_status":"closed","template":"","meta":{"inline_featured_image":false},"product_brand":[],"product_cat":[114],"product_tag":[],"class_list":{"0":"post-7657","1":"product","2":"type-product","3":"status-publish","4":"has-post-thumbnail","6":"product_cat-detektorji-senzorji-ajax","8":"first","9":"instock","10":"taxable","11":"shipping-taxable","12":"purchasable","13":"product-type-simple","14":"czr-hentry"},"_links":{"self":[{"href":"https:\/\/www.tada.si\/en\/wp-json\/wp\/v2\/product\/7657","targetHints":{"allow":["GET"]}}],"collection":[{"href":"https:\/\/www.tada.si\/en\/wp-json\/wp\/v2\/product"}],"about":[{"href":"https:\/\/www.tada.si\/en\/wp-json\/wp\/v2\/types\/product"}],"replies":[{"embeddable":true,"href":"https:\/\/www.tada.si\/en\/wp-json\/wp\/v2\/comments?post=7657"}],"wp:featuredmedia":[{"embeddable":true,"href":"https:\/\/www.tada.si\/en\/wp-json\/wp\/v2\/media\/6656"}],"wp:attachment":[{"href":"https:\/\/www.tada.si\/en\/wp-json\/wp\/v2\/media?parent=7657"}],"wp:term":[{"taxonomy":"product_brand","embeddable":true,"href":"https:\/\/www.tada.si\/en\/wp-json\/wp\/v2\/product_brand?post=7657"},{"taxonomy":"product_cat","embeddable":true,"href":"https:\/\/www.tada.si\/en\/wp-json\/wp\/v2\/product_cat?post=7657"},{"taxonomy":"product_tag","embeddable":true,"href":"https:\/\/www.tada.si\/en\/wp-json\/wp\/v2\/product_tag?post=7657"}],"curies":[{"name":"wp","href":"https:\/\/api.w.org\/{rel}","templated":true}]}}