{"id":7661,"date":"2023-05-09T11:31:14","date_gmt":"2023-05-09T09:31:14","guid":{"rendered":"https:\/\/www.tada.si\/?post_type=product&#038;p=7661"},"modified":"2025-06-29T13:21:25","modified_gmt":"2025-06-29T11:21:25","slug":"ajax-vhf-bridge-lite-wh","status":"publish","type":"product","link":"https:\/\/www.tada.si\/en\/trgovina\/alarmni-in-video-nadzor\/ajax\/razsiritveni-moduli-ajax\/ajax-vhf-bridge-lite-wh\/","title":{"rendered":"AJAX VHF Bridge LITE WH"},"content":{"rendered":"<p>AJAX VHF Bridge, vmesnik za povezovanje radijskih komunikatorje na AJAX alarmni sistem, 8 izhodov, brez ohi\u0161ja, dimenzije 145 \u00d7 89 \u00d7 51 mm.<\/p>","protected":false},"excerpt":{"rendered":"<p>AJAX VHF Bridge, vmesnik za povezovanje radijskih komunikatorje na AJAX alarmni sistem, 8 izhodov, brez ohi\u0161ja, dimenzije 145 \u00d7 89 \u00d7 51 mm.<\/p>","protected":false},"featured_media":6704,"comment_status":"open","ping_status":"closed","template":"","meta":{"inline_featured_image":false},"product_brand":[],"product_cat":[124],"product_tag":[],"class_list":{"0":"post-7661","1":"product","2":"type-product","3":"status-publish","4":"has-post-thumbnail","6":"product_cat-razsiritveni-moduli-ajax","8":"first","9":"instock","10":"taxable","11":"shipping-taxable","12":"purchasable","13":"product-type-simple","14":"czr-hentry"},"_links":{"self":[{"href":"https:\/\/www.tada.si\/en\/wp-json\/wp\/v2\/product\/7661","targetHints":{"allow":["GET"]}}],"collection":[{"href":"https:\/\/www.tada.si\/en\/wp-json\/wp\/v2\/product"}],"about":[{"href":"https:\/\/www.tada.si\/en\/wp-json\/wp\/v2\/types\/product"}],"replies":[{"embeddable":true,"href":"https:\/\/www.tada.si\/en\/wp-json\/wp\/v2\/comments?post=7661"}],"wp:featuredmedia":[{"embeddable":true,"href":"https:\/\/www.tada.si\/en\/wp-json\/wp\/v2\/media\/6704"}],"wp:attachment":[{"href":"https:\/\/www.tada.si\/en\/wp-json\/wp\/v2\/media?parent=7661"}],"wp:term":[{"taxonomy":"product_brand","embeddable":true,"href":"https:\/\/www.tada.si\/en\/wp-json\/wp\/v2\/product_brand?post=7661"},{"taxonomy":"product_cat","embeddable":true,"href":"https:\/\/www.tada.si\/en\/wp-json\/wp\/v2\/product_cat?post=7661"},{"taxonomy":"product_tag","embeddable":true,"href":"https:\/\/www.tada.si\/en\/wp-json\/wp\/v2\/product_tag?post=7661"}],"curies":[{"name":"wp","href":"https:\/\/api.w.org\/{rel}","templated":true}]}}