{"id":7691,"date":"2023-05-10T12:24:34","date_gmt":"2023-05-10T10:24:34","guid":{"rendered":"https:\/\/www.tada.si\/?post_type=product&#038;p=7691"},"modified":"2026-03-11T11:09:26","modified_gmt":"2026-03-11T09:09:26","slug":"ajax-lifequality-detekor","status":"publish","type":"product","link":"https:\/\/www.tada.si\/en\/trgovina\/alarmni-in-video-nadzor\/ajax\/detektorji-senzorji-ajax\/ajax-lifequality-detekor\/","title":{"rendered":"AJAX LifeQuality detektor"},"content":{"rendered":"<h3><a href=\"https:\/\/ajax.systems\/products\/lifequality\/\" target=\"_blank\" rel=\"noopener\">AJAX LifeQuality<\/a> brez\u017ei\u010dni detektor za nadzor kvalitete zraka s senzorji za temperaturo, vlago in ogljikov dioksid (CO2).<\/h3>\n<p data-start=\"121\" data-end=\"424\">Senzor uporablja <strong data-start=\"714\" data-end=\"748\">medicinsko natan\u010dne komponente<\/strong>, ki zagotavljajo zanesljive meritve. CO\u2082 senzor z NDIR tehnologijo neposredno meri koncentracijo ogljikovega dioksida, medtem ko digitalni senzorji natan\u010dno spremljajo temperaturo in vla\u017enost. Vse meritve so prikazane v aplikaciji, kjer so na voljo tudi grafi, zgodovina meritev ter takoj\u0161nja obvestila ob spremembah kakovosti zraka.<\/p>\n<p data-start=\"426\" data-end=\"826\">S pomo\u010djo aplikacije lahko uporabniki v realnem \u010dasu spremljajo kakovost zraka ter prejemajo jasne informacije o spremembah v prostoru. Naprava ima tudi <strong data-start=\"584\" data-end=\"601\">LED-indikator<\/strong>, ki z razli\u010dnimi barvami prikazuje stanje koncentracije ogljikovega dioksida.<\/p>\n<p data-start=\"1093\" data-end=\"1264\">Ob dotiku logotipa na napravi se prika\u017ee trenutna raven CO\u2082:<\/p>\n<ul>\n<li data-start=\"1267\" data-end=\"1305\"><strong data-start=\"1267\" data-end=\"1277\">zelena<\/strong> \u2013 normalna kakovost zraka<\/li>\n<li data-start=\"1267\" data-end=\"1305\"><strong data-start=\"1308\" data-end=\"1318\">rumena<\/strong> \u2013 rahlo povi\u0161ana koncentracija CO\u2082<\/li>\n<li data-start=\"1267\" data-end=\"1305\"><strong data-start=\"1358\" data-end=\"1367\">rde\u010da<\/strong> \u2013 slaba kakovost zraka<\/li>\n<li data-start=\"1267\" data-end=\"1305\"><strong data-start=\"1395\" data-end=\"1408\">vijoli\u010dna<\/strong> \u2013 kriti\u010dno visoka koncentracija CO\u2082<\/li>\n<\/ul>\n<p data-start=\"828\" data-end=\"1105\">Senzor lahko deluje tudi kot del <strong data-start=\"866\" data-end=\"892\">pametne avtomatizacije<\/strong>. V kombinaciji z napravami, kot so <strong data-start=\"943\" data-end=\"975\">Relay, WallSwitch ali Socket<\/strong>, omogo\u010da samodejno upravljanje naprav za prezra\u010devanje, ogrevanje ali hlajenje glede na kakovost zraka, temperaturo ali vla\u017enost.<\/p>\n<p data-start=\"828\" data-end=\"1105\">LifeQuality je zasnovan za <strong data-start=\"2088\" data-end=\"2124\">enostavno namestitev brez kablov<\/strong>. Napravo lahko namestite na steno, strop ali jo postavite na mizo. Dve zamenljivi bateriji zagotavljata <strong data-start=\"2229\" data-end=\"2252\">do 3 leta delovanja<\/strong>, zato dodatno napajanje ni potrebno.<\/p>\n<p data-start=\"828\" data-end=\"1105\"><img loading=\"lazy\" decoding=\"async\" class=\"\" src=\"https:\/\/ajax.systems\/api\/cdn-img\/?img=%2Fproducts%2Flifequality%2Fall-around-installation%2Fbatteries-lq.lg.png&amp;1746109191\" alt=\"Batteries\" width=\"428\" height=\"345\" \/><\/p>\n<p data-start=\"1107\" data-end=\"1310\">Zaradi natan\u010dnih senzorjev in integracije s celotnim sistemom je idealna re\u0161itev za <strong data-start=\"1202\" data-end=\"1254\">domove, pisarne, \u0161ole in druge notranje prostore<\/strong>, kjer je pomembna zdrava in nadzorovana kakovost zraka.<\/p>\n<p data-start=\"1107\" data-end=\"1310\"><img loading=\"lazy\" decoding=\"async\" class=\"\" src=\"https:\/\/ajax.systems\/api\/cdn-img\/?img=%2Fproducts%2Flifequality%2Fmonitoring-everywhere%2Fprivate-residence%2Fprivate-residence.xxl.jpg&amp;1673997052\" alt=\"Ajax LifeQuality is a smart air quality monitor\" width=\"550\" height=\"344\" \/> <img loading=\"lazy\" decoding=\"async\" class=\"\" src=\"https:\/\/ajax.systems\/api\/cdn-img\/?img=%2Fproducts%2Flifequality%2Fmonitoring-everywhere%2Fkindergarten%2Fkindergarten.xxl%401.jpg&amp;1746109192\" alt=\"Ajax LifeQuality is a smart air quality monitor\" width=\"550\" height=\"344\" \/><\/p>\n<p data-start=\"1107\" data-end=\"1310\"><img loading=\"lazy\" decoding=\"async\" class=\"\" src=\"https:\/\/ajax.systems\/api\/cdn-img\/?img=%2Fproducts%2Flifequality%2Fmonitoring-everywhere%2Fstore%2Fstore.xxl%401.jpg&amp;1674634979\" alt=\"Ajax LifeQuality is a smart air quality monitor\" width=\"550\" height=\"344\" \/> <img loading=\"lazy\" decoding=\"async\" class=\"\" src=\"https:\/\/ajax.systems\/api\/cdn-img\/?img=%2Fproducts%2Flifequality%2Fmonitoring-everywhere%2Findustrial-premises%2Findustrial-premises.xxl.jpg&amp;1746109192\" alt=\"Ajax LifeQuality is a smart air quality monitor\" width=\"550\" height=\"344\" \/><\/p>","protected":false},"excerpt":{"rendered":"<p>Pametni brez\u017ei\u010dni detektor za nadzor kvalitete zraka s senzorji za temperaturo, vlago in ogljikov dioksid (CO2). Kompatibilen z alarmnimi centralami HUB 2, HUB 2 PLUS, FIBRA HUB HYBRID in ReX 2 oja\u010devalcem signala.<\/p>\n<p>Oglejte si \u0161e <a href=\"https:\/\/www.tada.si\/en\/product-category\/alarmni-sistemi\/ajax\/\">ostalo ponudbo\u00a0alarmnih sistemov Ajax na na\u0161i spletni strani.<\/a><\/p>","protected":false},"featured_media":11070,"comment_status":"open","ping_status":"closed","template":"","meta":{"inline_featured_image":false},"product_brand":[],"product_cat":[87,72,114],"product_tag":[],"class_list":{"0":"post-7691","1":"product","2":"type-product","3":"status-publish","4":"has-post-thumbnail","6":"product_cat-ajax","7":"product_cat-alarmni-in-video-nadzor","8":"product_cat-detektorji-senzorji-ajax","9":"pa_barva-black","10":"pa_barva-white","12":"first","13":"instock","14":"taxable","15":"shipping-taxable","16":"purchasable","17":"product-type-variable","18":"czr-hentry"},"_links":{"self":[{"href":"https:\/\/www.tada.si\/en\/wp-json\/wp\/v2\/product\/7691","targetHints":{"allow":["GET"]}}],"collection":[{"href":"https:\/\/www.tada.si\/en\/wp-json\/wp\/v2\/product"}],"about":[{"href":"https:\/\/www.tada.si\/en\/wp-json\/wp\/v2\/types\/product"}],"replies":[{"embeddable":true,"href":"https:\/\/www.tada.si\/en\/wp-json\/wp\/v2\/comments?post=7691"}],"wp:featuredmedia":[{"embeddable":true,"href":"https:\/\/www.tada.si\/en\/wp-json\/wp\/v2\/media\/11070"}],"wp:attachment":[{"href":"https:\/\/www.tada.si\/en\/wp-json\/wp\/v2\/media?parent=7691"}],"wp:term":[{"taxonomy":"product_brand","embeddable":true,"href":"https:\/\/www.tada.si\/en\/wp-json\/wp\/v2\/product_brand?post=7691"},{"taxonomy":"product_cat","embeddable":true,"href":"https:\/\/www.tada.si\/en\/wp-json\/wp\/v2\/product_cat?post=7691"},{"taxonomy":"product_tag","embeddable":true,"href":"https:\/\/www.tada.si\/en\/wp-json\/wp\/v2\/product_tag?post=7691"}],"curies":[{"name":"wp","href":"https:\/\/api.w.org\/{rel}","templated":true}]}}