{"id":7719,"date":"2023-05-16T11:44:16","date_gmt":"2023-05-16T09:44:16","guid":{"rendered":"https:\/\/www.tada.si\/?post_type=product&#038;p=7719"},"modified":"2026-03-06T15:02:31","modified_gmt":"2026-03-06T13:02:31","slug":"sp7000","status":"publish","type":"product","link":"https:\/\/www.tada.si\/en\/trgovina\/alarmni-in-video-nadzor\/paradox\/alarmne-centrale\/sp7000\/","title":{"rendered":"Paradox Alarmna centrala PAR SP7000+"},"content":{"rendered":"<p data-start=\"1061\" data-end=\"1535\">Centrala omogo\u010da do 32 uporabni\u0161kih kod in do 32 daljinskih upravljalnikov, ki jih je mo\u017eno razporediti med particiji.<\/p>\n<p data-start=\"1061\" data-end=\"1535\">Sistem podpira razli\u010dne komunikacijske tehnologije, vklju\u010dno z IP modulom (IP150+), GSM\/GPRS komunikacijskimi moduli PCS serije ter glasovnim modulom VDMP3, kar omogo\u010da oddaljeno upravljanje, obve\u0161\u010danje in nadzor preko aplikacije ali klicnega poro\u010danja.<\/p>\n<p data-start=\"1061\" data-end=\"1535\">Funkcija StayD omogo\u010da stalno delno aktivirano za\u0161\u010dito objekta, tudi ko so osebe prisotne v prostoru.<\/p>\n<p data-start=\"1537\" data-end=\"2036\">SP7000+ je zasnovana za hitro in enostavno konfiguracijo preko tipkovnice ali programske opreme BabyWare, posodobitve pa je mo\u017eno izvajati neposredno na terenu.<\/p>\n<p data-start=\"1537\" data-end=\"2036\">Centrala ima vgrajeno shranjevanje za dogodke in podpira nadzor napajanja ter osnovne varnostne standarde EN50131 Grade 2.<\/p>\n<p data-start=\"1537\" data-end=\"2036\">Zaradi modularne zasnove, prilagodljive raz\u0161iritve ter stabilnega delovanja je SP7000+ zanesljiva izbira za domove in poslovne objekte, ki potrebujejo robusten, nadgradljiv in cenovno u\u010dinkovit \u017ei\u010dni alarmni sistem.<\/p>","protected":false},"excerpt":{"rendered":"<p>Alarmna centrala 16-32 con, 2 particije, mo\u017enost brez\u017ei\u010dne raz\u0161iritve s pomo\u010djo RTX3, 32 uporabni\u0161kih kod, 16 PGM izhodov (4 na centrali), mo\u017enost priklju\u010ditve do 15 tipkovnic, 2x serijski izhod (1x primarni komunikacijski kanal 1x sekundarni komunikacijski kanal), mo\u010dnej\u0161e napajanje za zunanje porabnike 1,5A (izklop pri 1,75A), spomin za 256 dogodkov &#8211; samo PCB, brez tipkovnice in ohi\u0161ja.<\/p>\n<p>NOV model centrale, ki nadome\u0161\u010da SP7000.<\/p>","protected":false},"featured_media":8844,"comment_status":"open","ping_status":"closed","template":"","meta":{"inline_featured_image":false},"product_brand":[],"product_cat":[102,88],"product_tag":[],"class_list":{"0":"post-7719","1":"product","2":"type-product","3":"status-publish","4":"has-post-thumbnail","6":"product_cat-alarmne-centrale","7":"product_cat-paradox","9":"first","10":"instock","11":"taxable","12":"shipping-taxable","13":"purchasable","14":"product-type-simple","15":"czr-hentry"},"_links":{"self":[{"href":"https:\/\/www.tada.si\/en\/wp-json\/wp\/v2\/product\/7719","targetHints":{"allow":["GET"]}}],"collection":[{"href":"https:\/\/www.tada.si\/en\/wp-json\/wp\/v2\/product"}],"about":[{"href":"https:\/\/www.tada.si\/en\/wp-json\/wp\/v2\/types\/product"}],"replies":[{"embeddable":true,"href":"https:\/\/www.tada.si\/en\/wp-json\/wp\/v2\/comments?post=7719"}],"wp:featuredmedia":[{"embeddable":true,"href":"https:\/\/www.tada.si\/en\/wp-json\/wp\/v2\/media\/8844"}],"wp:attachment":[{"href":"https:\/\/www.tada.si\/en\/wp-json\/wp\/v2\/media?parent=7719"}],"wp:term":[{"taxonomy":"product_brand","embeddable":true,"href":"https:\/\/www.tada.si\/en\/wp-json\/wp\/v2\/product_brand?post=7719"},{"taxonomy":"product_cat","embeddable":true,"href":"https:\/\/www.tada.si\/en\/wp-json\/wp\/v2\/product_cat?post=7719"},{"taxonomy":"product_tag","embeddable":true,"href":"https:\/\/www.tada.si\/en\/wp-json\/wp\/v2\/product_tag?post=7719"}],"curies":[{"name":"wp","href":"https:\/\/api.w.org\/{rel}","templated":true}]}}