{"id":7721,"date":"2023-05-16T12:15:18","date_gmt":"2023-05-16T10:15:18","guid":{"rendered":"https:\/\/www.tada.si\/?post_type=product&#038;p=7721"},"modified":"2023-05-16T12:18:33","modified_gmt":"2023-05-16T10:18:33","slug":"par-mg5075-v-ohisju-75w","status":"publish","type":"product","link":"https:\/\/www.tada.si\/en\/trgovina\/alarmni-in-video-nadzor\/paradox\/alarmne-centrale\/par-mg5075-v-ohisju-75w\/","title":{"rendered":"PAR MG5075 V OHI\u0160JU 75W"},"content":{"rendered":"<p>Hibridna alarmna centrala v ohi\u0161ju z vgrajenim prikazovalnikom stanja in napajalnikom izhoda 2,5A (75W), 5-32 \u017ei\u010dnih ali brez\u017ei\u010dnih con &#8211; vgrajen brez\u017ei\u010dni sprejemo- oddajnik RTX3 &#8211; 2 way komunikacija (433 ali 868 MHz), 2 particije, 32 uporabni\u0161kih \u0161ifer, 16 PGM izhodov (4 na centrali), mo\u017enost priklju\u010ditve do 15 tipkovnic (8 brez\u017ei\u010dnih), buffer 512 dogodkov, omogo\u010da priklju\u010ditev do 15x HD78F\/HD88 kamer s senzorjem (FSK sistem).<\/p>","protected":false},"excerpt":{"rendered":"<p>Hibridna alarmna centrala v ohi\u0161ju z vgrajenim prikazovalnikom stanja in napajalnikom izhoda 2,5A (75W), 5-32 \u017ei\u010dnih ali brez\u017ei\u010dnih con &#8211; vgrajen brez\u017ei\u010dni sprejemo- oddajnik RTX3 &#8211; 2 way komunikacija (433 ali 868 MHz), 2 particije, 32 uporabni\u0161kih \u0161ifer, 16 PGM izhodov (4 na centrali), mo\u017enost priklju\u010ditve do 15 tipkovnic (8 brez\u017ei\u010dnih), buffer 512 dogodkov, omogo\u010da [&hellip;]<\/p>\n","protected":false},"featured_media":7722,"comment_status":"open","ping_status":"closed","template":"","meta":{"inline_featured_image":false},"product_brand":[],"product_cat":[102],"product_tag":[],"class_list":{"0":"post-7721","1":"product","2":"type-product","3":"status-publish","4":"has-post-thumbnail","6":"product_cat-alarmne-centrale","8":"first","9":"instock","10":"taxable","11":"shipping-taxable","12":"purchasable","13":"product-type-simple","14":"czr-hentry"},"_links":{"self":[{"href":"https:\/\/www.tada.si\/en\/wp-json\/wp\/v2\/product\/7721","targetHints":{"allow":["GET"]}}],"collection":[{"href":"https:\/\/www.tada.si\/en\/wp-json\/wp\/v2\/product"}],"about":[{"href":"https:\/\/www.tada.si\/en\/wp-json\/wp\/v2\/types\/product"}],"replies":[{"embeddable":true,"href":"https:\/\/www.tada.si\/en\/wp-json\/wp\/v2\/comments?post=7721"}],"wp:featuredmedia":[{"embeddable":true,"href":"https:\/\/www.tada.si\/en\/wp-json\/wp\/v2\/media\/7722"}],"wp:attachment":[{"href":"https:\/\/www.tada.si\/en\/wp-json\/wp\/v2\/media?parent=7721"}],"wp:term":[{"taxonomy":"product_brand","embeddable":true,"href":"https:\/\/www.tada.si\/en\/wp-json\/wp\/v2\/product_brand?post=7721"},{"taxonomy":"product_cat","embeddable":true,"href":"https:\/\/www.tada.si\/en\/wp-json\/wp\/v2\/product_cat?post=7721"},{"taxonomy":"product_tag","embeddable":true,"href":"https:\/\/www.tada.si\/en\/wp-json\/wp\/v2\/product_tag?post=7721"}],"curies":[{"name":"wp","href":"https:\/\/api.w.org\/{rel}","templated":true}]}}