{"id":7731,"date":"2023-05-18T12:14:06","date_gmt":"2023-05-18T10:14:06","guid":{"rendered":"https:\/\/www.tada.si\/?post_type=product&#038;p=7731"},"modified":"2026-03-06T15:02:31","modified_gmt":"2026-03-06T13:02:31","slug":"par-rem15-433-mhz","status":"publish","type":"product","link":"https:\/\/www.tada.si\/en\/trgovina\/alarmni-in-video-nadzor\/paradox\/daljinski-upravljalniki\/par-rem15-433-mhz\/","title":{"rendered":"PAR REM15 433 MHz"},"content":{"rendered":"<p>Brez\u017ei\u010dni daljinski upravljalnik kompatibilen z Paradox brez\u017ei\u010dnimi moduli in centralami na 433 MHz &#8211; 1 way komunikacija<\/p>","protected":false},"excerpt":{"rendered":"<p>Brez\u017ei\u010dni daljinski upravljalnik kompatibilen z Paradox brez\u017ei\u010dnimi moduli in centralami na 433 MHz &#8211; 1 way komunikacija<\/p>","protected":false},"featured_media":6830,"comment_status":"open","ping_status":"closed","template":"","meta":{"inline_featured_image":false},"product_brand":[],"product_cat":[109,88,116],"product_tag":[],"class_list":{"0":"post-7731","1":"product","2":"type-product","3":"status-publish","4":"has-post-thumbnail","6":"product_cat-daljinski-upravljalniki","7":"product_cat-paradox","8":"product_cat-pribor-in-oprema","10":"first","11":"instock","12":"taxable","13":"shipping-taxable","14":"purchasable","15":"product-type-simple","16":"czr-hentry"},"_links":{"self":[{"href":"https:\/\/www.tada.si\/en\/wp-json\/wp\/v2\/product\/7731","targetHints":{"allow":["GET"]}}],"collection":[{"href":"https:\/\/www.tada.si\/en\/wp-json\/wp\/v2\/product"}],"about":[{"href":"https:\/\/www.tada.si\/en\/wp-json\/wp\/v2\/types\/product"}],"replies":[{"embeddable":true,"href":"https:\/\/www.tada.si\/en\/wp-json\/wp\/v2\/comments?post=7731"}],"wp:featuredmedia":[{"embeddable":true,"href":"https:\/\/www.tada.si\/en\/wp-json\/wp\/v2\/media\/6830"}],"wp:attachment":[{"href":"https:\/\/www.tada.si\/en\/wp-json\/wp\/v2\/media?parent=7731"}],"wp:term":[{"taxonomy":"product_brand","embeddable":true,"href":"https:\/\/www.tada.si\/en\/wp-json\/wp\/v2\/product_brand?post=7731"},{"taxonomy":"product_cat","embeddable":true,"href":"https:\/\/www.tada.si\/en\/wp-json\/wp\/v2\/product_cat?post=7731"},{"taxonomy":"product_tag","embeddable":true,"href":"https:\/\/www.tada.si\/en\/wp-json\/wp\/v2\/product_tag?post=7731"}],"curies":[{"name":"wp","href":"https:\/\/api.w.org\/{rel}","templated":true}]}}