{"id":7733,"date":"2023-05-19T12:26:36","date_gmt":"2023-05-19T10:26:36","guid":{"rendered":"https:\/\/www.tada.si\/?post_type=product&#038;p=7733"},"modified":"2026-03-11T14:07:00","modified_gmt":"2026-03-11T12:07:00","slug":"par-rtx3-433-mhz","status":"publish","type":"product","link":"https:\/\/www.tada.si\/en\/trgovina\/alarmni-in-video-nadzor\/paradox\/razsiritveni-moduli\/par-rtx3-433-mhz\/","title":{"rendered":"Paradox raz\u0161iritveni modul RTX3 433 MHz"},"content":{"rendered":"<h3 data-start=\"200\" data-end=\"519\"><a href=\"https:\/\/www.paradox.com\/Downloader\/?ID=7352\" target=\"_blank\" rel=\"noopener\"><strong data-start=\"200\" data-end=\"224\">Paradox raz\u0161iritveni modul RTX3 433 MHz<\/strong><\/a><\/h3>\n<p data-start=\"200\" data-end=\"519\">Zmogljiv brez\u017ei\u010dni vmesnik, namenjen raz\u0161iritvi varnostnih sistemov Paradox z brez\u017ei\u010dnimi napravami. Omogo\u010da povezavo brez\u017ei\u010dnih senzorjev, daljinskih upravljalnikov ter drugih oddajnikov in tako bistveno pove\u010da prilagodljivost in zmogljivost alarmnega sistema.<\/p>\n<p data-start=\"525\" data-end=\"779\">Podpira do <strong data-start=\"542\" data-end=\"576\">32 brez\u017ei\u010dnih naslovljivih con<\/strong> ter omogo\u010da povezavo velikega \u0161tevila oddajnikov Magellan. Zdru\u017eljiv je z <strong data-start=\"651\" data-end=\"695\">EVO in Spectra SP serijo central<\/strong>, zato je odli\u010dna re\u0161itev za nadgradnjo obstoje\u010dih sistemov brez dodatnega o\u017ei\u010denja.<\/p>\n<p data-start=\"781\" data-end=\"1062\">RTX3 omogo\u010da tudi uporabo <strong data-start=\"807\" data-end=\"833\">brez\u017ei\u010dnih PGM izhodov<\/strong> za upravljanje razli\u010dnih avtomatizacijskih funkcij. Na voljo so <strong data-start=\"898\" data-end=\"918\">trije PGM izhodi<\/strong>, od katerih sta dva tranzistorska (150 mA), tretji pa relejni izhod <strong data-start=\"987\" data-end=\"1011\">Form C (5A \/ 28 VDC)<\/strong>. Po potrebi je mogo\u010de dodati \u0161e dodatni PGM izhod.<\/p>\n<p data-start=\"1064\" data-end=\"1482\">Novej\u0161a razli\u010dica <strong data-start=\"1089\" data-end=\"1102\">RTX3 V5.3<\/strong> omogo\u010da tudi podporo za <strong data-start=\"1127\" data-end=\"1170\">brez\u017ei\u010dne sirene SR130 in SR150<\/strong>, ki jih je mogo\u010de povezati prek vmesnikaRTX3 z EVO centralami. Sirene je mogo\u010de konfigurirati preko programske opreme <strong data-start=\"1288\" data-end=\"1320\">BabyWare (v2.30 ali novej\u0161e)<\/strong> ali neposredno preko tipkovnice sistema. Vsaki sireni je mogo\u010de dodeliti particijo sistema, pri \u010demer lahko deluje v eni particiji ali v vseh particijah sistema.<\/p>\n<p data-start=\"1484\" data-end=\"1782\">Za stabilno delovanje sistem vklju\u010duje napredne diagnosti\u010dne funkcije, kot so <strong data-start=\"1562\" data-end=\"1687\">prikaz jakosti signala oddajnikov, test ravni \u0161uma, nadzor RF motenja (jamming), nadzor stanja baterije in tamper za\u0161\u010dita<\/strong>. Programsko opremo je mogo\u010de nadgraditi neposredno na terenu preko <strong data-start=\"1762\" data-end=\"1781\">307USB vmesnika<\/strong>.<\/p>\n<p data-start=\"1784\" data-end=\"2007\">Je idealna re\u0161itev za raz\u0161iritev ali nadgradnjo varnostnega sistema z brez\u017ei\u010dnimi napravami, pri \u010demer zagotavlja visoko zanesljivost, stabilno komunikacijo in enostavno integracijo v obstoje\u010de sisteme.<\/p>","protected":false},"excerpt":{"rendered":"<p>Vmesnik za brez\u017ei\u010dno raz\u0161iritev za Spectro i Digiplex EVO alarmne centrale &#8211; deluje na frekvenci 433 MHz<\/p>\n<p>Oglejte si \u0161e <a href=\"https:\/\/www.tada.si\/en\/product-category\/alarmni-in-video-nadzor\/paradox\/razsiritveni-moduli\/\">ostalo ponudbo raz\u0161iritvenih modulov Paradox na na\u0161i spletni strani.<\/a><\/p>\n<p>&nbsp;<\/p>","protected":false},"featured_media":11077,"comment_status":"open","ping_status":"closed","template":"","meta":{"inline_featured_image":false},"product_brand":[],"product_cat":[103],"product_tag":[],"class_list":{"0":"post-7733","1":"product","2":"type-product","3":"status-publish","4":"has-post-thumbnail","6":"product_cat-razsiritveni-moduli","8":"first","9":"instock","10":"taxable","11":"shipping-taxable","12":"purchasable","13":"product-type-simple","14":"czr-hentry"},"_links":{"self":[{"href":"https:\/\/www.tada.si\/en\/wp-json\/wp\/v2\/product\/7733","targetHints":{"allow":["GET"]}}],"collection":[{"href":"https:\/\/www.tada.si\/en\/wp-json\/wp\/v2\/product"}],"about":[{"href":"https:\/\/www.tada.si\/en\/wp-json\/wp\/v2\/types\/product"}],"replies":[{"embeddable":true,"href":"https:\/\/www.tada.si\/en\/wp-json\/wp\/v2\/comments?post=7733"}],"wp:featuredmedia":[{"embeddable":true,"href":"https:\/\/www.tada.si\/en\/wp-json\/wp\/v2\/media\/11077"}],"wp:attachment":[{"href":"https:\/\/www.tada.si\/en\/wp-json\/wp\/v2\/media?parent=7733"}],"wp:term":[{"taxonomy":"product_brand","embeddable":true,"href":"https:\/\/www.tada.si\/en\/wp-json\/wp\/v2\/product_brand?post=7733"},{"taxonomy":"product_cat","embeddable":true,"href":"https:\/\/www.tada.si\/en\/wp-json\/wp\/v2\/product_cat?post=7733"},{"taxonomy":"product_tag","embeddable":true,"href":"https:\/\/www.tada.si\/en\/wp-json\/wp\/v2\/product_tag?post=7733"}],"curies":[{"name":"wp","href":"https:\/\/api.w.org\/{rel}","templated":true}]}}