{"id":7738,"date":"2023-05-22T10:51:29","date_gmt":"2023-05-22T08:51:29","guid":{"rendered":"https:\/\/www.tada.si\/?post_type=product&#038;p=7738"},"modified":"2025-10-10T09:09:49","modified_gmt":"2025-10-10T07:09:49","slug":"par-ccm1","status":"publish","type":"product","link":"https:\/\/www.tada.si\/en\/trgovina\/alarmni-in-video-nadzor\/paradox\/pribor-in-oprema\/par-ccm1\/","title":{"rendered":"PAR CCM1"},"content":{"rendered":"<p>Kabel &#8211; povezava, ki omogo\u010da direktno priklju\u010ditev serijskega izhoda modula IP150 na PCS250, PCS250G ali PCS265xx (naprimer izvedba BACK UP komunikacije), dol\u017eine cca. 110cm. (Nova oznaka za PAR COMCABLE).<\/p>","protected":false},"excerpt":{"rendered":"<p>Kabel &#8211; povezava, ki omogo\u010da direktno priklju\u010ditev serijskega izhoda modula IP150 na PCS250, PCS250G ali PCS265xx (naprimer izvedba BACK UP komunikacije), dol\u017eine cca. 110cm. (Nova oznaka za PAR COMCABLE).<\/p>","protected":false},"featured_media":7739,"comment_status":"open","ping_status":"closed","template":"","meta":{"inline_featured_image":false},"product_brand":[],"product_cat":[88,116],"product_tag":[],"class_list":{"0":"post-7738","1":"product","2":"type-product","3":"status-publish","4":"has-post-thumbnail","6":"product_cat-paradox","7":"product_cat-pribor-in-oprema","9":"first","10":"instock","11":"taxable","12":"shipping-taxable","13":"purchasable","14":"product-type-simple","15":"czr-hentry"},"_links":{"self":[{"href":"https:\/\/www.tada.si\/en\/wp-json\/wp\/v2\/product\/7738","targetHints":{"allow":["GET"]}}],"collection":[{"href":"https:\/\/www.tada.si\/en\/wp-json\/wp\/v2\/product"}],"about":[{"href":"https:\/\/www.tada.si\/en\/wp-json\/wp\/v2\/types\/product"}],"replies":[{"embeddable":true,"href":"https:\/\/www.tada.si\/en\/wp-json\/wp\/v2\/comments?post=7738"}],"wp:featuredmedia":[{"embeddable":true,"href":"https:\/\/www.tada.si\/en\/wp-json\/wp\/v2\/media\/7739"}],"wp:attachment":[{"href":"https:\/\/www.tada.si\/en\/wp-json\/wp\/v2\/media?parent=7738"}],"wp:term":[{"taxonomy":"product_brand","embeddable":true,"href":"https:\/\/www.tada.si\/en\/wp-json\/wp\/v2\/product_brand?post=7738"},{"taxonomy":"product_cat","embeddable":true,"href":"https:\/\/www.tada.si\/en\/wp-json\/wp\/v2\/product_cat?post=7738"},{"taxonomy":"product_tag","embeddable":true,"href":"https:\/\/www.tada.si\/en\/wp-json\/wp\/v2\/product_tag?post=7738"}],"curies":[{"name":"wp","href":"https:\/\/api.w.org\/{rel}","templated":true}]}}