{"id":7744,"date":"2023-05-22T11:33:39","date_gmt":"2023-05-22T09:33:39","guid":{"rendered":"https:\/\/www.tada.si\/?post_type=product&#038;p=7744"},"modified":"2026-03-11T09:36:20","modified_gmt":"2026-03-11T07:36:20","slug":"paradox-digitalni-detektor-gibanja-dm70","status":"publish","type":"product","link":"https:\/\/www.tada.si\/en\/trgovina\/alarmni-in-video-nadzor\/paradox\/detektorji-senzorji-paradox\/paradox-digitalni-detektor-gibanja-dm70\/","title":{"rendered":"Paradox digitalni detektor gibanja DM70"},"content":{"rendered":"<h3 data-start=\"330\" data-end=\"816\"><a href=\"https:\/\/www.paradox.com\/Downloader\/?ID=9620\" target=\"_blank\" rel=\"noopener\">Paradox digitalni detektor gibanja DM70\u2013 z za\u0161\u010dito pred zaznavanjem hi\u0161nih ljubljen\u010dkov<\/a><\/h3>\n<p>Zasnovan za zanesljivo notranjo za\u0161\u010dito stanovanjskih in poslovnih prostorov. Opremljen je z dvema dvojnima PIR elementoma, ki zagotavljata natan\u010dno zaznavanje gibanja, hkrati pa so posebej zasnovani, da ne reagirajo na hi\u0161ne ljubljen\u010dke do te\u017ee 40 kg. Napredna digitalna obdelava signala (DSP) in Digital Shield algoritmi prepre\u010dujejo la\u017ene alarme, tudi v zahtevnih okoljih z elektromagnetnimi ali radijskimi motnjami.<\/p>\n<p data-start=\"818\" data-end=\"1132\">Enostaven za integracijo z <strong data-start=\"857\" data-end=\"893\">EVO alarmnimi centralami<\/strong>, kjer omogo\u010da adresabilno povezavo preko BUS linije. Naprava signalizira gibanje in ne-gibanje z LED diodami, ima za\u0161\u010dito pred odstranitvijo (tamper) in omogo\u010da nastavljivo ob\u010dutljivost, kar omogo\u010da optimalno prilagoditev vsaki prostor.<\/p>\n<p data-start=\"1134\" data-end=\"1465\">Pokriva obmo\u010dje do 12 metrov z vidnim kotom 110\u00b0 in je idealen za monta\u017eo na vi\u0161ini 2,1 metra. Napaja se z 9\u201316 VDC, poraba je 16 mA (maks. 25 mA), deluje v \u0161irokem temperaturnem obmo\u010dju od -20\u00b0C do +50\u00b0C in je popolnoma primeren za notranjo uporabo, kjer je potrebna visoka zanesljivost in minimalno \u0161tevilo la\u017enih alarmov.<\/p>\n<hr data-start=\"1467\" data-end=\"1470\" \/>\n<p data-start=\"1472\" data-end=\"1501\"><strong data-start=\"1472\" data-end=\"1499\">Klju\u010dne lastnosti DM70:<\/strong><\/p>\n<ul>\n<li data-start=\"1504\" data-end=\"1567\">Neob\u010dutljiv na hi\u0161ne ljubljen\u010dke do 40 kg<\/li>\n<li data-start=\"1504\" data-end=\"1567\">Pokritost: 12 m, kot: 110<\/li>\n<li data-start=\"1504\" data-end=\"1567\">Digitalna obdelava signala (DSP) in Digital Shield algoritmi<\/li>\n<li data-start=\"1504\" data-end=\"1567\">LED signalizacija gibanja in ne-gibanja<\/li>\n<li data-start=\"1504\" data-end=\"1567\">Nastavljiva ob\u010dutljivost<\/li>\n<li data-start=\"1504\" data-end=\"1567\">Alarmni izhod preko BUS linije<\/li>\n<li data-start=\"1504\" data-end=\"1567\">Za\u0161\u010dita pred odstranitvijo (tamper)<\/li>\n<li data-start=\"1504\" data-end=\"1567\">Monta\u017ena vi\u0161ina: 2,1 m<\/li>\n<li data-start=\"1504\" data-end=\"1567\">Napajanje: 9\u201316 VDC, poraba 16 mA (maks. 25 mA)<\/li>\n<li data-start=\"1504\" data-end=\"1567\">Delovanje: -20\u00b0C do +50\u00b0C<\/li>\n<li data-start=\"1504\" data-end=\"1567\">Priporo\u010den nosilec: PAR SB469<\/li>\n<\/ul>","protected":false},"excerpt":{"rendered":"<p>Adresabilni digitalni detektor gibanja z dvema dvojnima PIR elementoma neob\u010dutljiv na hi\u0161ne ljubljan\u010dke te\u017ee do 40 kg za EVO alarmne centrale.<br \/>\nPokrivanje 11&#215;11 m, 90\u00b0<\/p>\n<p>Oslejte si \u0161e<a href=\"https:\/\/www.tada.si\/en\/product-category\/alarmni-sistemi\/paradox\/\"> ostalo Paradox ponudbo na na\u0161i spletni strani.<\/a><\/p>\n<p>&nbsp;<\/p>","protected":false},"featured_media":10515,"comment_status":"open","ping_status":"closed","template":"","meta":{"inline_featured_image":false},"product_brand":[],"product_cat":[72,104,88],"product_tag":[],"class_list":{"0":"post-7744","1":"product","2":"type-product","3":"status-publish","4":"has-post-thumbnail","6":"product_cat-alarmni-in-video-nadzor","7":"product_cat-detektorji-senzorji-paradox","8":"product_cat-paradox","10":"first","11":"instock","12":"taxable","13":"shipping-taxable","14":"purchasable","15":"product-type-simple","16":"czr-hentry"},"_links":{"self":[{"href":"https:\/\/www.tada.si\/en\/wp-json\/wp\/v2\/product\/7744","targetHints":{"allow":["GET"]}}],"collection":[{"href":"https:\/\/www.tada.si\/en\/wp-json\/wp\/v2\/product"}],"about":[{"href":"https:\/\/www.tada.si\/en\/wp-json\/wp\/v2\/types\/product"}],"replies":[{"embeddable":true,"href":"https:\/\/www.tada.si\/en\/wp-json\/wp\/v2\/comments?post=7744"}],"wp:featuredmedia":[{"embeddable":true,"href":"https:\/\/www.tada.si\/en\/wp-json\/wp\/v2\/media\/10515"}],"wp:attachment":[{"href":"https:\/\/www.tada.si\/en\/wp-json\/wp\/v2\/media?parent=7744"}],"wp:term":[{"taxonomy":"product_brand","embeddable":true,"href":"https:\/\/www.tada.si\/en\/wp-json\/wp\/v2\/product_brand?post=7744"},{"taxonomy":"product_cat","embeddable":true,"href":"https:\/\/www.tada.si\/en\/wp-json\/wp\/v2\/product_cat?post=7744"},{"taxonomy":"product_tag","embeddable":true,"href":"https:\/\/www.tada.si\/en\/wp-json\/wp\/v2\/product_tag?post=7744"}],"curies":[{"name":"wp","href":"https:\/\/api.w.org\/{rel}","templated":true}]}}