{"id":7745,"date":"2023-05-22T11:49:58","date_gmt":"2023-05-22T09:49:58","guid":{"rendered":"https:\/\/www.tada.si\/?post_type=product&#038;p=7745"},"modified":"2026-03-06T15:02:30","modified_gmt":"2026-03-06T13:02:30","slug":"paradox-modul-ps45","status":"publish","type":"product","link":"https:\/\/www.tada.si\/en\/trgovina\/alarmni-in-video-nadzor\/paradox\/razsiritveni-moduli\/paradox-modul-ps45\/","title":{"rendered":"Paradox modul PS45"},"content":{"rendered":"<p>Nadzorovani modul dodatnega napajanja 4,5A (75W) preko BUS vodila za centrale EVO192, EVOHD vseh verzij in MG5000, MG5050, SP5500, SP6000, SP7000 v6.80 in vi\u0161je. Namenjen za priklju\u010ditev do 10 senzorjev s kamerami Paradox HD ali za napajanje poljubnih 13,8Vdc naprav. Vhodna napetost 100do 240Vac, izhodna 15Vdc, prilagodljivo polnjenje akumulatorja 500mA do 1500mA, delovna temperatura -20 to +50 \u00b0C, dimenzije 25.4 x 27.3 x 8.9 cm,.V ohi\u0161ju (prostor za AKU 7Ah) s konektorji, transformatorjem in sabota\u017enim stikalom. Mo\u017enost priklju\u010ditve dodatnega AKU do 20Ah. Lahko deluje kot samostojni napajalnik. GRADE 2<\/p>","protected":false},"excerpt":{"rendered":"<p>Nadzorovani modul dodatnega napajanja 4,5A (75W) preko BUS vodila za centrale EVO192, EVOHD vseh verzij in MG5000, MG5050, SP5500, SP6000, SP7000 v6.80 in vi\u0161je. Namenjen za priklju\u010ditev do 10 senzorjev s kamerami Paradox HD ali za napajanje poljubnih 13,8Vdc naprav. Vhodna napetost 100do 240Vac, izhodna 15Vdc, prilagodljivo polnjenje akumulatorja 500mA do 1500mA, delovna temperatura -20 [&hellip;]<\/p>\n","protected":false},"featured_media":6826,"comment_status":"open","ping_status":"closed","template":"","meta":{"inline_featured_image":false},"product_brand":[],"product_cat":[88,103],"product_tag":[],"class_list":{"0":"post-7745","1":"product","2":"type-product","3":"status-publish","4":"has-post-thumbnail","6":"product_cat-paradox","7":"product_cat-razsiritveni-moduli","9":"first","10":"instock","11":"taxable","12":"shipping-taxable","13":"purchasable","14":"product-type-simple","15":"czr-hentry"},"_links":{"self":[{"href":"https:\/\/www.tada.si\/en\/wp-json\/wp\/v2\/product\/7745","targetHints":{"allow":["GET"]}}],"collection":[{"href":"https:\/\/www.tada.si\/en\/wp-json\/wp\/v2\/product"}],"about":[{"href":"https:\/\/www.tada.si\/en\/wp-json\/wp\/v2\/types\/product"}],"replies":[{"embeddable":true,"href":"https:\/\/www.tada.si\/en\/wp-json\/wp\/v2\/comments?post=7745"}],"wp:featuredmedia":[{"embeddable":true,"href":"https:\/\/www.tada.si\/en\/wp-json\/wp\/v2\/media\/6826"}],"wp:attachment":[{"href":"https:\/\/www.tada.si\/en\/wp-json\/wp\/v2\/media?parent=7745"}],"wp:term":[{"taxonomy":"product_brand","embeddable":true,"href":"https:\/\/www.tada.si\/en\/wp-json\/wp\/v2\/product_brand?post=7745"},{"taxonomy":"product_cat","embeddable":true,"href":"https:\/\/www.tada.si\/en\/wp-json\/wp\/v2\/product_cat?post=7745"},{"taxonomy":"product_tag","embeddable":true,"href":"https:\/\/www.tada.si\/en\/wp-json\/wp\/v2\/product_tag?post=7745"}],"curies":[{"name":"wp","href":"https:\/\/api.w.org\/{rel}","templated":true}]}}