{"id":7748,"date":"2023-05-22T12:21:12","date_gmt":"2023-05-22T10:21:12","guid":{"rendered":"https:\/\/www.tada.si\/?post_type=product&#038;p=7748"},"modified":"2026-03-06T15:02:30","modified_gmt":"2026-03-06T13:02:30","slug":"par-r915","status":"publish","type":"product","link":"https:\/\/www.tada.si\/en\/trgovina\/alarmni-in-video-nadzor\/paradox\/pribor-in-oprema\/par-r915\/","title":{"rendered":"Paradox \u010ditalec R915"},"content":{"rendered":"<p>4-\u017ei\u010dni brezkontaktni \u010ditalec kartic z vgrajeno tipkovnico za PAR ACM12 modul kontrole pristopa (Paradox EVO). Domet do 10 cm, vodoodporen, za zunanjo in notranjo monta\u017eo.<\/p>","protected":false},"excerpt":{"rendered":"<p>4-\u017ei\u010dni brezkontaktni \u010ditalec kartic z vgrajeno tipkovnico za PAR ACM12 modul kontrole pristopa (Paradox EVO). Domet do 10 cm, vodoodporen, za zunanjo in notranjo monta\u017eo.<\/p>","protected":false},"featured_media":6828,"comment_status":"open","ping_status":"closed","template":"","meta":{"inline_featured_image":false},"product_brand":[],"product_cat":[88,116],"product_tag":[],"class_list":{"0":"post-7748","1":"product","2":"type-product","3":"status-publish","4":"has-post-thumbnail","6":"product_cat-paradox","7":"product_cat-pribor-in-oprema","9":"first","10":"instock","11":"taxable","12":"shipping-taxable","13":"purchasable","14":"product-type-simple","15":"czr-hentry"},"_links":{"self":[{"href":"https:\/\/www.tada.si\/en\/wp-json\/wp\/v2\/product\/7748","targetHints":{"allow":["GET"]}}],"collection":[{"href":"https:\/\/www.tada.si\/en\/wp-json\/wp\/v2\/product"}],"about":[{"href":"https:\/\/www.tada.si\/en\/wp-json\/wp\/v2\/types\/product"}],"replies":[{"embeddable":true,"href":"https:\/\/www.tada.si\/en\/wp-json\/wp\/v2\/comments?post=7748"}],"wp:featuredmedia":[{"embeddable":true,"href":"https:\/\/www.tada.si\/en\/wp-json\/wp\/v2\/media\/6828"}],"wp:attachment":[{"href":"https:\/\/www.tada.si\/en\/wp-json\/wp\/v2\/media?parent=7748"}],"wp:term":[{"taxonomy":"product_brand","embeddable":true,"href":"https:\/\/www.tada.si\/en\/wp-json\/wp\/v2\/product_brand?post=7748"},{"taxonomy":"product_cat","embeddable":true,"href":"https:\/\/www.tada.si\/en\/wp-json\/wp\/v2\/product_cat?post=7748"},{"taxonomy":"product_tag","embeddable":true,"href":"https:\/\/www.tada.si\/en\/wp-json\/wp\/v2\/product_tag?post=7748"}],"curies":[{"name":"wp","href":"https:\/\/api.w.org\/{rel}","templated":true}]}}