{"id":7753,"date":"2023-05-22T12:40:21","date_gmt":"2023-05-22T10:40:21","guid":{"rendered":"https:\/\/www.tada.si\/?post_type=product&#038;p=7753"},"modified":"2026-03-06T15:02:30","modified_gmt":"2026-03-06T13:02:30","slug":"par-c702","status":"publish","type":"product","link":"https:\/\/www.tada.si\/en\/trgovina\/alarmni-in-video-nadzor\/paradox\/pribor-in-oprema\/par-c702\/","title":{"rendered":"Padox brezkontaktna kartica C702"},"content":{"rendered":"<h4 data-start=\"460\" data-end=\"482\">Glavne prednosti:<\/h4>\n<ul data-start=\"483\" data-end=\"656\">\n<li data-start=\"483\" data-end=\"539\">\n<p data-start=\"485\" data-end=\"539\">Brezkontaktna kartica za Paradox Proximity \u010ditalnike<\/p>\n<\/li>\n<li data-start=\"540\" data-end=\"570\">\n<p data-start=\"542\" data-end=\"570\">Enostavna in hitra uporaba<\/p>\n<\/li>\n<li data-start=\"571\" data-end=\"599\">\n<p data-start=\"573\" data-end=\"599\">Zanesljiv nadzor dostopa<\/p>\n<\/li>\n<li data-start=\"600\" data-end=\"656\">\n<p data-start=\"602\" data-end=\"656\">Kompatibilna z obstoje\u010dimi Paradox proximity sistemi<\/p>\n<\/li>\n<\/ul>\n<h4 data-start=\"658\" data-end=\"677\">Namen uporabe:<\/h4>\n<ul data-start=\"678\" data-end=\"884\">\n<li data-start=\"678\" data-end=\"746\">\n<p data-start=\"680\" data-end=\"746\">Za <strong data-start=\"683\" data-end=\"706\">upravljanje dostopa<\/strong> v poslovnih in stanovanjskih objektih<\/p>\n<\/li>\n<li data-start=\"747\" data-end=\"793\">\n<p data-start=\"749\" data-end=\"793\">Za integracijo s Paradox proximity sistemi<\/p>\n<\/li>\n<li data-start=\"794\" data-end=\"884\">\n<p data-start=\"796\" data-end=\"884\">Za profesionalne in\u0161talacije, kjer je potrebna <strong data-start=\"843\" data-end=\"882\">prakti\u010dna in varna kontrola dostopa<\/strong><\/p>\n<\/li>\n<\/ul>\n<p data-start=\"886\" data-end=\"1002\"><strong data-start=\"889\" data-end=\"905\">Paradox C702<\/strong> je idealna izbira za u\u010dinkovito, hitro in zanesljivo upravljanje dostopa z brezsti\u010dno kartico.<\/p>","protected":false},"excerpt":{"rendered":"<p data-start=\"134\" data-end=\"319\"><strong data-start=\"134\" data-end=\"150\">Paradox C702<\/strong> je <strong data-start=\"154\" data-end=\"179\">brezkontaktna kartica<\/strong> za uporabo z <strong data-start=\"193\" data-end=\"224\">Paradox Proximity \u010ditalniki<\/strong>.<\/p>\n<p data-start=\"134\" data-end=\"319\">Omogo\u010da enostaven in varen dostop do objektov, brez potrebe po fizi\u010dnem stiku s \u010ditalnikom.<\/p>\n<p data-start=\"321\" data-end=\"453\">Kartica je zdru\u017eljiva s Paradox proximity sistemi in zagotavlja hitro, zanesljivo in prakti\u010dno re\u0161itev za <strong data-start=\"427\" data-end=\"450\">upravljanje dostopa<\/strong>.<\/p>","protected":false},"featured_media":6804,"comment_status":"open","ping_status":"closed","template":"","meta":{"inline_featured_image":false},"product_brand":[],"product_cat":[88,116],"product_tag":[],"class_list":{"0":"post-7753","1":"product","2":"type-product","3":"status-publish","4":"has-post-thumbnail","6":"product_cat-paradox","7":"product_cat-pribor-in-oprema","9":"first","10":"instock","11":"taxable","12":"shipping-taxable","13":"purchasable","14":"product-type-simple","15":"czr-hentry"},"_links":{"self":[{"href":"https:\/\/www.tada.si\/en\/wp-json\/wp\/v2\/product\/7753","targetHints":{"allow":["GET"]}}],"collection":[{"href":"https:\/\/www.tada.si\/en\/wp-json\/wp\/v2\/product"}],"about":[{"href":"https:\/\/www.tada.si\/en\/wp-json\/wp\/v2\/types\/product"}],"replies":[{"embeddable":true,"href":"https:\/\/www.tada.si\/en\/wp-json\/wp\/v2\/comments?post=7753"}],"wp:featuredmedia":[{"embeddable":true,"href":"https:\/\/www.tada.si\/en\/wp-json\/wp\/v2\/media\/6804"}],"wp:attachment":[{"href":"https:\/\/www.tada.si\/en\/wp-json\/wp\/v2\/media?parent=7753"}],"wp:term":[{"taxonomy":"product_brand","embeddable":true,"href":"https:\/\/www.tada.si\/en\/wp-json\/wp\/v2\/product_brand?post=7753"},{"taxonomy":"product_cat","embeddable":true,"href":"https:\/\/www.tada.si\/en\/wp-json\/wp\/v2\/product_cat?post=7753"},{"taxonomy":"product_tag","embeddable":true,"href":"https:\/\/www.tada.si\/en\/wp-json\/wp\/v2\/product_tag?post=7753"}],"curies":[{"name":"wp","href":"https:\/\/api.w.org\/{rel}","templated":true}]}}