{"id":7765,"date":"2023-05-23T09:55:55","date_gmt":"2023-05-23T07:55:55","guid":{"rendered":"https:\/\/www.tada.si\/?post_type=product&#038;p=7765"},"modified":"2026-03-23T02:08:41","modified_gmt":"2026-03-23T00:08:41","slug":"par-476pet","status":"publish","type":"product","link":"https:\/\/www.tada.si\/en\/trgovina\/alarmni-in-video-nadzor\/paradox\/detektorji-senzorji-paradox\/par-476pet\/","title":{"rendered":"Paradox analogni PIR senzor gibanja 476PET"},"content":{"rendered":"<h4 data-start=\"734\" data-end=\"756\">Glavne prednosti:<\/h4>\n<ul data-start=\"757\" data-end=\"1019\">\n<li data-start=\"757\" data-end=\"788\">\n<p data-start=\"759\" data-end=\"788\">Analogni PIR senzor gibanja<\/p>\n<\/li>\n<li data-start=\"789\" data-end=\"840\">\n<p data-start=\"791\" data-end=\"840\"><strong data-start=\"791\" data-end=\"805\">Pet immune<\/strong> \u2013 neob\u010dutljiv na \u017eivali do 18 kg<\/p>\n<\/li>\n<li data-start=\"841\" data-end=\"881\">\n<p data-start=\"843\" data-end=\"881\">Avtomatska temperaturna kompenzacija<\/p>\n<\/li>\n<li data-start=\"882\" data-end=\"917\">\n<p data-start=\"884\" data-end=\"917\">Pokrivanje: 11 \u00d7 11 m, kot 110\u00b0<\/p>\n<\/li>\n<li data-start=\"918\" data-end=\"949\">\n<p data-start=\"920\" data-end=\"949\">Delovanje: -10 \u00b0C do +50 \u00b0C<\/p>\n<\/li>\n<li data-start=\"950\" data-end=\"980\">\n<p data-start=\"952\" data-end=\"980\"><strong data-start=\"952\" data-end=\"978\">Protisabota\u017ena za\u0161\u010dita<\/strong><\/p>\n<\/li>\n<li data-start=\"981\" data-end=\"1019\">\n<p data-start=\"983\" data-end=\"1019\">Zdru\u017eljiv z <strong data-start=\"995\" data-end=\"1017\">nosilcem PAR SB469<\/strong><\/p>\n<\/li>\n<\/ul>\n<h4 data-start=\"1021\" data-end=\"1040\">Namen uporabe:<\/h4>\n<ul data-start=\"1041\" data-end=\"1236\">\n<li data-start=\"1041\" data-end=\"1115\">\n<p data-start=\"1043\" data-end=\"1115\">Za notranjo za\u0161\u010dito stanovanjskih, poslovnih in industrijskih objektov<\/p>\n<\/li>\n<li data-start=\"1116\" data-end=\"1152\">\n<p data-start=\"1118\" data-end=\"1152\">Za varovanje prostorov z \u017eivalmi<\/p>\n<\/li>\n<li data-start=\"1153\" data-end=\"1236\">\n<p data-start=\"1155\" data-end=\"1236\">Za profesionalne in\u0161talacije, kjer je potrebna <strong data-start=\"1202\" data-end=\"1234\">zanesljiva detekcija gibanja<\/strong><\/p>\n<\/li>\n<\/ul>\n<p data-start=\"1238\" data-end=\"1373\"><strong data-start=\"1241\" data-end=\"1259\">Paradox 476PET<\/strong> je idealna izbira za u\u010dinkovito, zanesljivo in profesionalno za\u0161\u010dito prostorov, kjer so prisotne manj\u0161e \u017eivali.<\/p>","protected":false},"excerpt":{"rendered":"<p data-start=\"146\" data-end=\"487\"><strong data-start=\"146\" data-end=\"164\">Paradox 476PET<\/strong> je <strong data-start=\"168\" data-end=\"199\">analogni PIR senzor gibanja<\/strong>, zasnovan za natan\u010dno zaznavanje gibanja v notranjih prostorih.<\/p>\n<p data-start=\"146\" data-end=\"487\">Naprava je <strong data-start=\"275\" data-end=\"317\">imuna na gibanje malih \u017eivali do 18 kg<\/strong>, kar zmanj\u0161uje la\u017ene spro\u017eitve alarma.<\/p>\n<p data-start=\"146\" data-end=\"487\">Senzor vklju\u010duje <strong data-start=\"374\" data-end=\"414\">avtomatsko temperaturno kompenzacijo<\/strong>, ki zagotavlja zanesljivo delovanje v razli\u010dnih temperaturnih pogojih.<\/p>\n<p data-start=\"489\" data-end=\"727\">Detektor pokriva obmo\u010dje <strong data-start=\"514\" data-end=\"527\">11 \u00d7 11 m<\/strong> s kotom <strong data-start=\"536\" data-end=\"544\">110\u00b0<\/strong>, deluje v temperaturnem razponu od <strong data-start=\"580\" data-end=\"600\">-10 \u00b0C do +50 \u00b0C<\/strong> in je opremljen s <strong data-start=\"619\" data-end=\"645\">protisabota\u017eno za\u0161\u010dito<\/strong> za dodatno varnost.<\/p>\n<p data-start=\"489\" data-end=\"727\">Za optimalno monta\u017eo je zdru\u017eljiv z <strong data-start=\"702\" data-end=\"724\">nosilcem PAR SB469<\/strong>.<\/p>","protected":false},"featured_media":7766,"comment_status":"open","ping_status":"closed","template":"","meta":{"inline_featured_image":false},"product_brand":[],"product_cat":[72,104,88],"product_tag":[],"class_list":{"0":"post-7765","1":"product","2":"type-product","3":"status-publish","4":"has-post-thumbnail","6":"product_cat-alarmni-in-video-nadzor","7":"product_cat-detektorji-senzorji-paradox","8":"product_cat-paradox","10":"first","11":"instock","12":"taxable","13":"shipping-taxable","14":"purchasable","15":"product-type-simple","16":"czr-hentry"},"_links":{"self":[{"href":"https:\/\/www.tada.si\/en\/wp-json\/wp\/v2\/product\/7765","targetHints":{"allow":["GET"]}}],"collection":[{"href":"https:\/\/www.tada.si\/en\/wp-json\/wp\/v2\/product"}],"about":[{"href":"https:\/\/www.tada.si\/en\/wp-json\/wp\/v2\/types\/product"}],"replies":[{"embeddable":true,"href":"https:\/\/www.tada.si\/en\/wp-json\/wp\/v2\/comments?post=7765"}],"wp:featuredmedia":[{"embeddable":true,"href":"https:\/\/www.tada.si\/en\/wp-json\/wp\/v2\/media\/7766"}],"wp:attachment":[{"href":"https:\/\/www.tada.si\/en\/wp-json\/wp\/v2\/media?parent=7765"}],"wp:term":[{"taxonomy":"product_brand","embeddable":true,"href":"https:\/\/www.tada.si\/en\/wp-json\/wp\/v2\/product_brand?post=7765"},{"taxonomy":"product_cat","embeddable":true,"href":"https:\/\/www.tada.si\/en\/wp-json\/wp\/v2\/product_cat?post=7765"},{"taxonomy":"product_tag","embeddable":true,"href":"https:\/\/www.tada.si\/en\/wp-json\/wp\/v2\/product_tag?post=7765"}],"curies":[{"name":"wp","href":"https:\/\/api.w.org\/{rel}","templated":true}]}}