{"id":7767,"date":"2023-05-23T11:21:54","date_gmt":"2023-05-23T09:21:54","guid":{"rendered":"https:\/\/www.tada.si\/?post_type=product&#038;p=7767"},"modified":"2026-03-11T09:36:14","modified_gmt":"2026-03-11T07:36:14","slug":"par-dg65","status":"publish","type":"product","link":"https:\/\/www.tada.si\/en\/trgovina\/alarmni-in-video-nadzor\/paradox\/detektorji-senzorji-paradox\/par-dg65\/","title":{"rendered":"Paradox digitalni PIR detektor z fresnel le\u010do DG65"},"content":{"rendered":"<div class=\"text-14 mb-2\">\n<h4 data-start=\"646\" data-end=\"668\">Glavne prednosti:<\/h4>\n<ul data-start=\"669\" data-end=\"922\">\n<li data-start=\"669\" data-end=\"708\">\n<p data-start=\"671\" data-end=\"708\">Quad digitalni PIR detektor gibanja<\/p>\n<\/li>\n<li data-start=\"709\" data-end=\"756\">\n<p data-start=\"711\" data-end=\"756\">Fresnel le\u010da za natan\u010dno zaznavanje gibanja<\/p>\n<\/li>\n<li data-start=\"757\" data-end=\"796\">\n<p data-start=\"759\" data-end=\"796\">Pokrivanje: <strong data-start=\"771\" data-end=\"784\">12 \u00d7 12 m<\/strong>, kot 110\u00b0<\/p>\n<\/li>\n<li data-start=\"797\" data-end=\"829\">\n<p data-start=\"799\" data-end=\"829\">NC kontakt in tamper za\u0161\u010dita<\/p>\n<\/li>\n<li data-start=\"830\" data-end=\"868\">\n<p data-start=\"832\" data-end=\"868\">Zdru\u017eljiv z <strong data-start=\"844\" data-end=\"866\">nosilcem PAR SB469<\/strong><\/p>\n<\/li>\n<li data-start=\"869\" data-end=\"922\">\n<p data-start=\"871\" data-end=\"922\">Enostavna integracija v Paradox varnostne sisteme<\/p>\n<\/li>\n<\/ul>\n<h4 data-start=\"924\" data-end=\"943\">Namen uporabe:<\/h4>\n<ul data-start=\"944\" data-end=\"1143\">\n<li data-start=\"944\" data-end=\"990\">\n<p data-start=\"946\" data-end=\"990\">Za za\u0161\u010dito notranjih in zunanjih prostorov<\/p>\n<\/li>\n<li data-start=\"991\" data-end=\"1044\">\n<p data-start=\"993\" data-end=\"1044\">Za stanovanjske, poslovne in industrijske objekte<\/p>\n<\/li>\n<li data-start=\"1045\" data-end=\"1143\">\n<p data-start=\"1047\" data-end=\"1143\">Za profesionalne in\u0161talacije, kjer je potrebna <strong data-start=\"1094\" data-end=\"1141\">visoka natan\u010dnost in zanesljivost detekcije<\/strong><\/p>\n<\/li>\n<\/ul>\n<p data-start=\"1145\" data-end=\"1254\"><strong data-start=\"1148\" data-end=\"1164\">Paradox DG65<\/strong> je idealna re\u0161itev za u\u010dinkovito in varno zaznavanje gibanja znotraj ali zunaj objekta.<\/p>\n<\/div>","protected":false},"excerpt":{"rendered":"<p data-start=\"173\" data-end=\"467\"><strong data-start=\"173\" data-end=\"189\">Paradox DG65<\/strong> je <strong data-start=\"193\" data-end=\"232\">Quad digitalni PIR detektor gibanja<\/strong> z <strong data-start=\"235\" data-end=\"251\">Fresnel le\u010do<\/strong>, zasnovan za <strong data-start=\"265\" data-end=\"296\">notranjo in zunanjo monta\u017eo<\/strong>. Detektor zagotavlja natan\u010dno in zanesljivo zaznavanje gibanja na obmo\u010dju <strong data-start=\"371\" data-end=\"384\">12 \u00d7 12 m<\/strong> s kotom pokrivanja <strong data-start=\"404\" data-end=\"412\">110\u00b0<\/strong>, kar omogo\u010da \u0161iroko in u\u010dinkovito za\u0161\u010dito prostorov.<\/p>\n<p data-start=\"469\" data-end=\"639\">Detektor vklju\u010duje <strong data-start=\"488\" data-end=\"502\">NC kontakt<\/strong> in <strong data-start=\"506\" data-end=\"524\">tamper za\u0161\u010dito<\/strong> za dodatno varnost pred posegi ali odstranitvijo. Za optimalno namestitev je zdru\u017eljiv z <strong data-start=\"614\" data-end=\"636\">nosilcem PAR SB469<\/strong>.<\/p>","protected":false},"featured_media":7002,"comment_status":"open","ping_status":"closed","template":"","meta":{"inline_featured_image":false},"product_brand":[],"product_cat":[72,104,88],"product_tag":[],"class_list":{"0":"post-7767","1":"product","2":"type-product","3":"status-publish","4":"has-post-thumbnail","6":"product_cat-alarmni-in-video-nadzor","7":"product_cat-detektorji-senzorji-paradox","8":"product_cat-paradox","10":"first","11":"instock","12":"taxable","13":"shipping-taxable","14":"purchasable","15":"product-type-simple","16":"czr-hentry"},"_links":{"self":[{"href":"https:\/\/www.tada.si\/en\/wp-json\/wp\/v2\/product\/7767","targetHints":{"allow":["GET"]}}],"collection":[{"href":"https:\/\/www.tada.si\/en\/wp-json\/wp\/v2\/product"}],"about":[{"href":"https:\/\/www.tada.si\/en\/wp-json\/wp\/v2\/types\/product"}],"replies":[{"embeddable":true,"href":"https:\/\/www.tada.si\/en\/wp-json\/wp\/v2\/comments?post=7767"}],"wp:featuredmedia":[{"embeddable":true,"href":"https:\/\/www.tada.si\/en\/wp-json\/wp\/v2\/media\/7002"}],"wp:attachment":[{"href":"https:\/\/www.tada.si\/en\/wp-json\/wp\/v2\/media?parent=7767"}],"wp:term":[{"taxonomy":"product_brand","embeddable":true,"href":"https:\/\/www.tada.si\/en\/wp-json\/wp\/v2\/product_brand?post=7767"},{"taxonomy":"product_cat","embeddable":true,"href":"https:\/\/www.tada.si\/en\/wp-json\/wp\/v2\/product_cat?post=7767"},{"taxonomy":"product_tag","embeddable":true,"href":"https:\/\/www.tada.si\/en\/wp-json\/wp\/v2\/product_tag?post=7767"}],"curies":[{"name":"wp","href":"https:\/\/api.w.org\/{rel}","templated":true}]}}