{"id":7768,"date":"2023-05-23T11:52:22","date_gmt":"2023-05-23T09:52:22","guid":{"rendered":"https:\/\/www.tada.si\/?post_type=product&#038;p=7768"},"modified":"2026-03-06T15:02:29","modified_gmt":"2026-03-06T13:02:29","slug":"par-sb35","status":"publish","type":"product","link":"https:\/\/www.tada.si\/en\/trgovina\/alarmni-in-video-nadzor\/paradox\/pribor-in-oprema\/par-sb35\/","title":{"rendered":"Paradox zidni nosilec SB35"},"content":{"rendered":"<h4 data-start=\"545\" data-end=\"567\">Glavne prednosti:<\/h4>\n<ul data-start=\"568\" data-end=\"769\">\n<li data-start=\"568\" data-end=\"635\">\n<p data-start=\"570\" data-end=\"635\">Zidni nosilec z <strong data-start=\"586\" data-end=\"599\">90\u00b0 kotom<\/strong> za optimalno usmeritev detektorja<\/p>\n<\/li>\n<li data-start=\"636\" data-end=\"691\">\n<p data-start=\"638\" data-end=\"691\"><strong data-start=\"638\" data-end=\"659\">Sabota\u017eno stikalo<\/strong> za za\u0161\u010dito pred odstranitvijo<\/p>\n<\/li>\n<li data-start=\"692\" data-end=\"725\">\n<p data-start=\"694\" data-end=\"725\">Enostavna in stabilna monta\u017ea<\/p>\n<\/li>\n<li data-start=\"726\" data-end=\"769\">\n<p data-start=\"728\" data-end=\"769\">Primeren za notranjo in zunanjo uporabo<\/p>\n<\/li>\n<\/ul>\n<h4 data-start=\"771\" data-end=\"789\">Zdru\u017eljivost:<\/h4>\n<ul data-start=\"790\" data-end=\"845\">\n<li data-start=\"790\" data-end=\"807\">\n<p data-start=\"792\" data-end=\"807\"><strong data-start=\"792\" data-end=\"805\">PAR NV35M<\/strong><\/p>\n<\/li>\n<li data-start=\"808\" data-end=\"826\">\n<p data-start=\"810\" data-end=\"826\"><strong data-start=\"810\" data-end=\"824\">PAR NV35MR<\/strong><\/p>\n<\/li>\n<li data-start=\"827\" data-end=\"845\">\n<p data-start=\"829\" data-end=\"845\"><strong data-start=\"829\" data-end=\"843\">PAR NV35MX<\/strong><\/p>\n<\/li>\n<\/ul>\n<h4 data-start=\"847\" data-end=\"866\">Namen uporabe:<\/h4>\n<ul data-start=\"867\" data-end=\"1050\">\n<li data-start=\"867\" data-end=\"918\">\n<p data-start=\"869\" data-end=\"918\">Za <strong data-start=\"872\" data-end=\"916\">prilagoditev namestitve NV35 detektorjev<\/strong><\/p>\n<\/li>\n<li data-start=\"919\" data-end=\"968\">\n<p data-start=\"921\" data-end=\"968\">Za pove\u010danje varnosti z <strong data-start=\"945\" data-end=\"966\">sabota\u017eno za\u0161\u010dito<\/strong><\/p>\n<\/li>\n<li data-start=\"969\" data-end=\"1050\">\n<p data-start=\"971\" data-end=\"1050\">Za profesionalne in\u0161talacije, kjer je potrebna zanesljiva in stabilna monta\u017ea<\/p>\n<\/li>\n<\/ul>\n<p data-start=\"1052\" data-end=\"1149\"><strong data-start=\"1055\" data-end=\"1071\">Paradox SB35<\/strong> je idealna re\u0161itev za varno in fleksibilno monta\u017eo detektorjev serije NV35.<\/p>","protected":false},"excerpt":{"rendered":"<p data-start=\"138\" data-end=\"374\"><strong data-start=\"138\" data-end=\"154\">Paradox SB35<\/strong> je <strong data-start=\"158\" data-end=\"187\">zidni nosilec z 90\u00b0 kotom<\/strong>, namenjen za <strong data-start=\"201\" data-end=\"228\">NV35 serijo detektorjev<\/strong>.<\/p>\n<p data-start=\"138\" data-end=\"374\">Omogo\u010da prilagodljivo monta\u017eo detektorjev v notranjih in zunanjih prostorih, kar poenostavi namestitev in optimizira detekcijski kot senzorja.<\/p>\n<p data-start=\"376\" data-end=\"538\">Nosilec vklju\u010duje <strong data-start=\"394\" data-end=\"415\">sabota\u017eno stikalo<\/strong>, ki spro\u017ei alarm v primeru poskusa odstranitve ali odpiranja nosilca, kar zagotavlja dodatno za\u0161\u010dito in varnost sistema.<\/p>","protected":false},"featured_media":7769,"comment_status":"open","ping_status":"closed","template":"","meta":{"inline_featured_image":false},"product_brand":[],"product_cat":[88,116],"product_tag":[],"class_list":{"0":"post-7768","1":"product","2":"type-product","3":"status-publish","4":"has-post-thumbnail","6":"product_cat-paradox","7":"product_cat-pribor-in-oprema","9":"first","10":"instock","11":"taxable","12":"shipping-taxable","13":"purchasable","14":"product-type-simple","15":"czr-hentry"},"_links":{"self":[{"href":"https:\/\/www.tada.si\/en\/wp-json\/wp\/v2\/product\/7768","targetHints":{"allow":["GET"]}}],"collection":[{"href":"https:\/\/www.tada.si\/en\/wp-json\/wp\/v2\/product"}],"about":[{"href":"https:\/\/www.tada.si\/en\/wp-json\/wp\/v2\/types\/product"}],"replies":[{"embeddable":true,"href":"https:\/\/www.tada.si\/en\/wp-json\/wp\/v2\/comments?post=7768"}],"wp:featuredmedia":[{"embeddable":true,"href":"https:\/\/www.tada.si\/en\/wp-json\/wp\/v2\/media\/7769"}],"wp:attachment":[{"href":"https:\/\/www.tada.si\/en\/wp-json\/wp\/v2\/media?parent=7768"}],"wp:term":[{"taxonomy":"product_brand","embeddable":true,"href":"https:\/\/www.tada.si\/en\/wp-json\/wp\/v2\/product_brand?post=7768"},{"taxonomy":"product_cat","embeddable":true,"href":"https:\/\/www.tada.si\/en\/wp-json\/wp\/v2\/product_cat?post=7768"},{"taxonomy":"product_tag","embeddable":true,"href":"https:\/\/www.tada.si\/en\/wp-json\/wp\/v2\/product_tag?post=7768"}],"curies":[{"name":"wp","href":"https:\/\/api.w.org\/{rel}","templated":true}]}}