{"id":7770,"date":"2023-05-23T12:08:00","date_gmt":"2023-05-23T10:08:00","guid":{"rendered":"https:\/\/www.tada.si\/?post_type=product&#038;p=7770"},"modified":"2026-03-06T15:02:29","modified_gmt":"2026-03-06T13:02:29","slug":"par-cu-1","status":"publish","type":"product","link":"https:\/\/www.tada.si\/en\/trgovina\/alarmni-in-video-nadzor\/paradox\/pribor-in-oprema\/par-cu-1\/","title":{"rendered":"Paradox nadomestna le\u010da &#8211; zavesa CU-1"},"content":{"rendered":"<div class=\"text-14 mb-2\">\n<h4 data-start=\"587\" data-end=\"609\">Glavne prednosti:<\/h4>\n<ul data-start=\"610\" data-end=\"801\">\n<li data-start=\"610\" data-end=\"662\">\n<p data-start=\"612\" data-end=\"662\">Nadomestna le\u010da za <strong data-start=\"631\" data-end=\"660\">ve\u010d tipov PIR detektorjev<\/strong><\/p>\n<\/li>\n<li data-start=\"663\" data-end=\"715\">\n<p data-start=\"665\" data-end=\"715\">Funkcija <strong data-start=\"674\" data-end=\"684\">zavesa<\/strong> \u2013 za ozka podro\u010dja detekcije<\/p>\n<\/li>\n<li data-start=\"716\" data-end=\"737\">\n<p data-start=\"718\" data-end=\"737\">Domet do <strong data-start=\"727\" data-end=\"735\">13 m<\/strong><\/p>\n<\/li>\n<li data-start=\"738\" data-end=\"766\">\n<p data-start=\"740\" data-end=\"766\">Kot detekcije: <strong data-start=\"755\" data-end=\"764\">5,64\u00b0<\/strong><\/p>\n<\/li>\n<li data-start=\"767\" data-end=\"801\">\n<p data-start=\"769\" data-end=\"801\">Enostavna monta\u017ea in zamenjava<\/p>\n<\/li>\n<\/ul>\n<h4 data-start=\"803\" data-end=\"822\">Namen uporabe:<\/h4>\n<ul data-start=\"823\" data-end=\"1025\">\n<li data-start=\"823\" data-end=\"881\">\n<p data-start=\"825\" data-end=\"881\">Za natan\u010dno varovanje <strong data-start=\"847\" data-end=\"879\">oken, vrat in ozkih prehodov<\/strong><\/p>\n<\/li>\n<li data-start=\"882\" data-end=\"944\">\n<p data-start=\"884\" data-end=\"944\">Za prilagoditev dometa ali kota obstoje\u010dih PIR detektorjev<\/p>\n<\/li>\n<li data-start=\"945\" data-end=\"1025\">\n<p data-start=\"947\" data-end=\"1025\">Za profesionalne namestitve, kjer je potrebna <strong data-start=\"993\" data-end=\"1023\">precizna detekcija gibanja<\/strong><\/p>\n<\/li>\n<\/ul>\n<p data-start=\"1027\" data-end=\"1158\"><strong data-start=\"1030\" data-end=\"1046\">Paradox CU-1<\/strong> je idealna nadomestna le\u010da za vse, ki \u017eelijo <strong data-start=\"1092\" data-end=\"1155\">prilagoditi detekcijski kot in domet svojih PIR detektorjev<\/strong>.<\/p>\n<\/div>","protected":false},"excerpt":{"rendered":"<p data-start=\"134\" data-end=\"456\"><strong data-start=\"134\" data-end=\"150\">Paradox CU-1<\/strong> je <strong data-start=\"154\" data-end=\"187\">nadomestna le\u010da tipa \u201czavesa\u201d<\/strong>, namenjena za razli\u010dne <strong data-start=\"211\" data-end=\"237\">PIR detektorje gibanja<\/strong>, vklju\u010dno s <strong data-start=\"250\" data-end=\"300\">PAR 476, DG55, DG65, 525D, DM50, DM60 in PMD2P<\/strong>.<\/p>\n<p data-start=\"134\" data-end=\"456\">Le\u010da omogo\u010da <strong data-start=\"315\" data-end=\"353\">natan\u010dno zaznavanje ozkih podro\u010dij<\/strong>, kot so prehodi, okna ali vrata, in je idealna za prilagoditev dometa ali kot zaznavanja detektorja.<\/p>\n<p data-start=\"458\" data-end=\"580\">Le\u010da omogo\u010da detekcijo do <strong data-start=\"484\" data-end=\"492\">13 m<\/strong> z <strong data-start=\"495\" data-end=\"516\">ozkim kotom 5,64\u00b0<\/strong>, kar zagotavlja natan\u010dno in u\u010dinkovito za\u0161\u010dito ozkih obmo\u010dij.<\/p>","protected":false},"featured_media":7771,"comment_status":"open","ping_status":"closed","template":"","meta":{"inline_featured_image":false},"product_brand":[],"product_cat":[88,116],"product_tag":[],"class_list":{"0":"post-7770","1":"product","2":"type-product","3":"status-publish","4":"has-post-thumbnail","6":"product_cat-paradox","7":"product_cat-pribor-in-oprema","9":"first","10":"instock","11":"taxable","12":"shipping-taxable","13":"purchasable","14":"product-type-simple","15":"czr-hentry"},"_links":{"self":[{"href":"https:\/\/www.tada.si\/en\/wp-json\/wp\/v2\/product\/7770","targetHints":{"allow":["GET"]}}],"collection":[{"href":"https:\/\/www.tada.si\/en\/wp-json\/wp\/v2\/product"}],"about":[{"href":"https:\/\/www.tada.si\/en\/wp-json\/wp\/v2\/types\/product"}],"replies":[{"embeddable":true,"href":"https:\/\/www.tada.si\/en\/wp-json\/wp\/v2\/comments?post=7770"}],"wp:featuredmedia":[{"embeddable":true,"href":"https:\/\/www.tada.si\/en\/wp-json\/wp\/v2\/media\/7771"}],"wp:attachment":[{"href":"https:\/\/www.tada.si\/en\/wp-json\/wp\/v2\/media?parent=7770"}],"wp:term":[{"taxonomy":"product_brand","embeddable":true,"href":"https:\/\/www.tada.si\/en\/wp-json\/wp\/v2\/product_brand?post=7770"},{"taxonomy":"product_cat","embeddable":true,"href":"https:\/\/www.tada.si\/en\/wp-json\/wp\/v2\/product_cat?post=7770"},{"taxonomy":"product_tag","embeddable":true,"href":"https:\/\/www.tada.si\/en\/wp-json\/wp\/v2\/product_tag?post=7770"}],"curies":[{"name":"wp","href":"https:\/\/api.w.org\/{rel}","templated":true}]}}