{"id":7772,"date":"2023-05-23T12:27:06","date_gmt":"2023-05-23T10:27:06","guid":{"rendered":"https:\/\/www.tada.si\/?post_type=product&#038;p=7772"},"modified":"2026-03-06T15:02:29","modified_gmt":"2026-03-06T13:02:29","slug":"par-cu-4","status":"publish","type":"product","link":"https:\/\/www.tada.si\/en\/trgovina\/alarmni-in-video-nadzor\/paradox\/pribor-in-oprema\/par-cu-4\/","title":{"rendered":"Paradox nadomestna le\u010da &#8211; zavesa CU-4"},"content":{"rendered":"<h4 data-start=\"490\" data-end=\"512\">Glavne prednosti:<\/h4>\n<ul data-start=\"513\" data-end=\"696\">\n<li data-start=\"513\" data-end=\"557\">\n<p data-start=\"515\" data-end=\"557\">Nadomestna le\u010da za <strong data-start=\"534\" data-end=\"542\">DG85<\/strong> in <strong data-start=\"546\" data-end=\"555\">PMD85<\/strong><\/p>\n<\/li>\n<li data-start=\"558\" data-end=\"610\">\n<p data-start=\"560\" data-end=\"610\">Funkcija <strong data-start=\"569\" data-end=\"579\">zavesa<\/strong> \u2013 za ozka podro\u010dja detekcije<\/p>\n<\/li>\n<li data-start=\"611\" data-end=\"632\">\n<p data-start=\"613\" data-end=\"632\">Domet do <strong data-start=\"622\" data-end=\"630\">13 m<\/strong><\/p>\n<\/li>\n<li data-start=\"633\" data-end=\"661\">\n<p data-start=\"635\" data-end=\"661\">Kot detekcije: <strong data-start=\"650\" data-end=\"659\">5,64\u00b0<\/strong><\/p>\n<\/li>\n<li data-start=\"662\" data-end=\"696\">\n<p data-start=\"664\" data-end=\"696\">Enostavna monta\u017ea in zamenjava<\/p>\n<\/li>\n<\/ul>\n<h4 data-start=\"698\" data-end=\"717\">Namen uporabe:<\/h4>\n<ul data-start=\"718\" data-end=\"923\">\n<li data-start=\"718\" data-end=\"776\">\n<p data-start=\"720\" data-end=\"776\">Za natan\u010dno varovanje <strong data-start=\"742\" data-end=\"774\">oken, vrat in ozkih prehodov<\/strong><\/p>\n<\/li>\n<li data-start=\"777\" data-end=\"842\">\n<p data-start=\"779\" data-end=\"842\">Za podalj\u0161anje ali prilagoditev dometa obstoje\u010dih detektorjev<\/p>\n<\/li>\n<li data-start=\"843\" data-end=\"923\">\n<p data-start=\"845\" data-end=\"923\">Za profesionalne namestitve, kjer je potrebna <strong data-start=\"891\" data-end=\"921\">precizna detekcija gibanja<\/strong><\/p>\n<\/li>\n<\/ul>\n<p data-start=\"925\" data-end=\"1060\"><strong data-start=\"928\" data-end=\"944\">Paradox CU-4<\/strong> je idealna nadomestna le\u010da za vse, ki \u017eelijo <strong data-start=\"990\" data-end=\"1057\">prilagoditi detekcijski kot in domet detektorjev DG85 ali PMD85<\/strong>.<\/p>","protected":false},"excerpt":{"rendered":"<p data-start=\"141\" data-end=\"355\"><strong data-start=\"141\" data-end=\"157\">Paradox CU-4<\/strong> je <strong data-start=\"161\" data-end=\"194\">nadomestna le\u010da tipa \u201czavesa\u201d<\/strong> za <strong data-start=\"198\" data-end=\"223\">zunanji detektor DG85<\/strong> in <strong data-start=\"227\" data-end=\"236\">PMD85<\/strong>.<\/p>\n<p data-start=\"141\" data-end=\"355\">Omogo\u010da <strong data-start=\"246\" data-end=\"278\">natan\u010dno usmeritev detekcije<\/strong> na ozka podro\u010dja in je idealna za prilagoditev dometa ali kote zaznavanja.<\/p>\n<p data-start=\"357\" data-end=\"483\">Le\u010da omogo\u010da detekcijo do <strong data-start=\"383\" data-end=\"391\">13 m<\/strong> z <strong data-start=\"394\" data-end=\"415\">ozkim kotom 5,64\u00b0<\/strong>, kar zagotavlja u\u010dinkovito za\u0161\u010dito ozkih prehodov, oken ali vrat.<\/p>","protected":false},"featured_media":7773,"comment_status":"open","ping_status":"closed","template":"","meta":{"inline_featured_image":false},"product_brand":[],"product_cat":[88,116],"product_tag":[],"class_list":{"0":"post-7772","1":"product","2":"type-product","3":"status-publish","4":"has-post-thumbnail","6":"product_cat-paradox","7":"product_cat-pribor-in-oprema","9":"first","10":"instock","11":"taxable","12":"shipping-taxable","13":"purchasable","14":"product-type-simple","15":"czr-hentry"},"_links":{"self":[{"href":"https:\/\/www.tada.si\/en\/wp-json\/wp\/v2\/product\/7772","targetHints":{"allow":["GET"]}}],"collection":[{"href":"https:\/\/www.tada.si\/en\/wp-json\/wp\/v2\/product"}],"about":[{"href":"https:\/\/www.tada.si\/en\/wp-json\/wp\/v2\/types\/product"}],"replies":[{"embeddable":true,"href":"https:\/\/www.tada.si\/en\/wp-json\/wp\/v2\/comments?post=7772"}],"wp:featuredmedia":[{"embeddable":true,"href":"https:\/\/www.tada.si\/en\/wp-json\/wp\/v2\/media\/7773"}],"wp:attachment":[{"href":"https:\/\/www.tada.si\/en\/wp-json\/wp\/v2\/media?parent=7772"}],"wp:term":[{"taxonomy":"product_brand","embeddable":true,"href":"https:\/\/www.tada.si\/en\/wp-json\/wp\/v2\/product_brand?post=7772"},{"taxonomy":"product_cat","embeddable":true,"href":"https:\/\/www.tada.si\/en\/wp-json\/wp\/v2\/product_cat?post=7772"},{"taxonomy":"product_tag","embeddable":true,"href":"https:\/\/www.tada.si\/en\/wp-json\/wp\/v2\/product_tag?post=7772"}],"curies":[{"name":"wp","href":"https:\/\/api.w.org\/{rel}","templated":true}]}}