{"id":7779,"date":"2023-05-23T13:22:34","date_gmt":"2023-05-23T11:22:34","guid":{"rendered":"https:\/\/www.tada.si\/?post_type=product&#038;p=7779"},"modified":"2026-03-11T09:35:55","modified_gmt":"2026-03-11T07:35:55","slug":"paradox-digitalni-dvojni-detektor-gibanja-v37m","status":"publish","type":"product","link":"https:\/\/www.tada.si\/en\/trgovina\/alarmni-in-video-nadzor\/paradox\/detektorji-senzorji-paradox\/paradox-digitalni-dvojni-detektor-gibanja-v37m\/","title":{"rendered":"Paradox digitalni dvojni detektor gibanja NV37M"},"content":{"rendered":"<h3 data-start=\"119\" data-end=\"205\"><a href=\"https:\/\/paradox.ee\/en\/\" target=\"_blank\" rel=\"noopener\">Paradox digitalni dvojni detektor gibanja NV37M<\/a><\/h3>\n<div class=\"flex flex-col text-sm\">\n<article class=\"text-token-text-primary w-full focus:outline-none [--shadow-height:45px] has-data-writing-block:pointer-events-none has-data-writing-block:-mt-(--shadow-height) has-data-writing-block:pt-(--shadow-height) [&amp;:has([data-writing-block])&gt;*]:pointer-events-auto scroll-mt-[calc(var(--header-height)+min(200px,max(70px,20svh)))]\" dir=\"auto\" tabindex=\"-1\" data-turn-id=\"request-69904dae-f1e4-8333-a73e-1403c4203d44-49\" data-testid=\"conversation-turn-52\" data-scroll-anchor=\"true\" data-turn=\"assistant\">\n<div class=\"text-base my-auto mx-auto pb-10 [--thread-content-margin:--spacing(4)] @w-sm\/main:[--thread-content-margin:--spacing(6)] @w-lg\/main:[--thread-content-margin:--spacing(16)] px-(--thread-content-margin)\">\n<div class=\"[--thread-content-max-width:40rem] @w-lg\/main:[--thread-content-max-width:48rem] mx-auto max-w-(--thread-content-max-width) flex-1 group\/turn-messages focus-visible:outline-hidden relative flex w-full min-w-0 flex-col agent-turn\" tabindex=\"-1\">\n<div class=\"flex max-w-full flex-col grow\">\n<div class=\"min-h-8 text-message relative flex w-full flex-col items-end gap-2 text-start break-words whitespace-normal [.text-message+&amp;]:mt-1\" dir=\"auto\" data-message-author-role=\"assistant\" data-message-id=\"95c23dfe-362b-424f-bbfa-29de6fa3ac77\" data-message-model-slug=\"gpt-5-2\">\n<div class=\"flex w-full flex-col gap-1 empty:hidden first:pt-[1px]\">\n<div class=\"markdown prose dark:prose-invert w-full wrap-break-word light markdown-new-styling\">\n<p data-start=\"0\" data-end=\"244\" data-is-last-node=\"\" data-is-only-node=\"\">Digitalna dvojna zavesna enota z napredno IR anti-masking za\u0161\u010dito, namenjena za notranjo in zunanjo monta\u017eo. Zasnovana je posebej za za\u0161\u010dito oken, drsnih vrat in drugih linearnih odprtin, kjer je potrebna natan\u010dna in usmerjena zaznava premikov.<\/p>\n<\/div>\n<\/div>\n<\/div>\n<\/div>\n<div class=\"z-0 flex min-h-[46px] justify-start\">Omogo\u010da zanesljivo za\u0161\u010dito perimetra objekta z ozkim detekcijskim vzorcem (curtain), kar prepre\u010duje nepotrebno pokrivanje \u0161ir\u0161ih obmo\u010dij. Zaradi robustne zasnove in za\u0161\u010dite IP54 je primeren tudi za zahtevnej\u0161e okoljske pogoje.<\/div>\n<\/div>\n<\/div>\n<\/article>\n<\/div>\n<hr data-start=\"707\" data-end=\"710\" \/>\n<h2 data-start=\"712\" data-end=\"746\">Zanesljiva perimetri\u010dna za\u0161\u010dita<\/h2>\n<p data-start=\"748\" data-end=\"842\">NV37M uporablja digitalni dvojni PIR element z zavesno karakteristiko zaznavanja in vklju\u010duje:<\/p>\n<ul>\n<li data-start=\"846\" data-end=\"875\">Domet detekcije do 10 \u00d7 2 m<\/li>\n<li data-start=\"846\" data-end=\"875\">Ob vklju\u010deni PET Immunity funkciji do 7,5 \u00d7 2 m<\/li>\n<li data-start=\"846\" data-end=\"875\">Creep cono za zaznavanje gibanja neposredno pod napravo<\/li>\n<\/ul>\n<p data-start=\"989\" data-end=\"1111\">Ozka detekcijska linija omogo\u010da u\u010dinkovito za\u0161\u010dito tik ob oknih in vratih brez la\u017enih spro\u017eitev zaradi gibanja v prostoru.<\/p>\n<hr data-start=\"1113\" data-end=\"1116\" \/>\n<h2 data-start=\"1118\" data-end=\"1144\">IR Anti-Masking za\u0161\u010dita<\/h2>\n<p data-start=\"1146\" data-end=\"1352\">Vgrajena IR antimasking funkcija zaznava razpr\u0161ene teko\u010dine in predmete do razdalje 30 cm. Sistem spro\u017ei opozorilo ob poskusu prekrivanja ali oviranja senzorja, kar zagotavlja dodatno za\u0161\u010dito pred sabota\u017eo.<\/p>\n<p data-start=\"1354\" data-end=\"1381\">Dvojni tamper:<\/p>\n<ul data-start=\"1382\" data-end=\"1448\">\n<li data-start=\"1382\" data-end=\"1413\">\n<p data-start=\"1384\" data-end=\"1413\">za\u0161\u010dita ob odpiranju ohi\u0161ja<\/p>\n<\/li>\n<li data-start=\"1414\" data-end=\"1448\">\n<p data-start=\"1416\" data-end=\"1448\">za\u0161\u010dita ob odstranitvi s stene<\/p>\n<\/li>\n<\/ul>\n<hr data-start=\"1450\" data-end=\"1453\" \/>\n<h2 data-start=\"1455\" data-end=\"1479\">Pet Immunity do 50 cm<\/h2>\n<p data-start=\"1481\" data-end=\"1636\">NV37M je neob\u010dutljiv na hi\u0161ne ljubljen\u010dke do vi\u0161ine 50 cm, kar omogo\u010da uporabo v objektih, kjer se prosto gibljejo manj\u0161e \u017eivali, brez nepotrebnih alarmov.<\/p>\n<hr data-start=\"1638\" data-end=\"1641\" \/>\n<h2 data-start=\"1643\" data-end=\"1685\">Primeren za notranjo in zunanjo monta\u017eo<\/h2>\n<p data-start=\"1687\" data-end=\"1781\">Z za\u0161\u010dito IP54 in delovanjem v temperaturnem obmo\u010dju od -40 \u00b0C do +70 \u00b0C je NV37M primeren za:<\/p>\n<ul>\n<li data-start=\"1785\" data-end=\"1807\">stanovanjske objekte<\/li>\n<li data-start=\"1785\" data-end=\"1807\">poslovne prostore<\/li>\n<li data-start=\"1785\" data-end=\"1807\">industrijske objekte<\/li>\n<li data-start=\"1785\" data-end=\"1807\">za\u0161\u010dito oken in drsnih vrat<\/li>\n<\/ul>\n<p data-start=\"1888\" data-end=\"1960\">Na voljo je tudi opcijski 90\u00b0 nosilec PAR SB35 za prilagodljivo monta\u017eo.<\/p>\n<hr data-start=\"1962\" data-end=\"1965\" \/>\n<h2 data-start=\"1967\" data-end=\"1990\">Tehni\u010dne zna\u010dilnosti<\/h2>\n<ul>\n<li data-start=\"1992\" data-end=\"2065\">Tip detektorja: Digitalni dvojni zavesni PIR z IR anti-masking funkcijo<\/li>\n<li data-start=\"1992\" data-end=\"2065\">Tehnologija: Digitalni dvojni PIR + IR Anti-Masking<\/li>\n<li data-start=\"1992\" data-end=\"2065\">Domet detekcije: Do 10 \u00d7 2 m<\/li>\n<li data-start=\"1992\" data-end=\"2065\">Domet s PET Immunity: Do 7,5 \u00d7 2 m<\/li>\n<li data-start=\"1992\" data-end=\"2065\">Pet immunity: Do vi\u0161ine 50 cm<\/li>\n<li data-start=\"1992\" data-end=\"2065\">Creep cona: DaAnti-Masking detekcija: IR,<\/li>\n<li data-start=\"1992\" data-end=\"2065\">teko\u010din in predmetov do 30 cmIzhod: Relejski<\/li>\n<li data-start=\"1992\" data-end=\"2065\">Napajanje: 9\u201312 VDC<\/li>\n<li data-start=\"1992\" data-end=\"2065\">Poraba: Max. 19,2 mA<\/li>\n<li data-start=\"1992\" data-end=\"2065\">Za\u0161\u010dita: IP54<\/li>\n<li data-start=\"1992\" data-end=\"2065\">Delovna temperatura: -40 \u00b0C do +70 \u00b0C<\/li>\n<li data-start=\"1992\" data-end=\"2065\">Varnostni standard: EN50131-2-2 Grade 3<\/li>\n<li data-start=\"1992\" data-end=\"2065\">Tamper za\u0161\u010dita: Dvojni tamper (odpiranje + odstranitev od zida)<\/li>\n<\/ul>\n<p data-start=\"2549\" data-end=\"2583\">Opcijski nosilec: PAR SB35 (90\u00b0)<\/p>\n<hr data-start=\"2585\" data-end=\"2588\" \/>\n<h2 data-start=\"2590\" data-end=\"2606\">Namen uporabe<\/h2>\n<ul>\n<li data-start=\"2610\" data-end=\"2639\">Za\u0161\u010dita oken in drsnih vrat<\/li>\n<li data-start=\"2610\" data-end=\"2639\">Perimetri\u010dna za\u0161\u010dita objektov<\/li>\n<li data-start=\"2610\" data-end=\"2639\">Zunanji in notranji varnostni sistemi<\/li>\n<li data-start=\"2610\" data-end=\"2639\">Profesionalne instalacije z zahtevano Grade 3 za\u0161\u010dito<\/li>\n<\/ul>\n<p data-start=\"2775\" data-end=\"2955\">Idealna re\u0161itev za projekte, kjer je potrebna natan\u010dna linearna za\u0161\u010dita, visoka odpornost na poskuse sabotiranja in zanesljivo delovanje v vseh vremenskih pogojih.<\/p>\n","protected":false},"excerpt":{"rendered":"<p data-start=\"167\" data-end=\"484\">Digitalni zavesni PIR detektor z IR anti-masking za\u0161\u010dito, dometom do 10 \u00d7 2 m, pet immunity do 50 cm in Grade 3 certifikatom.<\/p>\n<p data-start=\"486\" data-end=\"784\">Oglejte si \u0161e<a href=\"https:\/\/www.tada.si\/en\/product-category\/alarmni-sistemi\/paradox\/\"> ostalo ponudbo Paradox izdelkov na na\u0161i spletni strani.<\/a><\/p>","protected":false},"featured_media":7780,"comment_status":"open","ping_status":"closed","template":"","meta":{"inline_featured_image":false},"product_brand":[],"product_cat":[72,104,88],"product_tag":[],"class_list":{"0":"post-7779","1":"product","2":"type-product","3":"status-publish","4":"has-post-thumbnail","6":"product_cat-alarmni-in-video-nadzor","7":"product_cat-detektorji-senzorji-paradox","8":"product_cat-paradox","10":"first","11":"instock","12":"taxable","13":"shipping-taxable","14":"purchasable","15":"product-type-simple","16":"czr-hentry"},"_links":{"self":[{"href":"https:\/\/www.tada.si\/en\/wp-json\/wp\/v2\/product\/7779","targetHints":{"allow":["GET"]}}],"collection":[{"href":"https:\/\/www.tada.si\/en\/wp-json\/wp\/v2\/product"}],"about":[{"href":"https:\/\/www.tada.si\/en\/wp-json\/wp\/v2\/types\/product"}],"replies":[{"embeddable":true,"href":"https:\/\/www.tada.si\/en\/wp-json\/wp\/v2\/comments?post=7779"}],"wp:featuredmedia":[{"embeddable":true,"href":"https:\/\/www.tada.si\/en\/wp-json\/wp\/v2\/media\/7780"}],"wp:attachment":[{"href":"https:\/\/www.tada.si\/en\/wp-json\/wp\/v2\/media?parent=7779"}],"wp:term":[{"taxonomy":"product_brand","embeddable":true,"href":"https:\/\/www.tada.si\/en\/wp-json\/wp\/v2\/product_brand?post=7779"},{"taxonomy":"product_cat","embeddable":true,"href":"https:\/\/www.tada.si\/en\/wp-json\/wp\/v2\/product_cat?post=7779"},{"taxonomy":"product_tag","embeddable":true,"href":"https:\/\/www.tada.si\/en\/wp-json\/wp\/v2\/product_tag?post=7779"}],"curies":[{"name":"wp","href":"https:\/\/api.w.org\/{rel}","templated":true}]}}