{"id":7781,"date":"2023-05-23T13:34:23","date_gmt":"2023-05-23T11:34:23","guid":{"rendered":"https:\/\/www.tada.si\/?post_type=product&#038;p=7781"},"modified":"2026-03-06T15:02:29","modified_gmt":"2026-03-06T13:02:29","slug":"par-sr230","status":"publish","type":"product","link":"https:\/\/www.tada.si\/en\/trgovina\/alarmni-in-video-nadzor\/paradox\/par-sr230\/","title":{"rendered":"Paradox brez\u017ei\u010dna zunanja sirena SR230"},"content":{"rendered":"<p data-start=\"144\" data-end=\"433\"><strong data-start=\"144\" data-end=\"157\">Paradox brez\u017ei\u010dna zunanja sirena SR230 z<\/strong>\u00a0dvosmerno komunikacijo, namenjena za <strong data-start=\"229\" data-end=\"267\">Paradox brez\u017ei\u010dne alarmne centrale<\/strong> in moduli za brez\u017ei\u010dno raz\u0161iritev na <strong data-start=\"305\" data-end=\"316\">868 MHz<\/strong>. Sirena je pripravljena za <strong data-start=\"344\" data-end=\"363\">zunanje monta\u017ee<\/strong> in vklju\u010duje vse potrebne <strong data-start=\"390\" data-end=\"402\">baterije<\/strong>, ki so prilo\u017eene v kompletu.<\/p>\n<p data-start=\"435\" data-end=\"670\">Zahvaljujo\u010d <strong data-start=\"447\" data-end=\"472\">dvojni tamper za\u0161\u010diti<\/strong> (pokrov in stena) je zagotovljena dodatna varnost pred posegi, lo\u010dena signalizacija pa omogo\u010da <strong data-start=\"568\" data-end=\"601\">razlo\u010devanje alarma in po\u017eara<\/strong>. Mo\u010dan <strong data-start=\"609\" data-end=\"630\">Piezo zvok 100 dB<\/strong> poskrbi za jasno in sli\u0161no opozorilo.<\/p>\n<h4 data-start=\"672\" data-end=\"694\">Glavne prednosti:<\/h4>\n<ul data-start=\"695\" data-end=\"1000\">\n<li data-start=\"695\" data-end=\"744\">\n<p data-start=\"697\" data-end=\"744\">Brez\u017ei\u010dna zunanja sirena za enostavno monta\u017eo<\/p>\n<\/li>\n<li data-start=\"745\" data-end=\"804\">\n<p data-start=\"747\" data-end=\"804\">Dvosmerna komunikacija s Paradox brez\u017ei\u010dnimi centralami<\/p>\n<\/li>\n<li data-start=\"805\" data-end=\"832\">\n<p data-start=\"807\" data-end=\"832\">Mo\u010dan 100 dB Piezo zvok<\/p>\n<\/li>\n<li data-start=\"833\" data-end=\"876\">\n<p data-start=\"835\" data-end=\"876\">Dvojna tamper za\u0161\u010dita (pokrov in stena)<\/p>\n<\/li>\n<li data-start=\"877\" data-end=\"919\">\n<p data-start=\"879\" data-end=\"919\">Lo\u010dena signalizacija za alarm in po\u017ear<\/p>\n<\/li>\n<li data-start=\"920\" data-end=\"952\">\n<p data-start=\"922\" data-end=\"952\">V kompletu baterije (gratis)<\/p>\n<\/li>\n<li data-start=\"953\" data-end=\"1000\">\n<p data-start=\"955\" data-end=\"1000\">Za\u0161\u010dita: IP54 \u2013 odporna na vremenske vplive<\/p>\n<\/li>\n<\/ul>\n<h4 data-start=\"1002\" data-end=\"1021\">Namen uporabe:<\/h4>\n<ul data-start=\"1022\" data-end=\"1176\">\n<li data-start=\"1022\" data-end=\"1072\">\n<p data-start=\"1024\" data-end=\"1072\">Za <strong data-start=\"1027\" data-end=\"1070\">zunanjo signalizacijo alarmnega sistema<\/strong><\/p>\n<\/li>\n<li data-start=\"1073\" data-end=\"1126\">\n<p data-start=\"1075\" data-end=\"1126\">Za stanovanjske, poslovne in industrijske objekte<\/p>\n<\/li>\n<li data-start=\"1127\" data-end=\"1176\">\n<p data-start=\"1129\" data-end=\"1176\">Kompatibilno s Paradox brez\u017ei\u010dnimi centralami<\/p>\n<\/li>\n<\/ul>\n<p data-start=\"1178\" data-end=\"1317\"><strong data-start=\"1181\" data-end=\"1194\">Paradox SR230<\/strong> je zanesljiva re\u0161itev za zunanjo za\u0161\u010dito, ki omogo\u010da varno, u\u010dinkovito in vidno opozarjanje v primeru alarma ali po\u017eara.<\/p>","protected":false},"excerpt":{"rendered":"<p>Brez\u017ei\u010dna zunanja sirena z dvosmerno komunikacijo s Paradox brez\u017ei\u010dnimi alarmnimi centralami in moduli za brez\u017ei\u010dno raz\u0161iritev na 868 MHz za zunanjo monta\u017eo.<\/p>\n<p>Baterije v kompletu (gratis) IP54, 100dB Piezo sirena dvojna tamper detekcija (pokrov, stena).<\/p>\n<p>Lo\u010dena signalizacija za alarm in po\u017ear.<\/p>\n<p>&nbsp;<\/p>","protected":false},"featured_media":6835,"comment_status":"open","ping_status":"closed","template":"","meta":{"inline_featured_image":false},"product_brand":[],"product_cat":[88,72,374],"product_tag":[],"class_list":{"0":"post-7781","1":"product","2":"type-product","3":"status-publish","4":"has-post-thumbnail","6":"product_cat-paradox","7":"product_cat-alarmni-in-video-nadzor","8":"product_cat-sirene","10":"first","11":"instock","12":"taxable","13":"shipping-taxable","14":"purchasable","15":"product-type-simple","16":"czr-hentry"},"_links":{"self":[{"href":"https:\/\/www.tada.si\/en\/wp-json\/wp\/v2\/product\/7781","targetHints":{"allow":["GET"]}}],"collection":[{"href":"https:\/\/www.tada.si\/en\/wp-json\/wp\/v2\/product"}],"about":[{"href":"https:\/\/www.tada.si\/en\/wp-json\/wp\/v2\/types\/product"}],"replies":[{"embeddable":true,"href":"https:\/\/www.tada.si\/en\/wp-json\/wp\/v2\/comments?post=7781"}],"wp:featuredmedia":[{"embeddable":true,"href":"https:\/\/www.tada.si\/en\/wp-json\/wp\/v2\/media\/6835"}],"wp:attachment":[{"href":"https:\/\/www.tada.si\/en\/wp-json\/wp\/v2\/media?parent=7781"}],"wp:term":[{"taxonomy":"product_brand","embeddable":true,"href":"https:\/\/www.tada.si\/en\/wp-json\/wp\/v2\/product_brand?post=7781"},{"taxonomy":"product_cat","embeddable":true,"href":"https:\/\/www.tada.si\/en\/wp-json\/wp\/v2\/product_cat?post=7781"},{"taxonomy":"product_tag","embeddable":true,"href":"https:\/\/www.tada.si\/en\/wp-json\/wp\/v2\/product_tag?post=7781"}],"curies":[{"name":"wp","href":"https:\/\/api.w.org\/{rel}","templated":true}]}}