{"id":7783,"date":"2023-05-23T13:41:45","date_gmt":"2023-05-23T11:41:45","guid":{"rendered":"https:\/\/www.tada.si\/?post_type=product&#038;p=7783"},"modified":"2026-03-06T15:02:29","modified_gmt":"2026-03-06T13:02:29","slug":"par-307usb","status":"publish","type":"product","link":"https:\/\/www.tada.si\/en\/trgovina\/alarmni-in-video-nadzor\/paradox\/pribor-in-oprema\/par-307usb\/","title":{"rendered":"Paradox serijski adapter 307USB"},"content":{"rendered":"<p data-start=\"129\" data-end=\"199\"><strong data-start=\"129\" data-end=\"199\">Serijski adapter za lokalno programiranje alarmnih central Paradox<\/strong><\/p>\n<p data-start=\"201\" data-end=\"418\">Serijski USB adapter, namenjen <strong data-start=\"232\" data-end=\"301\">lokalnemu programiranju in konfiguraciji alarmnih central Paradox<\/strong>. Omogo\u010da zanesljivo povezavo med ra\u010dunalnikom in alarmno centralo za nastavitev sistema, diagnostiko in vzdr\u017eevanje.<\/p>","protected":false},"excerpt":{"rendered":"<p>Serijski adapter za lokalno programiranje alarmnih central Paradox.<\/p>","protected":false},"featured_media":6797,"comment_status":"open","ping_status":"closed","template":"","meta":{"inline_featured_image":false},"product_brand":[],"product_cat":[88,116],"product_tag":[],"class_list":{"0":"post-7783","1":"product","2":"type-product","3":"status-publish","4":"has-post-thumbnail","6":"product_cat-paradox","7":"product_cat-pribor-in-oprema","9":"first","10":"instock","11":"taxable","12":"shipping-taxable","13":"purchasable","14":"product-type-simple","15":"czr-hentry"},"_links":{"self":[{"href":"https:\/\/www.tada.si\/en\/wp-json\/wp\/v2\/product\/7783","targetHints":{"allow":["GET"]}}],"collection":[{"href":"https:\/\/www.tada.si\/en\/wp-json\/wp\/v2\/product"}],"about":[{"href":"https:\/\/www.tada.si\/en\/wp-json\/wp\/v2\/types\/product"}],"replies":[{"embeddable":true,"href":"https:\/\/www.tada.si\/en\/wp-json\/wp\/v2\/comments?post=7783"}],"wp:featuredmedia":[{"embeddable":true,"href":"https:\/\/www.tada.si\/en\/wp-json\/wp\/v2\/media\/6797"}],"wp:attachment":[{"href":"https:\/\/www.tada.si\/en\/wp-json\/wp\/v2\/media?parent=7783"}],"wp:term":[{"taxonomy":"product_brand","embeddable":true,"href":"https:\/\/www.tada.si\/en\/wp-json\/wp\/v2\/product_brand?post=7783"},{"taxonomy":"product_cat","embeddable":true,"href":"https:\/\/www.tada.si\/en\/wp-json\/wp\/v2\/product_cat?post=7783"},{"taxonomy":"product_tag","embeddable":true,"href":"https:\/\/www.tada.si\/en\/wp-json\/wp\/v2\/product_tag?post=7783"}],"curies":[{"name":"wp","href":"https:\/\/api.w.org\/{rel}","templated":true}]}}