{"id":7784,"date":"2023-05-23T13:44:18","date_gmt":"2023-05-23T11:44:18","guid":{"rendered":"https:\/\/www.tada.si\/?post_type=product&#038;p=7784"},"modified":"2026-03-06T15:02:29","modified_gmt":"2026-03-06T13:02:29","slug":"par-newacc","status":"publish","type":"product","link":"https:\/\/www.tada.si\/en\/trgovina\/alarmni-in-video-nadzor\/paradox\/pribor-in-oprema\/par-newacc\/","title":{"rendered":"Paradox programska oprema NEware"},"content":{"rendered":"<p data-start=\"653\" data-end=\"842\"><strong data-start=\"653\" data-end=\"676\">PAR NEWACC (NEware)<\/strong> je uporabniku prijazna <strong data-start=\"700\" data-end=\"775\">programska oprema za nadzor protivlomnega sistema in pristopne kontrole<\/strong>, namenjena delovanju s centralami <strong data-start=\"810\" data-end=\"824\">PAR EVO192<\/strong> in <strong data-start=\"828\" data-end=\"841\">PAR EVOHD<\/strong>.<\/p>\n<p data-start=\"844\" data-end=\"1030\">Omogo\u010da enostaven pregled nad delovanjem sistema, upravljanje uporabnikov ter nadzor dostopov in dogodkov, kar kon\u010dnemu uporabniku zagotavlja ve\u010djo varnost in bolj\u0161i nadzor nad objektom.<\/p>\n<h4 data-start=\"1032\" data-end=\"1053\">Glavne funkcije:<\/h4>\n<ul data-start=\"1054\" data-end=\"1259\">\n<li data-start=\"1054\" data-end=\"1090\">\n<p data-start=\"1056\" data-end=\"1090\">nadzor <strong data-start=\"1063\" data-end=\"1088\">protivlomnega sistema<\/strong><\/p>\n<\/li>\n<li data-start=\"1091\" data-end=\"1129\">\n<p data-start=\"1093\" data-end=\"1129\">upravljanje <strong data-start=\"1105\" data-end=\"1127\">pristopne kontrole<\/strong><\/p>\n<\/li>\n<li data-start=\"1130\" data-end=\"1167\">\n<p data-start=\"1132\" data-end=\"1167\">pregled dogodkov in stanj sistema<\/p>\n<\/li>\n<li data-start=\"1168\" data-end=\"1213\">\n<p data-start=\"1170\" data-end=\"1213\">delo z uporabniki in dostopnimi pravicami<\/p>\n<\/li>\n<li data-start=\"1214\" data-end=\"1259\">\n<p data-start=\"1216\" data-end=\"1259\">grafi\u010dni in pregleden uporabni\u0161ki vmesnik<\/p>\n<\/li>\n<\/ul>\n<h4 data-start=\"1261\" data-end=\"1279\">Zdru\u017eljivost:<\/h4>\n<ul data-start=\"1280\" data-end=\"1312\">\n<li data-start=\"1280\" data-end=\"1296\">\n<p data-start=\"1282\" data-end=\"1296\"><strong data-start=\"1282\" data-end=\"1296\">PAR EVO192<\/strong><\/p>\n<\/li>\n<li data-start=\"1297\" data-end=\"1312\">\n<p data-start=\"1299\" data-end=\"1312\"><strong data-start=\"1299\" data-end=\"1312\">PAR EVOHD<\/strong><\/p>\n<\/li>\n<\/ul>\n<h4 data-start=\"1314\" data-end=\"1333\">Namen uporabe:<\/h4>\n<ul data-start=\"1334\" data-end=\"1444\">\n<li data-start=\"1334\" data-end=\"1360\">\n<p data-start=\"1336\" data-end=\"1360\">za <strong data-start=\"1339\" data-end=\"1360\">kon\u010dne uporabnike<\/strong><\/p>\n<\/li>\n<li data-start=\"1361\" data-end=\"1398\">\n<p data-start=\"1363\" data-end=\"1398\">za poslovne in stanovanjske objekte<\/p>\n<\/li>\n<li data-start=\"1399\" data-end=\"1444\">\n<p data-start=\"1401\" data-end=\"1444\">za lokalni nadzor sistema preko ra\u010dunalnika<\/p>\n<\/li>\n<\/ul>\n<p data-start=\"1446\" data-end=\"1573\"><strong data-start=\"1449\" data-end=\"1463\">PAR NEWACC<\/strong> je idealna re\u0161itev za uporabnike, ki \u017eelijo <strong data-start=\"1508\" data-end=\"1572\">pregleden, zanesljiv in enostaven nadzor varnostnega sistema<\/strong>.<\/p>","protected":false},"excerpt":{"rendered":"<p data-start=\"133\" data-end=\"400\">PAR NEWACC je programska oprema (NEware), namenjena kon\u010dnim uporabnikom za upravljanje in nadzor protivlomnega sistema ter pristopne kontrole.<\/p>\n<p data-start=\"133\" data-end=\"400\">Deluje s centralami PAR EVO192 in PAR EVOHD ter omogo\u010da pregledno, ra\u010dunalni\u0161ko upravljanje sistema.<\/p>\n<p data-start=\"402\" data-end=\"551\">Z uporabo programske opreme lahko uporabnik nadzira stanje sistema, uporabnike, dostope in dogodke, brez potrebe po neposrednem poseganju v centralo.<\/p>","protected":false},"featured_media":7785,"comment_status":"open","ping_status":"closed","template":"","meta":{"inline_featured_image":false},"product_brand":[],"product_cat":[88,116],"product_tag":[],"class_list":{"0":"post-7784","1":"product","2":"type-product","3":"status-publish","4":"has-post-thumbnail","6":"product_cat-paradox","7":"product_cat-pribor-in-oprema","9":"first","10":"instock","11":"taxable","12":"shipping-taxable","13":"purchasable","14":"product-type-simple","15":"czr-hentry"},"_links":{"self":[{"href":"https:\/\/www.tada.si\/en\/wp-json\/wp\/v2\/product\/7784","targetHints":{"allow":["GET"]}}],"collection":[{"href":"https:\/\/www.tada.si\/en\/wp-json\/wp\/v2\/product"}],"about":[{"href":"https:\/\/www.tada.si\/en\/wp-json\/wp\/v2\/types\/product"}],"replies":[{"embeddable":true,"href":"https:\/\/www.tada.si\/en\/wp-json\/wp\/v2\/comments?post=7784"}],"wp:featuredmedia":[{"embeddable":true,"href":"https:\/\/www.tada.si\/en\/wp-json\/wp\/v2\/media\/7785"}],"wp:attachment":[{"href":"https:\/\/www.tada.si\/en\/wp-json\/wp\/v2\/media?parent=7784"}],"wp:term":[{"taxonomy":"product_brand","embeddable":true,"href":"https:\/\/www.tada.si\/en\/wp-json\/wp\/v2\/product_brand?post=7784"},{"taxonomy":"product_cat","embeddable":true,"href":"https:\/\/www.tada.si\/en\/wp-json\/wp\/v2\/product_cat?post=7784"},{"taxonomy":"product_tag","embeddable":true,"href":"https:\/\/www.tada.si\/en\/wp-json\/wp\/v2\/product_tag?post=7784"}],"curies":[{"name":"wp","href":"https:\/\/api.w.org\/{rel}","templated":true}]}}