{"id":7846,"date":"2023-05-26T12:28:35","date_gmt":"2023-05-26T10:28:35","guid":{"rendered":"https:\/\/www.tada.si\/?post_type=product&#038;p=7846"},"modified":"2025-10-10T09:24:39","modified_gmt":"2025-10-10T07:24:39","slug":"comunello-kit-rampart-1000-belt-white","status":"publish","type":"product","link":"https:\/\/www.tada.si\/en\/trgovina\/avtomatizacija-doma\/avtomatska-vrata\/comunello-kit-rampart-1000-belt-white\/","title":{"rendered":"Comunello Kit RAMPART 1000 BELT WHITE"},"content":{"rendered":"<p>Komplet avtomatike za dvi\u017ena gara\u017ena vrata povr\u0161ine do 11m2. Komplet vsebuje: 1 motor Rampart 1000, 1x vodilo AC-410 jermenon, 2x daljinski upravljalnik KEEP 2 RC.2CH, AC-40 napisna plo\u0161\u010dica, komplet nosilca za monta\u017eo AC-470.<\/p>","protected":false},"excerpt":{"rendered":"<p>Komplet avtomatike za dvi\u017ena gara\u017ena vrata povr\u0161ine do 11m2. Komplet vsebuje: 1 motor Rampart 1000, 1x vodilo AC-410 jermenon, 2x daljinski upravljalnik KEEP 2 RC.2CH, AC-40 napisna plo\u0161\u010dica, komplet nosilca za monta\u017eo AC-470.<\/p>","protected":false},"featured_media":7830,"comment_status":"open","ping_status":"closed","template":"","meta":{"inline_featured_image":false},"product_brand":[],"product_cat":[233,234,235],"product_tag":[],"class_list":{"0":"post-7846","1":"product","2":"type-product","3":"status-publish","4":"has-post-thumbnail","6":"product_cat-avtomatizacija-doma","7":"product_cat-avtomatska-vrata","8":"product_cat-garazna-vrata","10":"first","11":"instock","12":"taxable","13":"shipping-taxable","14":"purchasable","15":"product-type-simple","16":"czr-hentry"},"_links":{"self":[{"href":"https:\/\/www.tada.si\/en\/wp-json\/wp\/v2\/product\/7846","targetHints":{"allow":["GET"]}}],"collection":[{"href":"https:\/\/www.tada.si\/en\/wp-json\/wp\/v2\/product"}],"about":[{"href":"https:\/\/www.tada.si\/en\/wp-json\/wp\/v2\/types\/product"}],"replies":[{"embeddable":true,"href":"https:\/\/www.tada.si\/en\/wp-json\/wp\/v2\/comments?post=7846"}],"wp:featuredmedia":[{"embeddable":true,"href":"https:\/\/www.tada.si\/en\/wp-json\/wp\/v2\/media\/7830"}],"wp:attachment":[{"href":"https:\/\/www.tada.si\/en\/wp-json\/wp\/v2\/media?parent=7846"}],"wp:term":[{"taxonomy":"product_brand","embeddable":true,"href":"https:\/\/www.tada.si\/en\/wp-json\/wp\/v2\/product_brand?post=7846"},{"taxonomy":"product_cat","embeddable":true,"href":"https:\/\/www.tada.si\/en\/wp-json\/wp\/v2\/product_cat?post=7846"},{"taxonomy":"product_tag","embeddable":true,"href":"https:\/\/www.tada.si\/en\/wp-json\/wp\/v2\/product_tag?post=7846"}],"curies":[{"name":"wp","href":"https:\/\/api.w.org\/{rel}","templated":true}]}}