{"id":7848,"date":"2023-05-26T13:03:24","date_gmt":"2023-05-26T11:03:24","guid":{"rendered":"https:\/\/www.tada.si\/?post_type=product&#038;p=7848"},"modified":"2023-05-26T13:03:25","modified_gmt":"2023-05-26T11:03:25","slug":"comunello-kit-abacus-300-24v-up-to-3m","status":"publish","type":"product","link":"https:\/\/www.tada.si\/en\/trgovina\/avtomatizacija-doma\/avtomatska-vrata\/comunello-kit-abacus-300-24v-up-to-3m\/","title":{"rendered":"Comunello Kit ABACUS 300\/24V &#8211; up to 3m"},"content":{"rendered":"<p>Vsebuje: 2 x motor 300\/500 kg, 1 x kontrolna omara, 2 x daljinski upravljalnik KEEP RC.2CH-\u010drna, 1 x par DART fotocelic, 1 x LED bliskavice rumene barve, dodatki za monta\u017eo. Predviden za dol\u017eino vratnih kril do 3 m in te\u017eo 300 kg.<\/p>","protected":false},"excerpt":{"rendered":"<p>Vsebuje: 2 x motor 300\/500 kg, 1 x kontrolna omara, 2 x daljinski upravljalnik KEEP RC.2CH-\u010drna, 1 x par DART fotocelic, 1 x LED bliskavice rumene barve, dodatki za monta\u017eo. Predviden za dol\u017eino vratnih kril do 3 m in te\u017eo 300 kg.<\/p>","protected":false},"featured_media":7810,"comment_status":"open","ping_status":"closed","template":"","meta":{"inline_featured_image":false},"product_brand":[],"product_cat":[233,234,236],"product_tag":[],"class_list":{"0":"post-7848","1":"product","2":"type-product","3":"status-publish","4":"has-post-thumbnail","6":"product_cat-avtomatizacija-doma","7":"product_cat-avtomatska-vrata","8":"product_cat-dvoriscna-krilna-in-drsna-vrata","10":"first","11":"instock","12":"taxable","13":"shipping-taxable","14":"purchasable","15":"product-type-simple","16":"czr-hentry"},"_links":{"self":[{"href":"https:\/\/www.tada.si\/en\/wp-json\/wp\/v2\/product\/7848","targetHints":{"allow":["GET"]}}],"collection":[{"href":"https:\/\/www.tada.si\/en\/wp-json\/wp\/v2\/product"}],"about":[{"href":"https:\/\/www.tada.si\/en\/wp-json\/wp\/v2\/types\/product"}],"replies":[{"embeddable":true,"href":"https:\/\/www.tada.si\/en\/wp-json\/wp\/v2\/comments?post=7848"}],"wp:featuredmedia":[{"embeddable":true,"href":"https:\/\/www.tada.si\/en\/wp-json\/wp\/v2\/media\/7810"}],"wp:attachment":[{"href":"https:\/\/www.tada.si\/en\/wp-json\/wp\/v2\/media?parent=7848"}],"wp:term":[{"taxonomy":"product_brand","embeddable":true,"href":"https:\/\/www.tada.si\/en\/wp-json\/wp\/v2\/product_brand?post=7848"},{"taxonomy":"product_cat","embeddable":true,"href":"https:\/\/www.tada.si\/en\/wp-json\/wp\/v2\/product_cat?post=7848"},{"taxonomy":"product_tag","embeddable":true,"href":"https:\/\/www.tada.si\/en\/wp-json\/wp\/v2\/product_tag?post=7848"}],"curies":[{"name":"wp","href":"https:\/\/api.w.org\/{rel}","templated":true}]}}