{"id":7857,"date":"2023-06-02T09:57:52","date_gmt":"2023-06-02T07:57:52","guid":{"rendered":"https:\/\/www.tada.si\/?post_type=product&#038;p=7857"},"modified":"2023-06-02T09:57:53","modified_gmt":"2023-06-02T07:57:53","slug":"comunello-kit-fort-1000-230v-hp","status":"publish","type":"product","link":"https:\/\/www.tada.si\/en\/trgovina\/avtomatizacija-doma\/avtomatska-vrata\/comunello-kit-fort-1000-230v-hp\/","title":{"rendered":"Comunello Kit FORT 1000\/230V HP"},"content":{"rendered":"<p>GKFT100EHB000A Komplet automatike za klizna vrata te\u017eine do 1.000kg. Komplet sadr\u017ei: 1x motor FT1000kg -230V-HP, 1x par DART foto\u0107elija, 2x daljinska upravlja\u010da VICTOR , 1x LED SWIFT bljeskalica \u017eute boje, postolje za u\u010dvr\u0161\u0107ivanje motora<\/p>","protected":false},"excerpt":{"rendered":"<p>GKFT100EHB000A Komplet automatike za klizna vrata te\u017eine do 1.000kg. Komplet sadr\u017ei: 1x motor FT1000kg -230V-HP, 1x par DART foto\u0107elija, 2x daljinska upravlja\u010da VICTOR , 1x LED SWIFT bljeskalica \u017eute boje, postolje za u\u010dvr\u0161\u0107ivanje motora<\/p>","protected":false},"featured_media":7819,"comment_status":"open","ping_status":"closed","template":"","meta":{"inline_featured_image":false},"product_brand":[],"product_cat":[233,234,236],"product_tag":[],"class_list":{"0":"post-7857","1":"product","2":"type-product","3":"status-publish","4":"has-post-thumbnail","6":"product_cat-avtomatizacija-doma","7":"product_cat-avtomatska-vrata","8":"product_cat-dvoriscna-krilna-in-drsna-vrata","10":"first","11":"instock","12":"taxable","13":"shipping-taxable","14":"purchasable","15":"product-type-simple","16":"czr-hentry"},"_links":{"self":[{"href":"https:\/\/www.tada.si\/en\/wp-json\/wp\/v2\/product\/7857","targetHints":{"allow":["GET"]}}],"collection":[{"href":"https:\/\/www.tada.si\/en\/wp-json\/wp\/v2\/product"}],"about":[{"href":"https:\/\/www.tada.si\/en\/wp-json\/wp\/v2\/types\/product"}],"replies":[{"embeddable":true,"href":"https:\/\/www.tada.si\/en\/wp-json\/wp\/v2\/comments?post=7857"}],"wp:featuredmedia":[{"embeddable":true,"href":"https:\/\/www.tada.si\/en\/wp-json\/wp\/v2\/media\/7819"}],"wp:attachment":[{"href":"https:\/\/www.tada.si\/en\/wp-json\/wp\/v2\/media?parent=7857"}],"wp:term":[{"taxonomy":"product_brand","embeddable":true,"href":"https:\/\/www.tada.si\/en\/wp-json\/wp\/v2\/product_brand?post=7857"},{"taxonomy":"product_cat","embeddable":true,"href":"https:\/\/www.tada.si\/en\/wp-json\/wp\/v2\/product_cat?post=7857"},{"taxonomy":"product_tag","embeddable":true,"href":"https:\/\/www.tada.si\/en\/wp-json\/wp\/v2\/product_tag?post=7857"}],"curies":[{"name":"wp","href":"https:\/\/api.w.org\/{rel}","templated":true}]}}