{"id":7859,"date":"2023-06-02T10:22:54","date_gmt":"2023-06-02T08:22:54","guid":{"rendered":"https:\/\/www.tada.si\/?post_type=product&#038;p=7859"},"modified":"2024-08-16T20:20:40","modified_gmt":"2024-08-16T18:20:40","slug":"comunello-kit-fort-400-24v","status":"publish","type":"product","link":"https:\/\/www.tada.si\/en\/trgovina\/avtomatizacija-doma\/avtomatska-vrata\/comunello-kit-fort-400-24v\/","title":{"rendered":"Comunello Kit FORT 400\/24V"},"content":{"rendered":"<p>Komplet avtomatike za drsna vrata do te\u017ee 400kg, vsebuje: 1x motor FT400kg, 1x krmilno enoto CU-24V-1M, 1x par DART fotocelica, 2 x daljinska upravljalnika KEEP RC.2CH-\u010drna, 1x SWIFT rumena LED bliskavica, klju\u010davnica s klju\u010dem, nosilec za pritrditev motorja in mehanskih mejnih stikal, dimenzije 320 x 231 x 204 &#8211; GKFT040MLB903A<\/p>","protected":false},"excerpt":{"rendered":"<p>Komplet avtomatike za drsna vrata do te\u017ee 400kg, vsebuje: 1x motor FT400kg, 1x krmilno enoto CU-24V-1M, 1x par DART fotocelica, 2 x daljinska upravljalnika KEEP RC.2CH-\u010drna, 1x SWIFT rumena LED bliskavica, klju\u010davnica s klju\u010dem, nosilec za pritrditev motorja in mehanskih mejnih stikal, dimenzije 320 x 231 x 204 &#8211; GKFT040MLB903A<\/p>","protected":false},"featured_media":7814,"comment_status":"open","ping_status":"closed","template":"","meta":{"inline_featured_image":false},"product_brand":[],"product_cat":[233,234,236],"product_tag":[],"class_list":{"0":"post-7859","1":"product","2":"type-product","3":"status-publish","4":"has-post-thumbnail","6":"product_cat-avtomatizacija-doma","7":"product_cat-avtomatska-vrata","8":"product_cat-dvoriscna-krilna-in-drsna-vrata","10":"first","11":"instock","12":"taxable","13":"shipping-taxable","14":"purchasable","15":"product-type-simple","16":"czr-hentry"},"_links":{"self":[{"href":"https:\/\/www.tada.si\/en\/wp-json\/wp\/v2\/product\/7859","targetHints":{"allow":["GET"]}}],"collection":[{"href":"https:\/\/www.tada.si\/en\/wp-json\/wp\/v2\/product"}],"about":[{"href":"https:\/\/www.tada.si\/en\/wp-json\/wp\/v2\/types\/product"}],"replies":[{"embeddable":true,"href":"https:\/\/www.tada.si\/en\/wp-json\/wp\/v2\/comments?post=7859"}],"wp:featuredmedia":[{"embeddable":true,"href":"https:\/\/www.tada.si\/en\/wp-json\/wp\/v2\/media\/7814"}],"wp:attachment":[{"href":"https:\/\/www.tada.si\/en\/wp-json\/wp\/v2\/media?parent=7859"}],"wp:term":[{"taxonomy":"product_brand","embeddable":true,"href":"https:\/\/www.tada.si\/en\/wp-json\/wp\/v2\/product_brand?post=7859"},{"taxonomy":"product_cat","embeddable":true,"href":"https:\/\/www.tada.si\/en\/wp-json\/wp\/v2\/product_cat?post=7859"},{"taxonomy":"product_tag","embeddable":true,"href":"https:\/\/www.tada.si\/en\/wp-json\/wp\/v2\/product_tag?post=7859"}],"curies":[{"name":"wp","href":"https:\/\/api.w.org\/{rel}","templated":true}]}}