{"id":7870,"date":"2023-06-02T12:30:14","date_gmt":"2023-06-02T10:30:14","guid":{"rendered":"https:\/\/www.tada.si\/?post_type=product&#038;p=7870"},"modified":"2023-06-02T12:30:14","modified_gmt":"2023-06-02T10:30:14","slug":"comunello-kit-limit-600-6m-barrier-red","status":"publish","type":"product","link":"https:\/\/www.tada.si\/en\/trgovina\/avtomatizacija-doma\/avtomatska-vrata\/comunello-kit-limit-600-6m-barrier-red\/","title":{"rendered":"Comunello Kit LIMIT 600 6m barrier RED"},"content":{"rendered":"<p>GKLTX60EL0R901 Komplet avtomatske zapornice z roko dol\u017eine od 6m. Komplet vsebuje: 1xLIMIT 600 24v motor z enkoderjem, 1x AC-655 6 m aluminijska pravokotna roka, 1x AC-683 gumjasta za\u0161tita, 1x AC-700 i 1x AC-710 vrh-\u010dep roke, 1x AC-510 temeljni kit, 1x AC-541 vzmet, 1x AC-660 odsevni trak, AC-770 LED lu\u010d, AC-800 6 m led trak, AC-570 zglobni nosilec za roko zapornice.<\/p>","protected":false},"excerpt":{"rendered":"<p>GKLTX60EL0R901 Komplet avtomatske zapornice z roko dol\u017eine od 6m. Komplet vsebuje: 1xLIMIT 600 24v motor z enkoderjem, 1x AC-655 6 m aluminijska pravokotna roka, 1x AC-683 gumjasta za\u0161tita, 1x AC-700 i 1x AC-710 vrh-\u010dep roke, 1x AC-510 temeljni kit, 1x AC-541 vzmet, 1x AC-660 odsevni trak, AC-770 LED lu\u010d, AC-800 6 m led trak, AC-570 [&hellip;]<\/p>\n","protected":false},"featured_media":7826,"comment_status":"open","ping_status":"closed","template":"","meta":{"inline_featured_image":false},"product_brand":[],"product_cat":[233,234,237],"product_tag":[],"class_list":{"0":"post-7870","1":"product","2":"type-product","3":"status-publish","4":"has-post-thumbnail","6":"product_cat-avtomatizacija-doma","7":"product_cat-avtomatska-vrata","8":"product_cat-zapornice","10":"first","11":"instock","12":"taxable","13":"shipping-taxable","14":"purchasable","15":"product-type-simple","16":"czr-hentry"},"_links":{"self":[{"href":"https:\/\/www.tada.si\/en\/wp-json\/wp\/v2\/product\/7870","targetHints":{"allow":["GET"]}}],"collection":[{"href":"https:\/\/www.tada.si\/en\/wp-json\/wp\/v2\/product"}],"about":[{"href":"https:\/\/www.tada.si\/en\/wp-json\/wp\/v2\/types\/product"}],"replies":[{"embeddable":true,"href":"https:\/\/www.tada.si\/en\/wp-json\/wp\/v2\/comments?post=7870"}],"wp:featuredmedia":[{"embeddable":true,"href":"https:\/\/www.tada.si\/en\/wp-json\/wp\/v2\/media\/7826"}],"wp:attachment":[{"href":"https:\/\/www.tada.si\/en\/wp-json\/wp\/v2\/media?parent=7870"}],"wp:term":[{"taxonomy":"product_brand","embeddable":true,"href":"https:\/\/www.tada.si\/en\/wp-json\/wp\/v2\/product_brand?post=7870"},{"taxonomy":"product_cat","embeddable":true,"href":"https:\/\/www.tada.si\/en\/wp-json\/wp\/v2\/product_cat?post=7870"},{"taxonomy":"product_tag","embeddable":true,"href":"https:\/\/www.tada.si\/en\/wp-json\/wp\/v2\/product_tag?post=7870"}],"curies":[{"name":"wp","href":"https:\/\/api.w.org\/{rel}","templated":true}]}}