{"id":7942,"date":"2023-11-20T16:05:13","date_gmt":"2023-11-20T14:05:13","guid":{"rendered":"https:\/\/www.tada.si\/?post_type=product&#038;p=7942"},"modified":"2026-03-10T17:19:02","modified_gmt":"2026-03-10T15:19:02","slug":"ajax-waterstop","status":"publish","type":"product","link":"https:\/\/www.tada.si\/en\/trgovina\/alarmni-in-video-nadzor\/ajax\/detektorji-senzorji-ajax\/ajax-waterstop\/","title":{"rendered":"AJAX WaterStop, pametni vodni ventil"},"content":{"rendered":"<p><strong>Vodni ventil<\/strong> premera 1\/2\u2033 , \u00a03\/4\u2033 ali 1\u2033 z brez\u017ei\u010dnim AJAX pogonom za daljinsko upravljanje ventila. Samodejno zapre dovod vode v objekt \u017ee v 7 sekundah od zaznanega razlitja s pomo\u010djo naprave <strong><a href=\"https:\/\/www.tada.si\/en\/trgovina\/alarmni-sistemi\/ajax\/detekcija-stanja-okolice\/ajax-leaksprotect\/\">AJAX LeaksProtect<\/a>.<\/strong><\/p>\n<figure id=\"attachment_9219\" aria-describedby=\"caption-attachment-9219\" style=\"width: 300px\" class=\"wp-caption alignnone\"><a href=\"https:\/\/www.tada.si\/wp-content\/uploads\/2018\/10\/leakprotect3-converted.jpg\"><img loading=\"lazy\" decoding=\"async\" class=\"wp-image-9219 size-medium\" src=\"https:\/\/www.tada.si\/wp-content\/uploads\/2018\/10\/leakprotect3-converted-300x225.jpg\" alt=\"\" width=\"300\" height=\"225\" srcset=\"https:\/\/www.tada.si\/wp-content\/uploads\/2018\/10\/leakprotect3-converted-300x225.jpg 300w, https:\/\/www.tada.si\/wp-content\/uploads\/2018\/10\/leakprotect3-converted-16x12.jpg 16w, https:\/\/www.tada.si\/wp-content\/uploads\/2018\/10\/leakprotect3-converted-64x48.jpg 64w, https:\/\/www.tada.si\/wp-content\/uploads\/2018\/10\/leakprotect3-converted.jpg 400w\" sizes=\"auto, (max-width: 300px) 100vw, 300px\" \/><\/a><figcaption id=\"caption-attachment-9219\" class=\"wp-caption-text\"><a href=\"https:\/\/www.tada.si\/en\/trgovina\/alarmni-sistemi\/ajax\/detekcija-stanja-okolice\/ajax-leaksprotect\/\">AJAX LeaksProtect<\/a><\/figcaption><\/figure>\n<ul>\n<li>Razli\u010dni scenariji avtomatizacije<\/li>\n<li>Mo\u017enost ro\u010dnega izklopa vode z gumbom ali ro\u010dico<\/li>\n<li>RuB ventil DN15 (1\u20442\u2033), DN20 (3\u20444\u2033), or DN25 (1\u2033) prilo\u017een<\/li>\n<li>Do 3 leta delovanja s prilo\u017eenimi baterijami<\/li>\n<li>Monta\u017eni zati\u010di za ote\u017eevanje nepoobla\u0161\u010denega razdiranja aktuatorja<\/li>\n<li>Mo\u017enost priklopa na zunanje napajanje 9-12V DC<\/li>\n<\/ul>\n<h3>Mo\u010dan motor in mo\u017enost ro\u010dnega upravljanja<\/h3>\n<p>Elektri\u010dni motor WaterStop-a ima najve\u010dji navor 8,5 N-m. To mu omogo\u010da zapiranje zataknjenega zapornega ventila, ne da bi ga zlomil. V normalnih pogojih pa lahko zapre vodo 5 sekund po ukazu. Oskrbo z vodo lahko upravljate ne le prek aplikacij in scenarijev, temve\u010d tudi ro\u010dno. V ta namen sta na ohi\u0161ju WaterStop na voljo gumb in ro\u010dica na nosilcu zapornega ventila. To je priro\u010dno na primer pri zamenjavi elektri\u010dnega pogona ali med delom vodovodarja.<br \/>\nStanje ventila je mogo\u010de videti v aplikacijah Ajax, opredeljeno z oznako polo\u017eaja na ohi\u0161ju Water Stop ali s polo\u017eajem ro\u010dice.<\/p>\n<h3>Enostavna monta\u017ea in priklop<\/h3>\n<p>Sistem WaterStop namestita dva strokovnjaka: vodovodni in\u0161talater in monter. Vodovodni in\u0161talater lahko standardni zdru\u017eljivi zaporni ventil namesti brez monterja. Poznati mora le dimenzije elektri\u010dnega ventila. Monter lahko pride drugi dan, namesti elektri\u010dni aktuator in ga vklju\u010di v varnostni sistem Ajax. Povezovanje naprave z varnostnim sistemom Ajax traja manj kot minuto, monter mora odpreti aplikacijo Ajax, opti\u010dno prebrati kodo QR ter dodati detektor v sobo in skupino.<\/p>\n<p><a href=\"https:\/\/www.tada.si\/wp-content\/uploads\/2023\/11\/waterstop-Sink-In-Bathroom-White.png\"><img loading=\"lazy\" decoding=\"async\" class=\"size-medium wp-image-9232 alignleft\" src=\"https:\/\/www.tada.si\/wp-content\/uploads\/2023\/11\/waterstop-Sink-In-Bathroom-White-300x169.png\" alt=\"\" width=\"300\" height=\"169\" srcset=\"https:\/\/www.tada.si\/wp-content\/uploads\/2023\/11\/waterstop-Sink-In-Bathroom-White-300x169.png 300w, https:\/\/www.tada.si\/wp-content\/uploads\/2023\/11\/waterstop-Sink-In-Bathroom-White-1024x576.png 1024w, https:\/\/www.tada.si\/wp-content\/uploads\/2023\/11\/waterstop-Sink-In-Bathroom-White-768x432.png 768w, https:\/\/www.tada.si\/wp-content\/uploads\/2023\/11\/waterstop-Sink-In-Bathroom-White-1536x864.png 1536w, https:\/\/www.tada.si\/wp-content\/uploads\/2023\/11\/waterstop-Sink-In-Bathroom-White-2048x1152.png 2048w, https:\/\/www.tada.si\/wp-content\/uploads\/2023\/11\/waterstop-Sink-In-Bathroom-White-18x10.png 18w, https:\/\/www.tada.si\/wp-content\/uploads\/2023\/11\/waterstop-Sink-In-Bathroom-White-570x321.png 570w, https:\/\/www.tada.si\/wp-content\/uploads\/2023\/11\/waterstop-Sink-In-Bathroom-White-1110x624.png 1110w, https:\/\/www.tada.si\/wp-content\/uploads\/2023\/11\/waterstop-Sink-In-Bathroom-White-528x297.png 528w, https:\/\/www.tada.si\/wp-content\/uploads\/2023\/11\/waterstop-Sink-In-Bathroom-White-600x338.png 600w, https:\/\/www.tada.si\/wp-content\/uploads\/2023\/11\/waterstop-Sink-In-Bathroom-White-64x36.png 64w\" sizes=\"auto, (max-width: 300px) 100vw, 300px\" \/><\/a>\u00a0 <a href=\"https:\/\/www.tada.si\/wp-content\/uploads\/2023\/11\/waterstop-Washmachine-White.png\"><img loading=\"lazy\" decoding=\"async\" class=\"size-medium wp-image-9230 alignleft\" src=\"https:\/\/www.tada.si\/wp-content\/uploads\/2023\/11\/waterstop-Washmachine-White-300x169.png\" alt=\"\" width=\"300\" height=\"169\" srcset=\"https:\/\/www.tada.si\/wp-content\/uploads\/2023\/11\/waterstop-Washmachine-White-300x169.png 300w, https:\/\/www.tada.si\/wp-content\/uploads\/2023\/11\/waterstop-Washmachine-White-1024x576.png 1024w, https:\/\/www.tada.si\/wp-content\/uploads\/2023\/11\/waterstop-Washmachine-White-768x432.png 768w, https:\/\/www.tada.si\/wp-content\/uploads\/2023\/11\/waterstop-Washmachine-White-1536x864.png 1536w, https:\/\/www.tada.si\/wp-content\/uploads\/2023\/11\/waterstop-Washmachine-White-2048x1152.png 2048w, https:\/\/www.tada.si\/wp-content\/uploads\/2023\/11\/waterstop-Washmachine-White-18x10.png 18w, https:\/\/www.tada.si\/wp-content\/uploads\/2023\/11\/waterstop-Washmachine-White-570x321.png 570w, https:\/\/www.tada.si\/wp-content\/uploads\/2023\/11\/waterstop-Washmachine-White-1110x624.png 1110w, https:\/\/www.tada.si\/wp-content\/uploads\/2023\/11\/waterstop-Washmachine-White-528x297.png 528w, https:\/\/www.tada.si\/wp-content\/uploads\/2023\/11\/waterstop-Washmachine-White-600x338.png 600w, https:\/\/www.tada.si\/wp-content\/uploads\/2023\/11\/waterstop-Washmachine-White-64x36.png 64w\" sizes=\"auto, (max-width: 300px) 100vw, 300px\" \/><\/a> <a href=\"https:\/\/www.tada.si\/wp-content\/uploads\/2023\/11\/Waterstop-public-space-white.png\">\u00a0<\/a><img loading=\"lazy\" decoding=\"async\" class=\"size-medium wp-image-9231 alignleft\" src=\"https:\/\/www.tada.si\/wp-content\/uploads\/2023\/11\/Waterstop-public-space-white-300x169.png\" alt=\"\" width=\"300\" height=\"169\" srcset=\"https:\/\/www.tada.si\/wp-content\/uploads\/2023\/11\/Waterstop-public-space-white-300x169.png 300w, https:\/\/www.tada.si\/wp-content\/uploads\/2023\/11\/Waterstop-public-space-white-1024x576.png 1024w, https:\/\/www.tada.si\/wp-content\/uploads\/2023\/11\/Waterstop-public-space-white-768x432.png 768w, https:\/\/www.tada.si\/wp-content\/uploads\/2023\/11\/Waterstop-public-space-white-1536x864.png 1536w, https:\/\/www.tada.si\/wp-content\/uploads\/2023\/11\/Waterstop-public-space-white-2048x1152.png 2048w, https:\/\/www.tada.si\/wp-content\/uploads\/2023\/11\/Waterstop-public-space-white-18x10.png 18w, https:\/\/www.tada.si\/wp-content\/uploads\/2023\/11\/Waterstop-public-space-white-570x321.png 570w, https:\/\/www.tada.si\/wp-content\/uploads\/2023\/11\/Waterstop-public-space-white-1110x624.png 1110w, https:\/\/www.tada.si\/wp-content\/uploads\/2023\/11\/Waterstop-public-space-white-528x297.png 528w, https:\/\/www.tada.si\/wp-content\/uploads\/2023\/11\/Waterstop-public-space-white-600x338.png 600w, https:\/\/www.tada.si\/wp-content\/uploads\/2023\/11\/Waterstop-public-space-white-64x36.png 64w\" sizes=\"auto, (max-width: 300px) 100vw, 300px\" \/><\/p>","protected":false},"excerpt":{"rendered":"<p>Daljinsko vodeni zaporni ventil za vodo. Je sestavni del avtomatiziranega sistema za odkrivanje uhajanja vode, ki temelji na Ajaxu.<\/p>\n<ul>\n<li>Mo\u017enost ro\u010dnega izklopa vode z gumbom ali ro\u010dico<\/li>\n<li>RuB ventil DN15 (1\u20442\u2033), DN20 (3\u20444\u2033), or DN25 (1\u2033) prilo\u017een<\/li>\n<li>Do 3 leta delovanja s prilo\u017eenimi baterijami<\/li>\n<\/ul>","protected":false},"featured_media":7945,"comment_status":"open","ping_status":"closed","template":"","meta":{"inline_featured_image":false},"product_brand":[],"product_cat":[87,72,114],"product_tag":[],"class_list":{"0":"post-7942","1":"product","2":"type-product","3":"status-publish","4":"has-post-thumbnail","6":"product_cat-ajax","7":"product_cat-alarmni-in-video-nadzor","8":"product_cat-detektorji-senzorji-ajax","10":"first","11":"instock","12":"taxable","13":"shipping-taxable","14":"purchasable","15":"product-type-variable","16":"czr-hentry"},"_links":{"self":[{"href":"https:\/\/www.tada.si\/en\/wp-json\/wp\/v2\/product\/7942","targetHints":{"allow":["GET"]}}],"collection":[{"href":"https:\/\/www.tada.si\/en\/wp-json\/wp\/v2\/product"}],"about":[{"href":"https:\/\/www.tada.si\/en\/wp-json\/wp\/v2\/types\/product"}],"replies":[{"embeddable":true,"href":"https:\/\/www.tada.si\/en\/wp-json\/wp\/v2\/comments?post=7942"}],"wp:featuredmedia":[{"embeddable":true,"href":"https:\/\/www.tada.si\/en\/wp-json\/wp\/v2\/media\/7945"}],"wp:attachment":[{"href":"https:\/\/www.tada.si\/en\/wp-json\/wp\/v2\/media?parent=7942"}],"wp:term":[{"taxonomy":"product_brand","embeddable":true,"href":"https:\/\/www.tada.si\/en\/wp-json\/wp\/v2\/product_brand?post=7942"},{"taxonomy":"product_cat","embeddable":true,"href":"https:\/\/www.tada.si\/en\/wp-json\/wp\/v2\/product_cat?post=7942"},{"taxonomy":"product_tag","embeddable":true,"href":"https:\/\/www.tada.si\/en\/wp-json\/wp\/v2\/product_tag?post=7942"}],"curies":[{"name":"wp","href":"https:\/\/api.w.org\/{rel}","templated":true}]}}