{"id":7981,"date":"2024-01-08T16:12:48","date_gmt":"2024-01-08T14:12:48","guid":{"rendered":"https:\/\/www.tada.si\/?post_type=product&#038;p=7981"},"modified":"2026-03-24T10:24:01","modified_gmt":"2026-03-24T08:24:01","slug":"ajax-baterija-gp-cr123a-lithium","status":"publish","type":"product","link":"https:\/\/www.tada.si\/en\/trgovina\/oprema-za-dom\/akumulatorji-baterije\/baterije\/ajax-baterija-gp-cr123a-lithium\/","title":{"rendered":"AJAX baterija GP CR123A Lithium"},"content":{"rendered":"<p>Baterija za AJAX sirene in senzorje<\/p>","protected":false},"excerpt":{"rendered":"<p>\u0160iroko obmo\u010dje delovne temperature od -40 \u00b0C do +60 \u00b0C. Mo\u017enost uporabe skoraj v kakr\u0161nihkoli zunanjih pogojih.<br \/>\nOdli\u010dna mo\u010d ob maksimalnem odjemu toka &#8211; do 7\u00d7 mo\u010dnej\u0161a kot navadna alkalna baterija enake velikosti.<\/p>","protected":false},"featured_media":7983,"comment_status":"open","ping_status":"closed","template":"","meta":{"inline_featured_image":false},"product_brand":[],"product_cat":[87,70,72,93,182],"product_tag":[],"class_list":{"0":"post-7981","1":"product","2":"type-product","3":"status-publish","4":"has-post-thumbnail","6":"product_cat-ajax","7":"product_cat-akumulatorji-baterije","8":"product_cat-alarmni-in-video-nadzor","9":"product_cat-baterije","10":"product_cat-pribor-in-oprema-ajax","12":"first","13":"instock","14":"taxable","15":"shipping-taxable","16":"purchasable","17":"product-type-simple","18":"czr-hentry"},"_links":{"self":[{"href":"https:\/\/www.tada.si\/en\/wp-json\/wp\/v2\/product\/7981","targetHints":{"allow":["GET"]}}],"collection":[{"href":"https:\/\/www.tada.si\/en\/wp-json\/wp\/v2\/product"}],"about":[{"href":"https:\/\/www.tada.si\/en\/wp-json\/wp\/v2\/types\/product"}],"replies":[{"embeddable":true,"href":"https:\/\/www.tada.si\/en\/wp-json\/wp\/v2\/comments?post=7981"}],"wp:featuredmedia":[{"embeddable":true,"href":"https:\/\/www.tada.si\/en\/wp-json\/wp\/v2\/media\/7983"}],"wp:attachment":[{"href":"https:\/\/www.tada.si\/en\/wp-json\/wp\/v2\/media?parent=7981"}],"wp:term":[{"taxonomy":"product_brand","embeddable":true,"href":"https:\/\/www.tada.si\/en\/wp-json\/wp\/v2\/product_brand?post=7981"},{"taxonomy":"product_cat","embeddable":true,"href":"https:\/\/www.tada.si\/en\/wp-json\/wp\/v2\/product_cat?post=7981"},{"taxonomy":"product_tag","embeddable":true,"href":"https:\/\/www.tada.si\/en\/wp-json\/wp\/v2\/product_tag?post=7981"}],"curies":[{"name":"wp","href":"https:\/\/api.w.org\/{rel}","templated":true}]}}