{"id":7987,"date":"2024-01-15T13:03:01","date_gmt":"2024-01-15T11:03:01","guid":{"rendered":"https:\/\/www.tada.si\/?post_type=product&#038;p=7987"},"modified":"2026-03-23T02:12:24","modified_gmt":"2026-03-23T00:12:24","slug":"baterija-gp-aaa-lithium-1-5-v","status":"publish","type":"product","link":"https:\/\/www.tada.si\/en\/trgovina\/oprema-za-dom\/akumulatorji-baterije\/baterije\/baterija-gp-aaa-lithium-1-5-v\/","title":{"rendered":"Baterija GP AAA Litijeva 1.5 V"},"content":{"rendered":"<p>Baterija za tipkovnico AJAX Keypad in AJAX Keypad Plus<\/p>\n<p><strong>POZOR !<\/strong><br \/>\n<strong>Cena je za 1 kos baterije.\u00a0Naro\u010dila za baterije sprejemamo za koli\u010dino po va\u0161i \u017eelji !<\/strong><\/p>","protected":false},"excerpt":{"rendered":"<p>Baterije so primerne za najzahtevnej\u0161e porabnike, izjemno dobre lastnosti v ekstremnih temperaturnih okoli\u0161\u010dinah, dolga \u017eivljenjska doba.<\/p>\n<p>Ni\u017eja te\u017ea : 40% la\u017eja kot alkalna baterija<br \/>\nIzjemno dobre lastnosti v ekstremnih temperaturnih okoli\u0161\u010dinah (-40\u00b0C do 60\u00b0C )<br \/>\nVarnost : vgrajena za\u0161\u010dita pred kratkim stikom<br \/>\nNapetost : 1,5 V,<br \/>\nProizvajalec: GP Gold Peak Batteries<br \/>\nTip: GP24LF , AAA<\/p>","protected":false},"featured_media":9081,"comment_status":"open","ping_status":"closed","template":"","meta":{"inline_featured_image":false},"product_brand":[],"product_cat":[70,93],"product_tag":[],"class_list":{"0":"post-7987","1":"product","2":"type-product","3":"status-publish","4":"has-post-thumbnail","6":"product_cat-akumulatorji-baterije","7":"product_cat-baterije","9":"first","10":"instock","11":"taxable","12":"shipping-taxable","13":"purchasable","14":"product-type-simple","15":"czr-hentry"},"_links":{"self":[{"href":"https:\/\/www.tada.si\/en\/wp-json\/wp\/v2\/product\/7987","targetHints":{"allow":["GET"]}}],"collection":[{"href":"https:\/\/www.tada.si\/en\/wp-json\/wp\/v2\/product"}],"about":[{"href":"https:\/\/www.tada.si\/en\/wp-json\/wp\/v2\/types\/product"}],"replies":[{"embeddable":true,"href":"https:\/\/www.tada.si\/en\/wp-json\/wp\/v2\/comments?post=7987"}],"wp:featuredmedia":[{"embeddable":true,"href":"https:\/\/www.tada.si\/en\/wp-json\/wp\/v2\/media\/9081"}],"wp:attachment":[{"href":"https:\/\/www.tada.si\/en\/wp-json\/wp\/v2\/media?parent=7987"}],"wp:term":[{"taxonomy":"product_brand","embeddable":true,"href":"https:\/\/www.tada.si\/en\/wp-json\/wp\/v2\/product_brand?post=7987"},{"taxonomy":"product_cat","embeddable":true,"href":"https:\/\/www.tada.si\/en\/wp-json\/wp\/v2\/product_cat?post=7987"},{"taxonomy":"product_tag","embeddable":true,"href":"https:\/\/www.tada.si\/en\/wp-json\/wp\/v2\/product_tag?post=7987"}],"curies":[{"name":"wp","href":"https:\/\/api.w.org\/{rel}","templated":true}]}}