{"id":8008,"date":"2024-02-15T13:32:09","date_gmt":"2024-02-15T11:32:09","guid":{"rendered":"https:\/\/www.tada.si\/?post_type=product&#038;p=8008"},"modified":"2026-04-09T10:58:23","modified_gmt":"2026-04-09T08:58:23","slug":"video-kamera-dcn-tf2282-dl","status":"publish","type":"product","link":"https:\/\/www.tada.si\/en\/trgovina\/alarmni-in-video-nadzor\/dvc\/ip-kamere\/video-kamera-dcn-tf2282-dl\/","title":{"rendered":"DVC Video kamera DCN-TF2282-DL"},"content":{"rendered":"<p>Mpx Turret IP video kamera, Extreme Dark, resolucija 2Mpx\/25fps, objektiv 2.8mm, H.265, bela svetloba LED domet 10-20 m, 12VDC\/PoE, Onvif, IP67 za\u0161\u010dita, plasti\u010dno ohi\u0161je. Ustrezno podno\u017eje H9 ( DAJ-33. DAJ-38, DAJ-40 in DAM-35 ).<\/p>","protected":false},"excerpt":{"rendered":"<p>Mpx Turret IP video kamera, Extreme Dark, resolucija 2Mpx\/25fps, objektiv 2.8mm, H.265, bela svetloba LED domet 10-20 m, 12VDC\/PoE, Onvif, IP67 za\u0161\u010dita, plasti\u010dno ohi\u0161je. Ustrezno podno\u017eje H9 ( DAJ-33. DAJ-38, DAJ-40 in DAM-35 ).<\/p>","protected":false},"featured_media":8033,"comment_status":"open","ping_status":"closed","template":"","meta":{"inline_featured_image":false},"product_brand":[],"product_cat":[72,89,174],"product_tag":[],"class_list":{"0":"post-8008","1":"product","2":"type-product","3":"status-publish","4":"has-post-thumbnail","6":"product_cat-alarmni-in-video-nadzor","7":"product_cat-dvc","8":"product_cat-ip-kamere","10":"first","11":"instock","12":"taxable","13":"shipping-taxable","14":"purchasable","15":"product-type-simple","16":"czr-hentry"},"_links":{"self":[{"href":"https:\/\/www.tada.si\/en\/wp-json\/wp\/v2\/product\/8008","targetHints":{"allow":["GET"]}}],"collection":[{"href":"https:\/\/www.tada.si\/en\/wp-json\/wp\/v2\/product"}],"about":[{"href":"https:\/\/www.tada.si\/en\/wp-json\/wp\/v2\/types\/product"}],"replies":[{"embeddable":true,"href":"https:\/\/www.tada.si\/en\/wp-json\/wp\/v2\/comments?post=8008"}],"wp:featuredmedia":[{"embeddable":true,"href":"https:\/\/www.tada.si\/en\/wp-json\/wp\/v2\/media\/8033"}],"wp:attachment":[{"href":"https:\/\/www.tada.si\/en\/wp-json\/wp\/v2\/media?parent=8008"}],"wp:term":[{"taxonomy":"product_brand","embeddable":true,"href":"https:\/\/www.tada.si\/en\/wp-json\/wp\/v2\/product_brand?post=8008"},{"taxonomy":"product_cat","embeddable":true,"href":"https:\/\/www.tada.si\/en\/wp-json\/wp\/v2\/product_cat?post=8008"},{"taxonomy":"product_tag","embeddable":true,"href":"https:\/\/www.tada.si\/en\/wp-json\/wp\/v2\/product_tag?post=8008"}],"curies":[{"name":"wp","href":"https:\/\/api.w.org\/{rel}","templated":true}]}}