{"id":8038,"date":"2024-02-15T13:43:15","date_gmt":"2024-02-15T11:43:15","guid":{"rendered":"https:\/\/www.tada.si\/?post_type=product&#038;p=8038"},"modified":"2026-04-09T11:17:46","modified_gmt":"2026-04-09T09:17:46","slug":"video-kamera-dcn-tf4282-dl","status":"publish","type":"product","link":"https:\/\/www.tada.si\/en\/trgovina\/alarmni-in-video-nadzor\/dvc\/ip-kamere\/video-kamera-dcn-tf4282-dl\/","title":{"rendered":"DVC Video kamera DCN-TF4282-DL"},"content":{"rendered":"<p>4MPX Turret IP video kamera, dvojna svetloba (IR+bela), lo\u010dljivost 4Mpx\/20fps, objektiv 2.8 mm, H.265, 1\/3.2\u2019\u2019 SmartSens SC4335), horizontalni vidni kot 110\u00b0, IR LED dometa 10-20 m, 12VDC\/PoE, IP 67 za\u0161\u010dita, plasti\u010dno ohi\u0161je, VCA videoanalitika: pre\u010dkanje linije, vdor, zameglitev slike, sprememba kadra, 2 leti garancije. Podno\u017eje H4 (DAJ-38, DAJ-40). Nadome\u0161\u010da kamero DCN-TF4282N.<\/p>","protected":false},"excerpt":{"rendered":"<p>4MPX Turret IP video kamera, dvojna svetloba (IR+bela), lo\u010dljivost 4Mpx\/20fps, objektiv 2.8 mm, H.265, 1\/3.2\u2019\u2019 SmartSens SC4335), horizontalni vidni kot 110\u00b0, IR LED dometa 10-20 m, 12VDC\/PoE, IP 67 za\u0161\u010dita, plasti\u010dno ohi\u0161je, VCA videoanalitika: pre\u010dkanje linije, vdor, zameglitev slike, sprememba kadra, 2 leti garancije. Podno\u017eje H4 (DAJ-38, DAJ-40). Nadome\u0161\u010da kamero DCN-TF4282N.<\/p>","protected":false},"featured_media":8027,"comment_status":"open","ping_status":"closed","template":"","meta":{"inline_featured_image":false},"product_brand":[],"product_cat":[72,89,174],"product_tag":[],"class_list":{"0":"post-8038","1":"product","2":"type-product","3":"status-publish","4":"has-post-thumbnail","6":"product_cat-alarmni-in-video-nadzor","7":"product_cat-dvc","8":"product_cat-ip-kamere","10":"first","11":"instock","12":"taxable","13":"shipping-taxable","14":"purchasable","15":"product-type-simple","16":"czr-hentry"},"_links":{"self":[{"href":"https:\/\/www.tada.si\/en\/wp-json\/wp\/v2\/product\/8038","targetHints":{"allow":["GET"]}}],"collection":[{"href":"https:\/\/www.tada.si\/en\/wp-json\/wp\/v2\/product"}],"about":[{"href":"https:\/\/www.tada.si\/en\/wp-json\/wp\/v2\/types\/product"}],"replies":[{"embeddable":true,"href":"https:\/\/www.tada.si\/en\/wp-json\/wp\/v2\/comments?post=8038"}],"wp:featuredmedia":[{"embeddable":true,"href":"https:\/\/www.tada.si\/en\/wp-json\/wp\/v2\/media\/8027"}],"wp:attachment":[{"href":"https:\/\/www.tada.si\/en\/wp-json\/wp\/v2\/media?parent=8038"}],"wp:term":[{"taxonomy":"product_brand","embeddable":true,"href":"https:\/\/www.tada.si\/en\/wp-json\/wp\/v2\/product_brand?post=8038"},{"taxonomy":"product_cat","embeddable":true,"href":"https:\/\/www.tada.si\/en\/wp-json\/wp\/v2\/product_cat?post=8038"},{"taxonomy":"product_tag","embeddable":true,"href":"https:\/\/www.tada.si\/en\/wp-json\/wp\/v2\/product_tag?post=8038"}],"curies":[{"name":"wp","href":"https:\/\/api.w.org\/{rel}","templated":true}]}}