{"id":8041,"date":"2024-02-15T13:48:39","date_gmt":"2024-02-15T11:48:39","guid":{"rendered":"https:\/\/www.tada.si\/?post_type=product&#038;p=8041"},"modified":"2026-04-09T11:17:19","modified_gmt":"2026-04-09T09:17:19","slug":"video-kamera-dcn-bf4282xdn","status":"publish","type":"product","link":"https:\/\/www.tada.si\/en\/trgovina\/alarmni-in-video-nadzor\/dvc\/ip-kamere\/video-kamera-dcn-bf4282xdn\/","title":{"rendered":"DVC Video kamera DCN-BF4282XDN"},"content":{"rendered":"<p>Bullet IP video kamera, Extreme Dark, lo\u010dljivost 4Mpx\/25fps, objektiv 2.8mm, H.265, Bela svetloba LED domet 10-20 m, 12VDC\/PoE, Onvif, IP67 za\u0161\u010dita, plasti\u010dno ohi\u0161je. Podno\u017eje H2 (DAJ-38, DAJ-40). 3 leta garancije.<\/p>","protected":false},"excerpt":{"rendered":"<p>Bullet IP video kamera, Extreme Dark, lo\u010dljivost 4Mpx\/25fps, objektiv 2.8mm, H.265, Bela svetloba LED domet 10-20 m, 12VDC\/PoE, Onvif, IP67 za\u0161\u010dita, plasti\u010dno ohi\u0161je. Podno\u017eje H2 (DAJ-38, DAJ-40). 3 leta garancije.<\/p>","protected":false},"featured_media":8028,"comment_status":"open","ping_status":"closed","template":"","meta":{"inline_featured_image":false},"product_brand":[],"product_cat":[72,89,174],"product_tag":[],"class_list":{"0":"post-8041","1":"product","2":"type-product","3":"status-publish","4":"has-post-thumbnail","6":"product_cat-alarmni-in-video-nadzor","7":"product_cat-dvc","8":"product_cat-ip-kamere","10":"first","11":"instock","12":"taxable","13":"shipping-taxable","14":"purchasable","15":"product-type-simple","16":"czr-hentry"},"_links":{"self":[{"href":"https:\/\/www.tada.si\/en\/wp-json\/wp\/v2\/product\/8041","targetHints":{"allow":["GET"]}}],"collection":[{"href":"https:\/\/www.tada.si\/en\/wp-json\/wp\/v2\/product"}],"about":[{"href":"https:\/\/www.tada.si\/en\/wp-json\/wp\/v2\/types\/product"}],"replies":[{"embeddable":true,"href":"https:\/\/www.tada.si\/en\/wp-json\/wp\/v2\/comments?post=8041"}],"wp:featuredmedia":[{"embeddable":true,"href":"https:\/\/www.tada.si\/en\/wp-json\/wp\/v2\/media\/8028"}],"wp:attachment":[{"href":"https:\/\/www.tada.si\/en\/wp-json\/wp\/v2\/media?parent=8041"}],"wp:term":[{"taxonomy":"product_brand","embeddable":true,"href":"https:\/\/www.tada.si\/en\/wp-json\/wp\/v2\/product_brand?post=8041"},{"taxonomy":"product_cat","embeddable":true,"href":"https:\/\/www.tada.si\/en\/wp-json\/wp\/v2\/product_cat?post=8041"},{"taxonomy":"product_tag","embeddable":true,"href":"https:\/\/www.tada.si\/en\/wp-json\/wp\/v2\/product_tag?post=8041"}],"curies":[{"name":"wp","href":"https:\/\/api.w.org\/{rel}","templated":true}]}}