{"id":8043,"date":"2024-02-15T13:54:27","date_gmt":"2024-02-15T11:54:27","guid":{"rendered":"https:\/\/www.tada.si\/?post_type=product&#038;p=8043"},"modified":"2026-04-09T11:17:01","modified_gmt":"2026-04-09T09:17:01","slug":"video-kamera-dcn-bf4365ain","status":"publish","type":"product","link":"https:\/\/www.tada.si\/en\/trgovina\/alarmni-in-video-nadzor\/dvc\/ip-kamere\/video-kamera-dcn-bf4365ain\/","title":{"rendered":"DVC Video kamera DCN-BF4365AIN"},"content":{"rendered":"<p>4MPX zunanja IP video kamera, resolucija 4Mpx\/25fps, 1\/3&#8243; SmartSens SC4238, objektiv 3,6mm, SMART H.265, horizontalni vidni kot: 80,6\u00b0, (barvna slika kamere pri minimalni osvetlitvi), 0.002Lux@F1.2, IR LED dometa 30-50 m, True WDR 120dB, 12VDC\/PoE, 9,5W, FULL VCA AI video analitika: Pre\u010dkanje linije (\u010dlovek ali vozilo), vdor (\u010dlovek ali vozilo), odstranitev predmeta, \u0161tetje oseb , \u0161tetje ljudi, sledenje osebi, zaznava zameglitve slike, zaznava spremembe kadra, zaznava pokritja kamere, prepoznava in zajem obrazov, prepoznava gne\u010de oseb (umetna inteligenca), SD kartica, Onvif, IK10, IP67, 3 leta garancije. Podno\u017eje H2 (DAJ-38, DAJ-40).NDAA kompatibilen.<\/p>","protected":false},"excerpt":{"rendered":"<p>4MPX zunanja IP video kamera, resolucija 4Mpx\/25fps, 1\/3&#8243; SmartSens SC4238, objektiv 3,6mm, SMART H.265, horizontalni vidni kot: 80,6\u00b0, (barvna slika kamere pri minimalni osvetlitvi), 0.002Lux@F1.2, IR LED dometa 30-50 m, True WDR 120dB, 12VDC\/PoE, 9,5W, FULL VCA AI video analitika: Pre\u010dkanje linije (\u010dlovek ali vozilo), vdor (\u010dlovek ali vozilo), odstranitev predmeta, \u0161tetje oseb , \u0161tetje [&hellip;]<\/p>\n","protected":false},"featured_media":8024,"comment_status":"open","ping_status":"closed","template":"","meta":{"inline_featured_image":false},"product_brand":[],"product_cat":[72,89,174],"product_tag":[],"class_list":{"0":"post-8043","1":"product","2":"type-product","3":"status-publish","4":"has-post-thumbnail","6":"product_cat-alarmni-in-video-nadzor","7":"product_cat-dvc","8":"product_cat-ip-kamere","10":"first","11":"instock","12":"taxable","13":"shipping-taxable","14":"purchasable","15":"product-type-simple","16":"czr-hentry"},"_links":{"self":[{"href":"https:\/\/www.tada.si\/en\/wp-json\/wp\/v2\/product\/8043","targetHints":{"allow":["GET"]}}],"collection":[{"href":"https:\/\/www.tada.si\/en\/wp-json\/wp\/v2\/product"}],"about":[{"href":"https:\/\/www.tada.si\/en\/wp-json\/wp\/v2\/types\/product"}],"replies":[{"embeddable":true,"href":"https:\/\/www.tada.si\/en\/wp-json\/wp\/v2\/comments?post=8043"}],"wp:featuredmedia":[{"embeddable":true,"href":"https:\/\/www.tada.si\/en\/wp-json\/wp\/v2\/media\/8024"}],"wp:attachment":[{"href":"https:\/\/www.tada.si\/en\/wp-json\/wp\/v2\/media?parent=8043"}],"wp:term":[{"taxonomy":"product_brand","embeddable":true,"href":"https:\/\/www.tada.si\/en\/wp-json\/wp\/v2\/product_brand?post=8043"},{"taxonomy":"product_cat","embeddable":true,"href":"https:\/\/www.tada.si\/en\/wp-json\/wp\/v2\/product_cat?post=8043"},{"taxonomy":"product_tag","embeddable":true,"href":"https:\/\/www.tada.si\/en\/wp-json\/wp\/v2\/product_tag?post=8043"}],"curies":[{"name":"wp","href":"https:\/\/api.w.org\/{rel}","templated":true}]}}