{"id":8052,"date":"2024-02-15T14:53:48","date_gmt":"2024-02-15T12:53:48","guid":{"rendered":"https:\/\/www.tada.si\/?post_type=product&#038;p=8052"},"modified":"2026-04-09T11:16:20","modified_gmt":"2026-04-09T09:16:20","slug":"video-kamera-dcn-bf2283s2","status":"publish","type":"product","link":"https:\/\/www.tada.si\/en\/trgovina\/alarmni-in-video-nadzor\/dvc\/ip-kamere\/video-kamera-dcn-bf2283s2\/","title":{"rendered":"DVC Video kamera DCN-BF2283S2"},"content":{"rendered":"<p>2MPX zunanja kompaktna IP video kamera, lo\u010dljivost 2Mpx\/25fps, objektiv 2.8 mm, H.265, 1\/2.8\u2019\u2019 Sony Starvis IMX327, 0,002Lux@F1.2, (barvna slika kamere pri minimalni osvetlitvi- Starlight tehnologija), IR LED dometa 20-30 m, 12VDC\/PoE, podpira SD kartice do 128GB, Onvif, IP67 za\u0161\u010dita, 2 leti garancije. VCA videoanalitika: pre\u010dkanje linije, vdor, zameglitev slike, sprememba kadra. Podno\u017eje H3 (DAJ-38, DAJ-40).<\/p>","protected":false},"excerpt":{"rendered":"<p>2MPX zunanja kompaktna IP video kamera, lo\u010dljivost 2Mpx\/25fps, objektiv 2.8 mm, H.265, 1\/2.8\u2019\u2019 Sony Starvis IMX327, 0,002Lux@F1.2, (barvna slika kamere pri minimalni osvetlitvi- Starlight tehnologija), IR LED dometa 20-30 m, 12VDC\/PoE, podpira SD kartice do 128GB, Onvif, IP67 za\u0161\u010dita, 2 leti garancije. VCA videoanalitika: pre\u010dkanje linije, vdor, zameglitev slike, sprememba kadra. Podno\u017eje H3 (DAJ-38, DAJ-40).<\/p>","protected":false},"featured_media":8016,"comment_status":"open","ping_status":"closed","template":"","meta":{"inline_featured_image":false},"product_brand":[],"product_cat":[72,89,174],"product_tag":[],"class_list":{"0":"post-8052","1":"product","2":"type-product","3":"status-publish","4":"has-post-thumbnail","6":"product_cat-alarmni-in-video-nadzor","7":"product_cat-dvc","8":"product_cat-ip-kamere","10":"first","11":"instock","12":"taxable","13":"shipping-taxable","14":"purchasable","15":"product-type-simple","16":"czr-hentry"},"_links":{"self":[{"href":"https:\/\/www.tada.si\/en\/wp-json\/wp\/v2\/product\/8052","targetHints":{"allow":["GET"]}}],"collection":[{"href":"https:\/\/www.tada.si\/en\/wp-json\/wp\/v2\/product"}],"about":[{"href":"https:\/\/www.tada.si\/en\/wp-json\/wp\/v2\/types\/product"}],"replies":[{"embeddable":true,"href":"https:\/\/www.tada.si\/en\/wp-json\/wp\/v2\/comments?post=8052"}],"wp:featuredmedia":[{"embeddable":true,"href":"https:\/\/www.tada.si\/en\/wp-json\/wp\/v2\/media\/8016"}],"wp:attachment":[{"href":"https:\/\/www.tada.si\/en\/wp-json\/wp\/v2\/media?parent=8052"}],"wp:term":[{"taxonomy":"product_brand","embeddable":true,"href":"https:\/\/www.tada.si\/en\/wp-json\/wp\/v2\/product_brand?post=8052"},{"taxonomy":"product_cat","embeddable":true,"href":"https:\/\/www.tada.si\/en\/wp-json\/wp\/v2\/product_cat?post=8052"},{"taxonomy":"product_tag","embeddable":true,"href":"https:\/\/www.tada.si\/en\/wp-json\/wp\/v2\/product_tag?post=8052"}],"curies":[{"name":"wp","href":"https:\/\/api.w.org\/{rel}","templated":true}]}}