{"id":8057,"date":"2024-02-15T15:04:01","date_gmt":"2024-02-15T13:04:01","guid":{"rendered":"https:\/\/www.tada.si\/?post_type=product&#038;p=8057"},"modified":"2026-04-09T11:13:55","modified_gmt":"2026-04-09T09:13:55","slug":"video-kamera-dcn-bm8127ain","status":"publish","type":"product","link":"https:\/\/www.tada.si\/en\/trgovina\/alarmni-in-video-nadzor\/dvc\/ip-kamere\/video-kamera-dcn-bm8127ain\/","title":{"rendered":"DVC Video kamera DCN-BM8127AIN"},"content":{"rendered":"<p>8MPX zunanja kompaktna IP video kamera, 8Mpx\/20fps, 1\/2.8&#8221; Sony Starvis IMX415 (barvna slika kamere pri minimalni osvetlitvi), 0.008Lux@F1.2, 0Lux IR ON, 2,8-12 mm, moto zoom, horizontalni vidni kot: 96\u00b0 &#8211; 32\u00b0, SMART H.265, IR LED 50-70 m, True WDR (120 dB) ,12VDC\/PoE, 12W, audio in\/out, FULL VCA AI video analitika: Pre\u010dkanje linije (\u010dlovek ali vozilo), vdor (\u010dlovek ali vozilo), odstranitev predmeta, \u0161tetje vozil , \u0161tetje ljudi, sledenje osebi, zaznava zameglitve slike, zaznava spremembe kadra, zaznava pokritja kamere, prepoznava in zajem obrazov, prepoznava gne\u010de oseb (umetna inteligenca), IK10, IP67, SD kartica do128Gb, Onvif, 3 leta garancije. Podno\u017eje H1 (DAJ-33, DAJ-41).<\/p>","protected":false},"excerpt":{"rendered":"<p>8MPX zunanja kompaktna IP video kamera, 8Mpx\/20fps, 1\/2.8&#8221; Sony Starvis IMX415 (barvna slika kamere pri minimalni osvetlitvi), 0.008Lux@F1.2, 0Lux IR ON, 2,8-12 mm, moto zoom, horizontalni vidni kot: 96\u00b0 &#8211; 32\u00b0, SMART H.265, IR LED 50-70 m, True WDR (120 dB) ,12VDC\/PoE, 12W, audio in\/out, FULL VCA AI video analitika: Pre\u010dkanje linije (\u010dlovek ali vozilo), [&hellip;]<\/p>\n","protected":false},"featured_media":8011,"comment_status":"open","ping_status":"closed","template":"","meta":{"inline_featured_image":false},"product_brand":[],"product_cat":[72,89,174],"product_tag":[],"class_list":{"0":"post-8057","1":"product","2":"type-product","3":"status-publish","4":"has-post-thumbnail","6":"product_cat-alarmni-in-video-nadzor","7":"product_cat-dvc","8":"product_cat-ip-kamere","10":"first","11":"instock","12":"taxable","13":"shipping-taxable","14":"purchasable","15":"product-type-simple","16":"czr-hentry"},"_links":{"self":[{"href":"https:\/\/www.tada.si\/en\/wp-json\/wp\/v2\/product\/8057","targetHints":{"allow":["GET"]}}],"collection":[{"href":"https:\/\/www.tada.si\/en\/wp-json\/wp\/v2\/product"}],"about":[{"href":"https:\/\/www.tada.si\/en\/wp-json\/wp\/v2\/types\/product"}],"replies":[{"embeddable":true,"href":"https:\/\/www.tada.si\/en\/wp-json\/wp\/v2\/comments?post=8057"}],"wp:featuredmedia":[{"embeddable":true,"href":"https:\/\/www.tada.si\/en\/wp-json\/wp\/v2\/media\/8011"}],"wp:attachment":[{"href":"https:\/\/www.tada.si\/en\/wp-json\/wp\/v2\/media?parent=8057"}],"wp:term":[{"taxonomy":"product_brand","embeddable":true,"href":"https:\/\/www.tada.si\/en\/wp-json\/wp\/v2\/product_brand?post=8057"},{"taxonomy":"product_cat","embeddable":true,"href":"https:\/\/www.tada.si\/en\/wp-json\/wp\/v2\/product_cat?post=8057"},{"taxonomy":"product_tag","embeddable":true,"href":"https:\/\/www.tada.si\/en\/wp-json\/wp\/v2\/product_tag?post=8057"}],"curies":[{"name":"wp","href":"https:\/\/api.w.org\/{rel}","templated":true}]}}