{"id":8227,"date":"2024-04-25T09:59:24","date_gmt":"2024-04-25T07:59:24","guid":{"rendered":"https:\/\/www.tada.si\/?post_type=product&#038;p=8227"},"modified":"2026-04-09T10:56:09","modified_gmt":"2026-04-09T08:56:09","slug":"dvc-dt607f-fe-id-s3","status":"publish","type":"product","link":"https:\/\/www.tada.si\/en\/trgovina\/alarmni-in-video-nadzor\/dvc\/dvc-dt607f-fe-id-s3\/","title":{"rendered":"DVC DT607F\/FE\/ID\/S3"},"content":{"rendered":"<p>Zunanja pozivna enota s Fisheye barvno kamero (170\u00b0) in 3 pozivnimi tipkami. Izvedba iz nerjave\u010dega jekla. IP54 za\u0161\u010dita. Vgrajen RFID \u010ditalnik (125 kHz). Podometna vgradnja. Napajanje 24 VDC.<\/p>","protected":false},"excerpt":{"rendered":"<p>Zunanja pozivna enota s Fisheye barvno kamero (170\u00b0) in 3 pozivnimi tipkami. Izvedba iz nerjave\u010dega jekla. IP54 za\u0161\u010dita. Vgrajen RFID \u010ditalnik (125 kHz). Podometna vgradnja. Napajanje 24 VDC.<\/p>","protected":false},"featured_media":8200,"comment_status":"open","ping_status":"closed","template":"","meta":{"inline_featured_image":false},"product_brand":[],"product_cat":[72,89],"product_tag":[],"class_list":{"0":"post-8227","1":"product","2":"type-product","3":"status-publish","4":"has-post-thumbnail","6":"product_cat-alarmni-in-video-nadzor","7":"product_cat-dvc","9":"first","10":"instock","11":"taxable","12":"shipping-taxable","13":"purchasable","14":"product-type-simple","15":"czr-hentry"},"_links":{"self":[{"href":"https:\/\/www.tada.si\/en\/wp-json\/wp\/v2\/product\/8227","targetHints":{"allow":["GET"]}}],"collection":[{"href":"https:\/\/www.tada.si\/en\/wp-json\/wp\/v2\/product"}],"about":[{"href":"https:\/\/www.tada.si\/en\/wp-json\/wp\/v2\/types\/product"}],"replies":[{"embeddable":true,"href":"https:\/\/www.tada.si\/en\/wp-json\/wp\/v2\/comments?post=8227"}],"wp:featuredmedia":[{"embeddable":true,"href":"https:\/\/www.tada.si\/en\/wp-json\/wp\/v2\/media\/8200"}],"wp:attachment":[{"href":"https:\/\/www.tada.si\/en\/wp-json\/wp\/v2\/media?parent=8227"}],"wp:term":[{"taxonomy":"product_brand","embeddable":true,"href":"https:\/\/www.tada.si\/en\/wp-json\/wp\/v2\/product_brand?post=8227"},{"taxonomy":"product_cat","embeddable":true,"href":"https:\/\/www.tada.si\/en\/wp-json\/wp\/v2\/product_cat?post=8227"},{"taxonomy":"product_tag","embeddable":true,"href":"https:\/\/www.tada.si\/en\/wp-json\/wp\/v2\/product_tag?post=8227"}],"curies":[{"name":"wp","href":"https:\/\/api.w.org\/{rel}","templated":true}]}}