{"id":8241,"date":"2024-04-25T10:35:31","date_gmt":"2024-04-25T08:35:31","guid":{"rendered":"https:\/\/www.tada.si\/?post_type=product&#038;p=8241"},"modified":"2026-04-09T11:03:58","modified_gmt":"2026-04-09T09:03:58","slug":"dvc-821f-3x2","status":"publish","type":"product","link":"https:\/\/www.tada.si\/en\/trgovina\/alarmni-in-video-nadzor\/dvc\/dodatki-sistema\/dvc-821f-3x2\/","title":{"rendered":"DVC 821F\/3X2"},"content":{"rendered":"<p>Okvir serije DVC 821 za namestitev 3 modulov v dveh stolpcih (skupaj 6), sprednji del iz nerjave\u010dega jekla, ohi\u0161je in okvir za za\u0161\u010dito pred de\u017ejem, podometna vgradnja.<\/p>","protected":false},"excerpt":{"rendered":"<p>Okvir serije DVC 821 za namestitev 3 modulov v dveh stolpcih (skupaj 6), sprednji del iz nerjave\u010dega jekla, ohi\u0161je in okvir za za\u0161\u010dito pred de\u017ejem, podometna vgradnja.<\/p>","protected":false},"featured_media":8192,"comment_status":"open","ping_status":"closed","template":"","meta":{"inline_featured_image":false},"product_brand":[],"product_cat":[175,89],"product_tag":[],"class_list":{"0":"post-8241","1":"product","2":"type-product","3":"status-publish","4":"has-post-thumbnail","6":"product_cat-dodatki-sistema","7":"product_cat-dvc","9":"first","10":"instock","11":"taxable","12":"shipping-taxable","13":"purchasable","14":"product-type-simple","15":"czr-hentry"},"_links":{"self":[{"href":"https:\/\/www.tada.si\/en\/wp-json\/wp\/v2\/product\/8241","targetHints":{"allow":["GET"]}}],"collection":[{"href":"https:\/\/www.tada.si\/en\/wp-json\/wp\/v2\/product"}],"about":[{"href":"https:\/\/www.tada.si\/en\/wp-json\/wp\/v2\/types\/product"}],"replies":[{"embeddable":true,"href":"https:\/\/www.tada.si\/en\/wp-json\/wp\/v2\/comments?post=8241"}],"wp:featuredmedia":[{"embeddable":true,"href":"https:\/\/www.tada.si\/en\/wp-json\/wp\/v2\/media\/8192"}],"wp:attachment":[{"href":"https:\/\/www.tada.si\/en\/wp-json\/wp\/v2\/media?parent=8241"}],"wp:term":[{"taxonomy":"product_brand","embeddable":true,"href":"https:\/\/www.tada.si\/en\/wp-json\/wp\/v2\/product_brand?post=8241"},{"taxonomy":"product_cat","embeddable":true,"href":"https:\/\/www.tada.si\/en\/wp-json\/wp\/v2\/product_cat?post=8241"},{"taxonomy":"product_tag","embeddable":true,"href":"https:\/\/www.tada.si\/en\/wp-json\/wp\/v2\/product_tag?post=8241"}],"curies":[{"name":"wp","href":"https:\/\/api.w.org\/{rel}","templated":true}]}}