{"id":8244,"date":"2024-04-25T10:43:36","date_gmt":"2024-04-25T08:43:36","guid":{"rendered":"https:\/\/www.tada.si\/?post_type=product&#038;p=8244"},"modified":"2026-04-09T10:56:09","modified_gmt":"2026-04-09T08:56:09","slug":"dvc-ix471s","status":"publish","type":"product","link":"https:\/\/www.tada.si\/en\/trgovina\/alarmni-in-video-nadzor\/dvc\/dvc-ix471s\/","title":{"rendered":"DVC IX471S"},"content":{"rendered":"<p>7&#8243; prostoro\u010dni monitor za DVC IP domofonske sisteme z enkranom na dotik. Mo\u017enost pogleda slika v sliki ali pogled \u0161tirih slik. Mo\u017enost povezave z UTP kablom ali WiFi povezave. Velikost 161x174x22 mm. Napajanje 24-28 VDC\/POE\/ %V micro USB.<\/p>","protected":false},"excerpt":{"rendered":"<p>7&#8243; prostoro\u010dni monitor za DVC IP domofonske sisteme z enkranom na dotik. Mo\u017enost pogleda slika v sliki ali pogled \u0161tirih slik. Mo\u017enost povezave z UTP kablom ali WiFi povezave. Velikost 161x174x22 mm. Napajanje 24-28 VDC\/POE\/ %V micro USB.<\/p>","protected":false},"featured_media":8245,"comment_status":"open","ping_status":"closed","template":"","meta":{"inline_featured_image":false},"product_brand":[],"product_cat":[72,89],"product_tag":[],"class_list":{"0":"post-8244","1":"product","2":"type-product","3":"status-publish","4":"has-post-thumbnail","6":"product_cat-alarmni-in-video-nadzor","7":"product_cat-dvc","9":"first","10":"instock","11":"taxable","12":"shipping-taxable","13":"purchasable","14":"product-type-simple","15":"czr-hentry"},"_links":{"self":[{"href":"https:\/\/www.tada.si\/en\/wp-json\/wp\/v2\/product\/8244","targetHints":{"allow":["GET"]}}],"collection":[{"href":"https:\/\/www.tada.si\/en\/wp-json\/wp\/v2\/product"}],"about":[{"href":"https:\/\/www.tada.si\/en\/wp-json\/wp\/v2\/types\/product"}],"replies":[{"embeddable":true,"href":"https:\/\/www.tada.si\/en\/wp-json\/wp\/v2\/comments?post=8244"}],"wp:featuredmedia":[{"embeddable":true,"href":"https:\/\/www.tada.si\/en\/wp-json\/wp\/v2\/media\/8245"}],"wp:attachment":[{"href":"https:\/\/www.tada.si\/en\/wp-json\/wp\/v2\/media?parent=8244"}],"wp:term":[{"taxonomy":"product_brand","embeddable":true,"href":"https:\/\/www.tada.si\/en\/wp-json\/wp\/v2\/product_brand?post=8244"},{"taxonomy":"product_cat","embeddable":true,"href":"https:\/\/www.tada.si\/en\/wp-json\/wp\/v2\/product_cat?post=8244"},{"taxonomy":"product_tag","embeddable":true,"href":"https:\/\/www.tada.si\/en\/wp-json\/wp\/v2\/product_tag?post=8244"}],"curies":[{"name":"wp","href":"https:\/\/api.w.org\/{rel}","templated":true}]}}