{"id":8255,"date":"2024-04-25T11:03:46","date_gmt":"2024-04-25T09:03:46","guid":{"rendered":"https:\/\/www.tada.si\/?post_type=product&#038;p=8255"},"modified":"2026-02-06T11:27:54","modified_gmt":"2026-02-06T09:27:54","slug":"kartica-rfid-in-em-125-khz","status":"publish","type":"product","link":"https:\/\/www.tada.si\/en\/trgovina\/avtomatizacija-doma\/citalci\/kartica-rfid-in-em-125-khz\/","title":{"rendered":"Kartica RFID IN-EM 125 kHz"},"content":{"rendered":"<p data-start=\"78\" data-end=\"158\"><strong data-start=\"78\" data-end=\"158\">Brezkontaktna RFID kartica 125 kHz \u2013 zanesljiva re\u0161itev za kontrolo pristopa<\/strong><\/p>\n<p data-start=\"160\" data-end=\"429\">RFID kartica frekvence 125 kHz je idealna za uporabo v sistemih kontrole pristopa, evidence delovnega \u010dasa, odklepanja vrat in drugih identifikacijskih sistemih. Kartica je pasivna in ne potrebuje baterije, kar zagotavlja dolgo \u017eivljenjsko dobo in zanesljivo delovanje.<\/p>\n<p data-start=\"431\" data-end=\"674\">Izdelana je iz kakovostnega in trpe\u017enega materiala ABS + PVC, ki omogo\u010da odpornost na vsakodnevno uporabo. Standardne dimenzije (85 \u00d7 54 \u00d7 0,8 mm) so enake kot pri obi\u010dajni ban\u010dni kartici, zato jo lahko enostavno nosite v denarnici ali etuiju.<\/p>\n<p data-start=\"676\" data-end=\"861\">Kartica deluje po principu \u00bbread-only\u00ab, kar pomeni, da ima edinstveno identifikacijsko \u0161tevilko, ki je ni mogo\u010de spreminjati, kar zagotavlja varno in stabilno identifikacijo uporabnika.<\/p>\n<p data-start=\"863\" data-end=\"941\">Primerna je za uporabo z vsemi RFID \u010ditalci, ki podpirajo 125 kHz EM standard.<\/p>\n<p data-start=\"943\" data-end=\"957\"><strong data-start=\"943\" data-end=\"957\">Lastnosti:<\/strong><\/p>\n<ul data-start=\"958\" data-end=\"1190\">\n<li data-start=\"958\" data-end=\"978\">\n<p data-start=\"960\" data-end=\"978\">frekvenca: 125 kHz<\/p>\n<\/li>\n<li data-start=\"979\" data-end=\"1006\">\n<p data-start=\"981\" data-end=\"1006\">tip: pasivna RFID kartica<\/p>\n<\/li>\n<li data-start=\"1007\" data-end=\"1047\">\n<p data-start=\"1009\" data-end=\"1047\">funkcija: Read-only (nespremenljiv ID)<\/p>\n<\/li>\n<li data-start=\"1048\" data-end=\"1069\">\n<p data-start=\"1050\" data-end=\"1069\">material: ABS + PVC<\/p>\n<\/li>\n<li data-start=\"1070\" data-end=\"1099\">\n<p data-start=\"1072\" data-end=\"1099\">dimenzije: 85 \u00d7 54 \u00d7 0,8 mm<\/p>\n<\/li>\n<li data-start=\"1100\" data-end=\"1124\">\n<p data-start=\"1102\" data-end=\"1124\">dolga \u017eivljenjska doba<\/p>\n<\/li>\n<li data-start=\"1125\" data-end=\"1140\">\n<p data-start=\"1127\" data-end=\"1140\">brez baterije<\/p>\n<\/li>\n<li data-start=\"1141\" data-end=\"1190\">\n<p data-start=\"1143\" data-end=\"1190\">primerna za kontrolo pristopa in identifikacijo<\/p>\n<\/li>\n<\/ul>","protected":false},"excerpt":{"rendered":"<p>RFID kartica 125 kHz za kontrolo pristopa in evidenco.<\/p>\n<p>Pasivna, read-only, standardne dimenzije, trpe\u017een ABS + PVC material, kompatibilna z EM \u010ditalci.<\/p>\n<p>Oglejte si \u0161e ostalo ponudbo <a href=\"https:\/\/www.tada.si\/en\/product-category\/citalci\/\">\u010ditalcev za kontrolo vstopa na na\u0161i spletni strani.<\/a><\/p>","protected":false},"featured_media":10023,"comment_status":"open","ping_status":"closed","template":"","meta":{"inline_featured_image":false},"product_brand":[],"product_cat":[178],"product_tag":[],"class_list":{"0":"post-8255","1":"product","2":"type-product","3":"status-publish","4":"has-post-thumbnail","6":"product_cat-citalci","8":"first","9":"instock","10":"taxable","11":"shipping-taxable","12":"purchasable","13":"product-type-simple","14":"czr-hentry"},"_links":{"self":[{"href":"https:\/\/www.tada.si\/en\/wp-json\/wp\/v2\/product\/8255","targetHints":{"allow":["GET"]}}],"collection":[{"href":"https:\/\/www.tada.si\/en\/wp-json\/wp\/v2\/product"}],"about":[{"href":"https:\/\/www.tada.si\/en\/wp-json\/wp\/v2\/types\/product"}],"replies":[{"embeddable":true,"href":"https:\/\/www.tada.si\/en\/wp-json\/wp\/v2\/comments?post=8255"}],"wp:featuredmedia":[{"embeddable":true,"href":"https:\/\/www.tada.si\/en\/wp-json\/wp\/v2\/media\/10023"}],"wp:attachment":[{"href":"https:\/\/www.tada.si\/en\/wp-json\/wp\/v2\/media?parent=8255"}],"wp:term":[{"taxonomy":"product_brand","embeddable":true,"href":"https:\/\/www.tada.si\/en\/wp-json\/wp\/v2\/product_brand?post=8255"},{"taxonomy":"product_cat","embeddable":true,"href":"https:\/\/www.tada.si\/en\/wp-json\/wp\/v2\/product_cat?post=8255"},{"taxonomy":"product_tag","embeddable":true,"href":"https:\/\/www.tada.si\/en\/wp-json\/wp\/v2\/product_tag?post=8255"}],"curies":[{"name":"wp","href":"https:\/\/api.w.org\/{rel}","templated":true}]}}