{"id":8273,"date":"2024-04-25T12:03:08","date_gmt":"2024-04-25T10:03:08","guid":{"rendered":"https:\/\/www.tada.si\/?post_type=product&#038;p=8273"},"modified":"2026-04-09T12:25:16","modified_gmt":"2026-04-09T10:25:16","slug":"dca-bf5283","status":"publish","type":"product","link":"https:\/\/www.tada.si\/en\/trgovina\/alarmni-in-video-nadzor\/dvc\/dca-bf5283\/","title":{"rendered":"DVC Video kamera DCA-BF5283V2"},"content":{"rendered":"<p>5MP Bullet analogna HD video kamera, lo\u010dljivost 5Mpx, 1\/2.7&#8243; CMOS, le\u010da 2.8 mm, ob\u010dutljivost 0.01lux@F1.2, IR domet 20-30 m, napajanje 12V DC, IP67 (Podno\u017eje H3: DAJ-38, DAJ-40).Ima dip stikala za nastavitev video izhoda.<\/p>","protected":false},"excerpt":{"rendered":"<p>5MP Bullet analogna HD video kamera, lo\u010dljivost 5Mpx, 1\/2.7&#8243; CMOS, le\u010da 2.8 mm, ob\u010dutljivost 0.01lux@F1.2, IR domet 20-30 m, napajanje 12V DC, IP67 (Podno\u017eje H3: DAJ-38, DAJ-40).Ima dip stikala za nastavitev video izhoda.<\/p>","protected":false},"featured_media":8122,"comment_status":"open","ping_status":"closed","template":"","meta":{"inline_featured_image":false},"product_brand":[],"product_cat":[72,89],"product_tag":[],"class_list":{"0":"post-8273","1":"product","2":"type-product","3":"status-publish","4":"has-post-thumbnail","6":"product_cat-alarmni-in-video-nadzor","7":"product_cat-dvc","9":"first","10":"instock","11":"taxable","12":"shipping-taxable","13":"purchasable","14":"product-type-simple","15":"czr-hentry"},"_links":{"self":[{"href":"https:\/\/www.tada.si\/en\/wp-json\/wp\/v2\/product\/8273","targetHints":{"allow":["GET"]}}],"collection":[{"href":"https:\/\/www.tada.si\/en\/wp-json\/wp\/v2\/product"}],"about":[{"href":"https:\/\/www.tada.si\/en\/wp-json\/wp\/v2\/types\/product"}],"replies":[{"embeddable":true,"href":"https:\/\/www.tada.si\/en\/wp-json\/wp\/v2\/comments?post=8273"}],"wp:featuredmedia":[{"embeddable":true,"href":"https:\/\/www.tada.si\/en\/wp-json\/wp\/v2\/media\/8122"}],"wp:attachment":[{"href":"https:\/\/www.tada.si\/en\/wp-json\/wp\/v2\/media?parent=8273"}],"wp:term":[{"taxonomy":"product_brand","embeddable":true,"href":"https:\/\/www.tada.si\/en\/wp-json\/wp\/v2\/product_brand?post=8273"},{"taxonomy":"product_cat","embeddable":true,"href":"https:\/\/www.tada.si\/en\/wp-json\/wp\/v2\/product_cat?post=8273"},{"taxonomy":"product_tag","embeddable":true,"href":"https:\/\/www.tada.si\/en\/wp-json\/wp\/v2\/product_tag?post=8273"}],"curies":[{"name":"wp","href":"https:\/\/api.w.org\/{rel}","templated":true}]}}