{"id":8277,"date":"2024-04-25T12:09:39","date_gmt":"2024-04-25T10:09:39","guid":{"rendered":"https:\/\/www.tada.si\/?post_type=product&#038;p=8277"},"modified":"2026-04-09T11:11:56","modified_gmt":"2026-04-09T09:11:56","slug":"dca-tf5363xd","status":"publish","type":"product","link":"https:\/\/www.tada.si\/en\/trgovina\/alarmni-in-video-nadzor\/dvc\/dca-tf5363xd\/","title":{"rendered":"DVC Video kamera DCA-TF5363XD"},"content":{"rendered":"<p>5MP Turret analogna HD video kamera, lo\u010dljivost 5Mpx, 1\/2,5&#8243; CMOS, le\u010da 3,6 mm, ob\u010dutljivost 0lux, domet bele LED 20-30 m, napajanje 12V DC, IP67. Ustrezno podno\u017eje H8 (DAJ-33, DAJ-38, DAJ-40, L- nosilec DAM-32).<\/p>","protected":false},"excerpt":{"rendered":"<p>5MP Turret analogna HD video kamera, lo\u010dljivost 5Mpx, 1\/2,5&#8243; CMOS, le\u010da 3,6 mm, ob\u010dutljivost 0lux, domet bele LED 20-30 m, napajanje 12V DC, IP67. Ustrezno podno\u017eje H8 (DAJ-33, DAJ-38, DAJ-40, L- nosilec DAM-32).<\/p>","protected":false},"featured_media":8132,"comment_status":"open","ping_status":"closed","template":"","meta":{"inline_featured_image":false},"product_brand":[],"product_cat":[72,89],"product_tag":[],"class_list":{"0":"post-8277","1":"product","2":"type-product","3":"status-publish","4":"has-post-thumbnail","6":"product_cat-alarmni-in-video-nadzor","7":"product_cat-dvc","9":"first","10":"instock","11":"taxable","12":"shipping-taxable","13":"purchasable","14":"product-type-simple","15":"czr-hentry"},"_links":{"self":[{"href":"https:\/\/www.tada.si\/en\/wp-json\/wp\/v2\/product\/8277","targetHints":{"allow":["GET"]}}],"collection":[{"href":"https:\/\/www.tada.si\/en\/wp-json\/wp\/v2\/product"}],"about":[{"href":"https:\/\/www.tada.si\/en\/wp-json\/wp\/v2\/types\/product"}],"replies":[{"embeddable":true,"href":"https:\/\/www.tada.si\/en\/wp-json\/wp\/v2\/comments?post=8277"}],"wp:featuredmedia":[{"embeddable":true,"href":"https:\/\/www.tada.si\/en\/wp-json\/wp\/v2\/media\/8132"}],"wp:attachment":[{"href":"https:\/\/www.tada.si\/en\/wp-json\/wp\/v2\/media?parent=8277"}],"wp:term":[{"taxonomy":"product_brand","embeddable":true,"href":"https:\/\/www.tada.si\/en\/wp-json\/wp\/v2\/product_brand?post=8277"},{"taxonomy":"product_cat","embeddable":true,"href":"https:\/\/www.tada.si\/en\/wp-json\/wp\/v2\/product_cat?post=8277"},{"taxonomy":"product_tag","embeddable":true,"href":"https:\/\/www.tada.si\/en\/wp-json\/wp\/v2\/product_tag?post=8277"}],"curies":[{"name":"wp","href":"https:\/\/api.w.org\/{rel}","templated":true}]}}