{"id":8283,"date":"2024-04-25T12:23:05","date_gmt":"2024-04-25T10:23:05","guid":{"rendered":"https:\/\/www.tada.si\/?post_type=product&#038;p=8283"},"modified":"2026-04-09T11:10:58","modified_gmt":"2026-04-09T09:10:58","slug":"dca-tf2282","status":"publish","type":"product","link":"https:\/\/www.tada.si\/en\/trgovina\/alarmni-in-video-nadzor\/dvc\/dca-tf2282\/","title":{"rendered":"DVC Video kamera DCA-TF2282"},"content":{"rendered":"<p>Turret nalogna HD video kamera, resolucije 2Mpx, 1\/3&#8243; CMOS, objektiv 2.8mm, ob\u010dutljivost 0.01lux@F1.2, IR domet 10-20m, napajanje 12V DC, plasti\u010dno ohi\u0161je, IP66.<\/p>","protected":false},"excerpt":{"rendered":"<p>Turret nalogna HD video kamera, resolucije 2Mpx, 1\/3&#8243; CMOS, objektiv 2.8mm, ob\u010dutljivost 0.01lux@F1.2, IR domet 10-20m, napajanje 12V DC, plasti\u010dno ohi\u0161je, IP66.<\/p>","protected":false},"featured_media":8129,"comment_status":"open","ping_status":"closed","template":"","meta":{"inline_featured_image":false},"product_brand":[],"product_cat":[72,89],"product_tag":[],"class_list":{"0":"post-8283","1":"product","2":"type-product","3":"status-publish","4":"has-post-thumbnail","6":"product_cat-alarmni-in-video-nadzor","7":"product_cat-dvc","9":"first","10":"instock","11":"taxable","12":"shipping-taxable","13":"purchasable","14":"product-type-simple","15":"czr-hentry"},"_links":{"self":[{"href":"https:\/\/www.tada.si\/en\/wp-json\/wp\/v2\/product\/8283","targetHints":{"allow":["GET"]}}],"collection":[{"href":"https:\/\/www.tada.si\/en\/wp-json\/wp\/v2\/product"}],"about":[{"href":"https:\/\/www.tada.si\/en\/wp-json\/wp\/v2\/types\/product"}],"replies":[{"embeddable":true,"href":"https:\/\/www.tada.si\/en\/wp-json\/wp\/v2\/comments?post=8283"}],"wp:featuredmedia":[{"embeddable":true,"href":"https:\/\/www.tada.si\/en\/wp-json\/wp\/v2\/media\/8129"}],"wp:attachment":[{"href":"https:\/\/www.tada.si\/en\/wp-json\/wp\/v2\/media?parent=8283"}],"wp:term":[{"taxonomy":"product_brand","embeddable":true,"href":"https:\/\/www.tada.si\/en\/wp-json\/wp\/v2\/product_brand?post=8283"},{"taxonomy":"product_cat","embeddable":true,"href":"https:\/\/www.tada.si\/en\/wp-json\/wp\/v2\/product_cat?post=8283"},{"taxonomy":"product_tag","embeddable":true,"href":"https:\/\/www.tada.si\/en\/wp-json\/wp\/v2\/product_tag?post=8283"}],"curies":[{"name":"wp","href":"https:\/\/api.w.org\/{rel}","templated":true}]}}