{"id":8311,"date":"2024-04-26T09:20:20","date_gmt":"2024-04-26T07:20:20","guid":{"rendered":"https:\/\/www.tada.si\/?post_type=product&#038;p=8311"},"modified":"2026-04-09T15:18:25","modified_gmt":"2026-04-09T13:18:25","slug":"dvc-snemalnik-drn-64168rr","status":"publish","type":"product","link":"https:\/\/www.tada.si\/en\/trgovina\/alarmni-in-video-nadzor\/dvc\/snemalniki-dvc\/dvc-snemalnik-drn-64168rr\/","title":{"rendered":"DVC snemalnik DRN-64168RR"},"content":{"rendered":"<p>Samostojni 64 kanalni NVR, podpira 8Mpx\/5Mpx\/4Mpx\/3Mpx\/1080p DVC IP kamere, 8 x HDD (max. 8x8TB), RAID 0,1,5,6,10, quadpleks, H.264\/H.265+ kompresija, hitrost snemanja 8Mpx\/25fps; 5Mpx\/25fps; 4Mpx\/25fps; 3Mpx\/25fps; 1080p\/25fps, RS485, 2 x HDMI (2K\/4K) in VGA video izhod, 2x LAN Giga Ethernet, P2P, DHCP, DDNS, spletni vmesnik, mobilni klient, dvojni video pretok, napajanje 230 VAC., Onvif kompatibilen, FULL VCA AI video analitika: Pre\u010dkanje linije (\u010dlovek ali vozilo), vdor (\u010dlovek ali vozilo), odstranitev predmeta, \u0161tetje vozil , \u0161tetje ljudi, sledenje osebi, zaznava zameglitve slike, zaznava spremembe kadra, zaznava pokritja kamere, prepoznava in zajem obrazov, prepoznava gne\u010de oseb (umetna inteligenca), dewarping za fisheye, prepoznava obraza, branje in prepoznava avto registrskih tablic (LPR), 2U rack ohi\u0161je, z mi\u0161ko in daljincem, brez diskov, 3 leta garancije.<\/p>","protected":false},"excerpt":{"rendered":"<p>Samostojni 64 kanalni NVR, podpira 8Mpx\/5Mpx\/4Mpx\/3Mpx\/1080p DVC IP kamere, 8 x HDD (max. 8x8TB), RAID 0,1,5,6,10, quadpleks, H.264\/H.265+ kompresija, hitrost snemanja 8Mpx\/25fps; 5Mpx\/25fps; 4Mpx\/25fps; 3Mpx\/25fps; 1080p\/25fps, RS485, 2 x HDMI (2K\/4K) in VGA video izhod, 2x LAN Giga Ethernet, P2P, DHCP, DDNS, spletni vmesnik, mobilni klient, dvojni video pretok, napajanje 230 VAC., Onvif kompatibilen, FULL [&hellip;]<\/p>\n","protected":false},"featured_media":8184,"comment_status":"open","ping_status":"closed","template":"","meta":{"inline_featured_image":false},"product_brand":[],"product_cat":[72,89,139],"product_tag":[],"class_list":{"0":"post-8311","1":"product","2":"type-product","3":"status-publish","4":"has-post-thumbnail","6":"product_cat-alarmni-in-video-nadzor","7":"product_cat-dvc","8":"product_cat-snemalniki-dvc","10":"first","11":"instock","12":"taxable","13":"shipping-taxable","14":"purchasable","15":"product-type-simple","16":"czr-hentry"},"_links":{"self":[{"href":"https:\/\/www.tada.si\/en\/wp-json\/wp\/v2\/product\/8311","targetHints":{"allow":["GET"]}}],"collection":[{"href":"https:\/\/www.tada.si\/en\/wp-json\/wp\/v2\/product"}],"about":[{"href":"https:\/\/www.tada.si\/en\/wp-json\/wp\/v2\/types\/product"}],"replies":[{"embeddable":true,"href":"https:\/\/www.tada.si\/en\/wp-json\/wp\/v2\/comments?post=8311"}],"wp:featuredmedia":[{"embeddable":true,"href":"https:\/\/www.tada.si\/en\/wp-json\/wp\/v2\/media\/8184"}],"wp:attachment":[{"href":"https:\/\/www.tada.si\/en\/wp-json\/wp\/v2\/media?parent=8311"}],"wp:term":[{"taxonomy":"product_brand","embeddable":true,"href":"https:\/\/www.tada.si\/en\/wp-json\/wp\/v2\/product_brand?post=8311"},{"taxonomy":"product_cat","embeddable":true,"href":"https:\/\/www.tada.si\/en\/wp-json\/wp\/v2\/product_cat?post=8311"},{"taxonomy":"product_tag","embeddable":true,"href":"https:\/\/www.tada.si\/en\/wp-json\/wp\/v2\/product_tag?post=8311"}],"curies":[{"name":"wp","href":"https:\/\/api.w.org\/{rel}","templated":true}]}}