{"id":8323,"date":"2024-04-26T10:17:11","date_gmt":"2024-04-26T08:17:11","guid":{"rendered":"https:\/\/www.tada.si\/?post_type=product&#038;p=8323"},"modified":"2026-04-09T11:10:00","modified_gmt":"2026-04-09T09:10:00","slug":"dcn-pf16333s","status":"publish","type":"product","link":"https:\/\/www.tada.si\/en\/trgovina\/alarmni-in-video-nadzor\/dvc\/ip-kamere\/dcn-pf16333s\/","title":{"rendered":"DVC Video kamera DCN-PF16333S"},"content":{"rendered":"<p>16 MPx Panoramska bullet IP video kamera 360\u00b0, lo\u010dljivost 8x 1080P video moduli, ki sestavljajo eno sliko 16MP (4096x1800x2), H.265, IR 20-30m, True WDR 120dB, AC24V, DC24V, PoE++, SD kartica, avdio vhod+zvo\u010dnik, bela svetloba, Onvif, AI video analitika, IP67, za\u0161\u010dita IK10. 3 leta garancije.<\/p>","protected":false},"excerpt":{"rendered":"<p>16 MPx Panoramska bullet IP video kamera 360\u00b0, lo\u010dljivost 8x 1080P video moduli, ki sestavljajo eno sliko 16MP (4096x1800x2), H.265, IR 20-30m, True WDR 120dB, AC24V, DC24V, PoE++, SD kartica, avdio vhod+zvo\u010dnik, bela svetloba, Onvif, AI video analitika, IP67, za\u0161\u010dita IK10. 3 leta garancije.<\/p>","protected":false},"featured_media":8149,"comment_status":"open","ping_status":"closed","template":"","meta":{"inline_featured_image":false},"product_brand":[],"product_cat":[72,89,174],"product_tag":[],"class_list":{"0":"post-8323","1":"product","2":"type-product","3":"status-publish","4":"has-post-thumbnail","6":"product_cat-alarmni-in-video-nadzor","7":"product_cat-dvc","8":"product_cat-ip-kamere","10":"first","11":"instock","12":"taxable","13":"shipping-taxable","14":"purchasable","15":"product-type-simple","16":"czr-hentry"},"_links":{"self":[{"href":"https:\/\/www.tada.si\/en\/wp-json\/wp\/v2\/product\/8323","targetHints":{"allow":["GET"]}}],"collection":[{"href":"https:\/\/www.tada.si\/en\/wp-json\/wp\/v2\/product"}],"about":[{"href":"https:\/\/www.tada.si\/en\/wp-json\/wp\/v2\/types\/product"}],"replies":[{"embeddable":true,"href":"https:\/\/www.tada.si\/en\/wp-json\/wp\/v2\/comments?post=8323"}],"wp:featuredmedia":[{"embeddable":true,"href":"https:\/\/www.tada.si\/en\/wp-json\/wp\/v2\/media\/8149"}],"wp:attachment":[{"href":"https:\/\/www.tada.si\/en\/wp-json\/wp\/v2\/media?parent=8323"}],"wp:term":[{"taxonomy":"product_brand","embeddable":true,"href":"https:\/\/www.tada.si\/en\/wp-json\/wp\/v2\/product_brand?post=8323"},{"taxonomy":"product_cat","embeddable":true,"href":"https:\/\/www.tada.si\/en\/wp-json\/wp\/v2\/product_cat?post=8323"},{"taxonomy":"product_tag","embeddable":true,"href":"https:\/\/www.tada.si\/en\/wp-json\/wp\/v2\/product_tag?post=8323"}],"curies":[{"name":"wp","href":"https:\/\/api.w.org\/{rel}","templated":true}]}}