{"id":8335,"date":"2024-04-26T10:40:09","date_gmt":"2024-04-26T08:40:09","guid":{"rendered":"https:\/\/www.tada.si\/?post_type=product&#038;p=8335"},"modified":"2026-04-09T11:07:34","modified_gmt":"2026-04-09T09:07:34","slug":"dcn-bm8125n","status":"publish","type":"product","link":"https:\/\/www.tada.si\/en\/trgovina\/alarmni-in-video-nadzor\/dvc\/ip-kamere\/dcn-bm8125n\/","title":{"rendered":"DVC Video kamera DCN-BM8125N"},"content":{"rendered":"<p>8MPX zunanja kompaktna IP video kamera, resolucija 8Mpx\/20fps, 1\/2.8&#8221; Sony IMX415, objektiv 2,8-12mm moto zoom, H.265+, 2 x Array IR LED dometa 30-50 m, 0.008Lux@F1.2, 0Lux IR ON, D-WDR, 12VDC\/PoE, SD kartica, audio in, Onvif, IP67 za\u0161\u010dita, VCA videoanalitika: pre\u010dkanje linije, vdor, zameglitev slike, sprememba kadra, 3 leta garancije. Podno\u017eja H2 (DAJ-38, DAJ-40, DAM-35).<\/p>","protected":false},"excerpt":{"rendered":"<p>8MPX zunanja kompaktna IP video kamera, resolucija 8Mpx\/20fps, 1\/2.8&#8221; Sony IMX415, objektiv 2,8-12mm moto zoom, H.265+, 2 x Array IR LED dometa 30-50 m, 0.008Lux@F1.2, 0Lux IR ON, D-WDR, 12VDC\/PoE, SD kartica, audio in, Onvif, IP67 za\u0161\u010dita, VCA videoanalitika: pre\u010dkanje linije, vdor, zameglitev slike, sprememba kadra, 3 leta garancije. Podno\u017eja H2 (DAJ-38, DAJ-40, DAM-35).<\/p>","protected":false},"featured_media":8144,"comment_status":"open","ping_status":"closed","template":"","meta":{"inline_featured_image":false},"product_brand":[],"product_cat":[72,89,174],"product_tag":[],"class_list":{"0":"post-8335","1":"product","2":"type-product","3":"status-publish","4":"has-post-thumbnail","6":"product_cat-alarmni-in-video-nadzor","7":"product_cat-dvc","8":"product_cat-ip-kamere","10":"first","11":"instock","12":"taxable","13":"shipping-taxable","14":"purchasable","15":"product-type-simple","16":"czr-hentry"},"_links":{"self":[{"href":"https:\/\/www.tada.si\/en\/wp-json\/wp\/v2\/product\/8335","targetHints":{"allow":["GET"]}}],"collection":[{"href":"https:\/\/www.tada.si\/en\/wp-json\/wp\/v2\/product"}],"about":[{"href":"https:\/\/www.tada.si\/en\/wp-json\/wp\/v2\/types\/product"}],"replies":[{"embeddable":true,"href":"https:\/\/www.tada.si\/en\/wp-json\/wp\/v2\/comments?post=8335"}],"wp:featuredmedia":[{"embeddable":true,"href":"https:\/\/www.tada.si\/en\/wp-json\/wp\/v2\/media\/8144"}],"wp:attachment":[{"href":"https:\/\/www.tada.si\/en\/wp-json\/wp\/v2\/media?parent=8335"}],"wp:term":[{"taxonomy":"product_brand","embeddable":true,"href":"https:\/\/www.tada.si\/en\/wp-json\/wp\/v2\/product_brand?post=8335"},{"taxonomy":"product_cat","embeddable":true,"href":"https:\/\/www.tada.si\/en\/wp-json\/wp\/v2\/product_cat?post=8335"},{"taxonomy":"product_tag","embeddable":true,"href":"https:\/\/www.tada.si\/en\/wp-json\/wp\/v2\/product_tag?post=8335"}],"curies":[{"name":"wp","href":"https:\/\/api.w.org\/{rel}","templated":true}]}}