{"id":8342,"date":"2024-04-26T10:51:02","date_gmt":"2024-04-26T08:51:02","guid":{"rendered":"https:\/\/www.tada.si\/?post_type=product&#038;p=8342"},"modified":"2026-04-09T10:53:46","modified_gmt":"2026-04-09T08:53:46","slug":"dvc-video-kamera-dcn-pm825x150","status":"publish","type":"product","link":"https:\/\/www.tada.si\/en\/trgovina\/alarmni-in-video-nadzor\/dvc\/ip-kamere\/dvc-video-kamera-dcn-pm825x150\/","title":{"rendered":"DVC Video kamera DCN-PM825X150"},"content":{"rendered":"<h2 data-start=\"135\" data-end=\"201\"><a href=\"https:\/\/www.dvc.video\/en\/product\/video-surveillance\/ptz-cameras\/dcn-pm825x150-2\/\" target=\"_blank\" rel=\"noopener\"><strong data-start=\"138\" data-end=\"199\">DVC DCN\u2011PM825X150 \u2013<\/strong><strong data-start=\"151\" data-end=\"207\">4\u201d PTZ IP kamera 8Mpx, 25\u00d7 zoom, IR 150m, AI VCA<\/strong><\/a><\/h2>\n<p data-start=\"203\" data-end=\"601\"><strong data-start=\"203\" data-end=\"224\">DVC DCN\u2011PM825X150\u00a0<\/strong>je vrhunska<b>, <\/b>profesionalna <strong data-start=\"223\" data-end=\"247\">DVC 4\u201d PTZ IP kamera<\/strong> z visoko lo\u010dljivostjo <strong data-start=\"270\" data-end=\"289\">8 Mpx pri 25fps<\/strong> je zasnovana za napreden videonadzor ve\u010djih povr\u0161in, industrijskih objektov, logisti\u010dnih centrov, parkiri\u0161\u010d in kriti\u010dne infrastrukture.<\/p>\n<p data-start=\"427\" data-end=\"686\">Opremljena je s tipalom <strong data-start=\"451\" data-end=\"475\">Sony IMX715 (1\/2.8\u201d)<\/strong>, zmogljivim procesorjem <strong data-start=\"500\" data-end=\"511\">Novatek<\/strong> ter <strong data-start=\"516\" data-end=\"552\">25\u00d7 opti\u010dnim zoomom (4.8\u2013120 mm)<\/strong>, ki omogo\u010da izjemno natan\u010dno spremljanje oddaljenih objektov. Z lo\u010dljivostjo 8Mpx zagotavlja kristalno jasno sliko podnevi in pono\u010di.<\/p>\n<p data-start=\"688\" data-end=\"726\">Vgrajena <strong data-start=\"697\" data-end=\"717\">AI VCA analitika<\/strong> omogo\u010da:<\/p>\n<ul data-start=\"727\" data-end=\"910\">\n<li data-start=\"727\" data-end=\"751\">\n<p data-start=\"729\" data-end=\"751\">sledenje oseb in vozil<\/p>\n<\/li>\n<li data-start=\"752\" data-end=\"769\">\n<p data-start=\"754\" data-end=\"769\">pre\u010dkanje linij<\/p>\n<\/li>\n<li data-start=\"770\" data-end=\"798\">\n<p data-start=\"772\" data-end=\"798\">zaznavanje vdora v obmo\u010dje<\/p>\n<\/li>\n<li data-start=\"799\" data-end=\"818\">\n<p data-start=\"801\" data-end=\"818\">sledenje objektom<\/p>\n<\/li>\n<li data-start=\"819\" data-end=\"842\">\n<p data-start=\"821\" data-end=\"842\">prepoznavanje obrazov<\/p>\n<\/li>\n<li data-start=\"843\" data-end=\"879\">\n<p data-start=\"845\" data-end=\"879\">samodejno sledenje (Auto Tracking)<\/p>\n<\/li>\n<li data-start=\"880\" data-end=\"910\">\n<p data-start=\"882\" data-end=\"910\">zaznavanje izjemnih dogodkov<\/p>\n<\/li>\n<\/ul>\n<hr data-start=\"912\" data-end=\"915\" \/>\n<h2 data-start=\"917\" data-end=\"937\">Klju\u010dne prednosti<\/h2>\n<ul data-start=\"939\" data-end=\"1359\">\n<li data-start=\"939\" data-end=\"972\">\n<p data-start=\"941\" data-end=\"972\"><strong data-start=\"941\" data-end=\"972\">8Mpx lo\u010dljivost (3840\u00d72160)<\/strong><\/p>\n<\/li>\n<li data-start=\"973\" data-end=\"995\">\n<p data-start=\"975\" data-end=\"995\"><strong data-start=\"975\" data-end=\"995\">25\u00d7 opti\u010dni zoom<\/strong><\/p>\n<\/li>\n<li data-start=\"996\" data-end=\"1024\">\n<p data-start=\"998\" data-end=\"1024\"><strong data-start=\"998\" data-end=\"1024\">IR osvetlitev do 150 m<\/strong><\/p>\n<\/li>\n<li data-start=\"1025\" data-end=\"1049\">\n<p data-start=\"1027\" data-end=\"1049\">360\u00b0 neomejeno vrtenje<\/p>\n<\/li>\n<li data-start=\"1050\" data-end=\"1094\">\n<p data-start=\"1052\" data-end=\"1094\">Pan\/Tilt hitrost do 200\u00b0\/s (preset 240\u00b0\/s)<\/p>\n<\/li>\n<li data-start=\"1095\" data-end=\"1131\">\n<p data-start=\"1097\" data-end=\"1131\"><strong data-start=\"1097\" data-end=\"1131\">360 prednastavitev + 8 patrulj<\/strong><\/p>\n<\/li>\n<li data-start=\"1132\" data-end=\"1157\">\n<p data-start=\"1134\" data-end=\"1157\">D-WDR, HLC, BLC, 3D DNR<\/p>\n<\/li>\n<li data-start=\"1158\" data-end=\"1188\">\n<p data-start=\"1160\" data-end=\"1188\">Re\u017ea za SD kartico do 256 GB<\/p>\n<\/li>\n<li data-start=\"1189\" data-end=\"1221\">\n<p data-start=\"1191\" data-end=\"1221\">1\u00d7 avdio vhod \/ 1\u00d7 avdio izhod<\/p>\n<\/li>\n<li data-start=\"1222\" data-end=\"1258\">\n<p data-start=\"1224\" data-end=\"1258\">1\u00d7 alarmni vhod \/ 1\u00d7 alarmni izhod<\/p>\n<\/li>\n<li data-start=\"1259\" data-end=\"1278\">\n<p data-start=\"1261\" data-end=\"1278\">Podpora <strong data-start=\"1269\" data-end=\"1278\">Onvif<\/strong><\/p>\n<\/li>\n<li data-start=\"1279\" data-end=\"1305\">\n<p data-start=\"1281\" data-end=\"1305\">Kompresija H.264 \/ H.265<\/p>\n<\/li>\n<li data-start=\"1306\" data-end=\"1337\">\n<p data-start=\"1308\" data-end=\"1337\">Napajanje <strong data-start=\"1318\" data-end=\"1337\">PoE+ ali 12V DC<\/strong><\/p>\n<\/li>\n<li data-start=\"1338\" data-end=\"1359\">\n<p data-start=\"1340\" data-end=\"1359\">Nizka poraba (&lt;24W)<\/p>\n<\/li>\n<\/ul>\n<hr data-start=\"1361\" data-end=\"1364\" \/>\n<h2 data-start=\"1366\" data-end=\"1403\">Robustna zasnova za zunanje pogoje<\/h2>\n<ul data-start=\"1405\" data-end=\"1542\">\n<li data-start=\"1405\" data-end=\"1443\">\n<p data-start=\"1407\" data-end=\"1443\"><strong data-start=\"1407\" data-end=\"1423\">IP66 za\u0161\u010dita<\/strong> proti prahu in vodi<\/p>\n<\/li>\n<li data-start=\"1444\" data-end=\"1473\">\n<p data-start=\"1446\" data-end=\"1473\"><strong data-start=\"1446\" data-end=\"1473\">IK10 antivandal za\u0161\u010dita<\/strong><\/p>\n<\/li>\n<li data-start=\"1474\" data-end=\"1524\">\n<p data-start=\"1476\" data-end=\"1524\">Delovanje pri temperaturah od <strong data-start=\"1506\" data-end=\"1524\">-40\u00b0C do +60\u00b0C<\/strong><\/p>\n<\/li>\n<li data-start=\"1525\" data-end=\"1542\">\n<p data-start=\"1527\" data-end=\"1542\">Vla\u017enost 0\u201390 %<\/p>\n<\/li>\n<\/ul>\n<p data-start=\"1544\" data-end=\"1627\">Kamera je primerna za zahtevne zunanje pogoje in dolgoro\u010dno neprekinjeno delovanje.<\/p>\n<hr data-start=\"1629\" data-end=\"1632\" \/>\n<h2 data-start=\"1634\" data-end=\"1670\">Tehni\u010dne specifikacije (povzetek)<\/h2>\n<ul data-start=\"1672\" data-end=\"1935\">\n<li data-start=\"1672\" data-end=\"1697\">\n<p data-start=\"1674\" data-end=\"1697\">Tip: 4\u201d PTZ IP kamera<\/p>\n<\/li>\n<li data-start=\"1698\" data-end=\"1728\">\n<p data-start=\"1700\" data-end=\"1728\">Senzor: 1\/2.8\u201d Sony IMX715<\/p>\n<\/li>\n<li data-start=\"1729\" data-end=\"1782\">\n<p data-start=\"1731\" data-end=\"1782\">Lo\u010dljivost: 8Mpx @25fps (podpora 4Mpx, 2Mpx itd.)<\/p>\n<\/li>\n<li data-start=\"1783\" data-end=\"1807\">\n<p data-start=\"1785\" data-end=\"1807\">Objektiv: 4.8\u2013120 mm<\/p>\n<\/li>\n<li data-start=\"1808\" data-end=\"1849\">\n<p data-start=\"1810\" data-end=\"1849\">Minimalna osvetlitev: 0.01 lux @F1.65<\/p>\n<\/li>\n<li data-start=\"1850\" data-end=\"1869\">\n<p data-start=\"1852\" data-end=\"1869\">IR doseg: 150 m<\/p>\n<\/li>\n<li data-start=\"1870\" data-end=\"1879\">\n<p data-start=\"1872\" data-end=\"1879\">D-WDR<\/p>\n<\/li>\n<li data-start=\"1880\" data-end=\"1905\">\n<p data-start=\"1882\" data-end=\"1905\">SD kartica: do 256 GB<\/p>\n<\/li>\n<li data-start=\"1906\" data-end=\"1935\">\n<p data-start=\"1908\" data-end=\"1935\">Dimenzije: \u00d8 173 \u00d7 247 mm<\/p>\n<\/li>\n<\/ul>","protected":false},"excerpt":{"rendered":"<p>DVC DCN\u2011PM825X150 je profesionalna 8Mpx 4\u201d PTZ IP kamera z 25\u00d7 zoomom, AI analitiko, IR do 150m, IP66\/IK10 za\u0161\u010dito in PoE+ napajanjem za napreden zunanji videonadzor.<\/p>\n<p>Oglejte si \u0161e\u00a0<a href=\"https:\/\/www.tada.si\/en\/product-category\/video-nadzor\/dvc\/\">ostalo ponudbo DVC izdelkov na na\u0161i spletni strani.<\/a><\/p>","protected":false},"featured_media":8154,"comment_status":"open","ping_status":"closed","template":"","meta":{"inline_featured_image":false},"product_brand":[],"product_cat":[72,89,174],"product_tag":[],"class_list":{"0":"post-8342","1":"product","2":"type-product","3":"status-publish","4":"has-post-thumbnail","6":"product_cat-alarmni-in-video-nadzor","7":"product_cat-dvc","8":"product_cat-ip-kamere","10":"first","11":"instock","12":"taxable","13":"shipping-taxable","14":"purchasable","15":"product-type-simple","16":"czr-hentry"},"_links":{"self":[{"href":"https:\/\/www.tada.si\/en\/wp-json\/wp\/v2\/product\/8342","targetHints":{"allow":["GET"]}}],"collection":[{"href":"https:\/\/www.tada.si\/en\/wp-json\/wp\/v2\/product"}],"about":[{"href":"https:\/\/www.tada.si\/en\/wp-json\/wp\/v2\/types\/product"}],"replies":[{"embeddable":true,"href":"https:\/\/www.tada.si\/en\/wp-json\/wp\/v2\/comments?post=8342"}],"wp:featuredmedia":[{"embeddable":true,"href":"https:\/\/www.tada.si\/en\/wp-json\/wp\/v2\/media\/8154"}],"wp:attachment":[{"href":"https:\/\/www.tada.si\/en\/wp-json\/wp\/v2\/media?parent=8342"}],"wp:term":[{"taxonomy":"product_brand","embeddable":true,"href":"https:\/\/www.tada.si\/en\/wp-json\/wp\/v2\/product_brand?post=8342"},{"taxonomy":"product_cat","embeddable":true,"href":"https:\/\/www.tada.si\/en\/wp-json\/wp\/v2\/product_cat?post=8342"},{"taxonomy":"product_tag","embeddable":true,"href":"https:\/\/www.tada.si\/en\/wp-json\/wp\/v2\/product_tag?post=8342"}],"curies":[{"name":"wp","href":"https:\/\/api.w.org\/{rel}","templated":true}]}}