{"id":8347,"date":"2024-04-26T10:58:13","date_gmt":"2024-04-26T08:58:13","guid":{"rendered":"https:\/\/www.tada.si\/?post_type=product&#038;p=8347"},"modified":"2026-04-09T10:53:45","modified_gmt":"2026-04-09T08:53:45","slug":"dvc-video-kamera-dcn-pm404x50v2","status":"publish","type":"product","link":"https:\/\/www.tada.si\/en\/trgovina\/alarmni-in-video-nadzor\/dvc\/ip-kamere\/dvc-video-kamera-dcn-pm404x50v2\/","title":{"rendered":"DVC Video kamera DCN-PM404X50V2"},"content":{"rendered":"<p><a href=\"https:\/\/www.dvc.video\/me\/proizvod\/videonadzor-me\/ptz-kamere-me\/dcn-pm404x50v2-2\/\" target=\"_blank\" rel=\"noopener\">DVC DCN-PM404X50V2 \u2013 3\u201d PTZ IP video kamera z AI analitiko\u00a0<\/a>je profesionalna <strong data-start=\"269\" data-end=\"295\">3\u201d PTZ IP video kamera<\/strong>, zasnovana za nadzor velikih povr\u0161in in zahtevnih zunanjih aplikacij. Kamera omogo\u010da <strong data-start=\"381\" data-end=\"412\">4\u202fMpx lo\u010dljivost pri 25\u202ffps<\/strong>, natan\u010den <strong data-start=\"423\" data-end=\"442\">4\u00d7 opti\u010dni zoom<\/strong> (2.8\u201112\u202fmm) in <strong data-start=\"458\" data-end=\"477\">True WDR 120\u202fdB<\/strong>, ki zagotavlja izjemno kakovost slike tudi v kontrastnih svetlobnih pogojih.<\/p>\n<p data-start=\"594\" data-end=\"960\">S podporo naprednih <strong data-start=\"614\" data-end=\"645\">AI videoanaliti\u010dnih funkcij<\/strong> kamera prepozna in sledi osebam ter vozilom, zaznava pre\u010dkanje linij, vdor v prostor ali druge izjemne dogodke ter omogo\u010da <strong data-start=\"769\" data-end=\"791\">samodejno sledenje<\/strong> objektom. Do <strong data-start=\"805\" data-end=\"837\">300 prednastavljenih pozicij<\/strong> in ve\u010d patrolnih poti omogo\u010da inteligentno pokrivanje raznolikih scenarijev nadzora.<\/p>\n<p data-start=\"962\" data-end=\"1262\">Zahvaljujo\u010d <strong data-start=\"974\" data-end=\"1002\">antivandal ohi\u0161ju (IK10)<\/strong> in za\u0161\u010diti <strong data-start=\"1014\" data-end=\"1022\">IP66<\/strong> je kamera idealna za zunanje namestitve tudi v zahtevnih pogojih. Integrirani IR LED modul omogo\u010da no\u010dno opazovanje do <strong data-start=\"1142\" data-end=\"1150\">50\u202fm<\/strong>, dopolnjen pa je z <strong data-start=\"1170\" data-end=\"1189\">White Light LED<\/strong> do <strong data-start=\"1193\" data-end=\"1201\">30\u202fm<\/strong> za barvno no\u010dno sliko.<\/p>\n<hr data-start=\"1264\" data-end=\"1267\" \/>\n<h3 data-start=\"1269\" data-end=\"1311\"><strong data-start=\"1273\" data-end=\"1311\">Napredne funkcije in specifikacije<\/strong><\/h3>\n<ul data-start=\"1312\" data-end=\"2443\">\n<li data-start=\"1312\" data-end=\"1411\">\n<p data-start=\"1314\" data-end=\"1411\"><strong data-start=\"1314\" data-end=\"1337\">4\u202fMpx PTZ IP kamera<\/strong> z lo\u010dljivostjo do 4\u202fMpx @ 25\u202ffps.<\/p>\n<\/li>\n<li data-start=\"1412\" data-end=\"1511\">\n<p data-start=\"1414\" data-end=\"1511\"><strong data-start=\"1414\" data-end=\"1433\">4\u00d7 opti\u010dni zoom<\/strong> (2.8\u201312\u202fmm) za jasen prikaz detajlov.<\/p>\n<\/li>\n<li data-start=\"1512\" data-end=\"1654\">\n<p data-start=\"1514\" data-end=\"1654\"><strong data-start=\"1514\" data-end=\"1535\">AI videoanalitika<\/strong>: sledenje oseb in vozil, pre\u010dkanje linij, nadzor prostora, samodejno sledenje.<\/p>\n<\/li>\n<li data-start=\"1655\" data-end=\"1755\">\n<p data-start=\"1657\" data-end=\"1755\"><strong data-start=\"1657\" data-end=\"1680\">IR no\u010dna vidljivost<\/strong> do 50\u202fm + White Light LED do 30\u202fm.<\/p>\n<\/li>\n<li data-start=\"1756\" data-end=\"1890\">\n<p data-start=\"1758\" data-end=\"1890\"><strong data-start=\"1758\" data-end=\"1777\">True WDR 120\u202fdB<\/strong>, 3D DNR in funkcije HLC\/BLC za bolj\u0161o sliko v te\u017ekih svetlobnih pogojih.<\/p>\n<\/li>\n<li data-start=\"1891\" data-end=\"2001\">\n<p data-start=\"1893\" data-end=\"2001\"><strong data-start=\"1893\" data-end=\"1921\">Antivandal ohi\u0161je (IK10)<\/strong> in <strong data-start=\"1925\" data-end=\"1941\">IP66 za\u0161\u010dita<\/strong> za zunanjo uporabo.<\/p>\n<\/li>\n<li data-start=\"2002\" data-end=\"2109\">\n<p data-start=\"2004\" data-end=\"2109\">Podpora <strong data-start=\"2012\" data-end=\"2021\">Onvif<\/strong>, standardne kompresije <strong data-start=\"2045\" data-end=\"2068\">H.264 \/ Smart H.265<\/strong>.<\/p>\n<\/li>\n<li data-start=\"2110\" data-end=\"2224\">\n<p data-start=\"2112\" data-end=\"2224\">Shramba na <strong data-start=\"2123\" data-end=\"2147\">SD kartico do 128\u202fGB<\/strong> in mo\u017enost <strong data-start=\"2159\" data-end=\"2181\">TCP\/IP upravljanja<\/strong>.<\/p>\n<\/li>\n<li data-start=\"2225\" data-end=\"2324\">\n<p data-start=\"2227\" data-end=\"2324\"><strong data-start=\"2227\" data-end=\"2257\">Avdio vhod\/izhod (1\u00d7 \/ 1\u00d7)<\/strong> in alarmni vhodi\/izhodi.<\/p>\n<\/li>\n<li data-start=\"2325\" data-end=\"2443\">\n<p data-start=\"2327\" data-end=\"2443\">Delovanje v temperaturnem razponu <strong data-start=\"2361\" data-end=\"2381\">\u201330\u202f\u00b0C do +55\u202f\u00b0C<\/strong> z vla\u017enostjo do 90\u202f%.<\/p>\n<\/li>\n<\/ul>\n<hr data-start=\"2445\" data-end=\"2448\" \/>\n<h3 data-start=\"2450\" data-end=\"2491\"><strong data-start=\"2454\" data-end=\"2491\">Zakaj izbrati DVC DCN\u2011PM404X50V2?<\/strong><\/h3>\n<p data-start=\"2493\" data-end=\"2883\">Kamera je popolna re\u0161itev za <strong data-start=\"2522\" data-end=\"2566\">industrijske, poslovne in javne povr\u0161ine<\/strong>, kjer je potreben inteligenten in zanesljiv nadzor z visoko lo\u010dljivostjo in robustno konstrukcijo. Funkcije AI analitike omogo\u010dajo proaktivno zaznavanje dogodkov in zmanj\u0161ujejo la\u017ene alarme. Zaradi visoke stopnje za\u0161\u010dite je kamera primerna tudi za kriti\u010dne zunanje aplikacije.<\/p>","protected":false},"excerpt":{"rendered":"<p>DVC DCN\u2011PM404X50V2 je profesionalna 3\u201d PTZ IP kamera z 4\u202fMpx, AI analitiko, 4\u00d7 zoom, IR do 50\u202fm in IP66\/IK10 za\u0161\u010dito za zunanji nadzor.<\/p>\n<p>Oglejte si \u0161e\u00a0<a href=\"https:\/\/www.tada.si\/en\/product-category\/video-nadzor\/dvc\/\">ostalo ponudbo DVC izdelkov na na\u0161i spletni strani.<\/a><\/p>","protected":false},"featured_media":8153,"comment_status":"open","ping_status":"closed","template":"","meta":{"inline_featured_image":false},"product_brand":[],"product_cat":[72,89,174],"product_tag":[],"class_list":{"0":"post-8347","1":"product","2":"type-product","3":"status-publish","4":"has-post-thumbnail","6":"product_cat-alarmni-in-video-nadzor","7":"product_cat-dvc","8":"product_cat-ip-kamere","10":"first","11":"instock","12":"taxable","13":"shipping-taxable","14":"purchasable","15":"product-type-simple","16":"czr-hentry"},"_links":{"self":[{"href":"https:\/\/www.tada.si\/en\/wp-json\/wp\/v2\/product\/8347","targetHints":{"allow":["GET"]}}],"collection":[{"href":"https:\/\/www.tada.si\/en\/wp-json\/wp\/v2\/product"}],"about":[{"href":"https:\/\/www.tada.si\/en\/wp-json\/wp\/v2\/types\/product"}],"replies":[{"embeddable":true,"href":"https:\/\/www.tada.si\/en\/wp-json\/wp\/v2\/comments?post=8347"}],"wp:featuredmedia":[{"embeddable":true,"href":"https:\/\/www.tada.si\/en\/wp-json\/wp\/v2\/media\/8153"}],"wp:attachment":[{"href":"https:\/\/www.tada.si\/en\/wp-json\/wp\/v2\/media?parent=8347"}],"wp:term":[{"taxonomy":"product_brand","embeddable":true,"href":"https:\/\/www.tada.si\/en\/wp-json\/wp\/v2\/product_brand?post=8347"},{"taxonomy":"product_cat","embeddable":true,"href":"https:\/\/www.tada.si\/en\/wp-json\/wp\/v2\/product_cat?post=8347"},{"taxonomy":"product_tag","embeddable":true,"href":"https:\/\/www.tada.si\/en\/wp-json\/wp\/v2\/product_tag?post=8347"}],"curies":[{"name":"wp","href":"https:\/\/api.w.org\/{rel}","templated":true}]}}