{"id":8367,"date":"2024-06-13T11:36:04","date_gmt":"2024-06-13T09:36:04","guid":{"rendered":"https:\/\/www.tada.si\/?post_type=product&#038;p=8367"},"modified":"2026-02-06T14:02:45","modified_gmt":"2026-02-06T12:02:45","slug":"detektor-ogljikovega-monoksida","status":"publish","type":"product","link":"https:\/\/www.tada.si\/en\/trgovina\/alarmni-in-video-nadzor\/detektor-ogljikovega-monoksida\/","title":{"rendered":"Detektor ogljikovega monoksida"},"content":{"rendered":"<h2 data-start=\"801\" data-end=\"867\">Pametni detektor ogljikovega monoksida \u2013 za\u0161\u010dita doma 24\/7<\/h2>\n<p data-start=\"869\" data-end=\"1184\">Je zanesljiva in nujna naprava za vsak dom s kurilnimi napravami. Meri koncentracijo nevarnega plina CO in vas o nevarnosti takoj obvesti z mo\u010dnim alarmom in potisnim obvestilom na telefon. Deluje popolnoma samostojno, brez huba, z neposredno povezavo v WiFi omre\u017eje.<\/p>\n<p data-start=\"869\" data-end=\"1184\"><strong><img loading=\"lazy\" decoding=\"async\" class=\"aligncenter\" src=\"https:\/\/alex.shop\/wp-content\/uploads\/2022\/12\/alex-detektor-co.webp\" alt=\"pametni detektor ogljikovega monoksida\" width=\"765\" height=\"375\" \/><\/strong><\/p>\n<hr data-start=\"1186\" data-end=\"1189\" \/>\n<h2 data-start=\"1191\" data-end=\"1243\">Zakaj ga potrebujete?<\/h2>\n<p data-start=\"1245\" data-end=\"1591\">Ogljikov monoksid (CO) je smrtonosen plin brez vonja, barve ali okusa. Nastaja pri nepravilnem izgorevanju goriv (plin, drva, premog, olje) \u2013 v pe\u010deh, kaminih, grelnikih ali pokvarjenih napravah. Letno zaradi zastrupitev s CO v Sloveniji umre 30\u201340 ljudi.\u00a0Ta naprava omogo\u010da, da to nevarnost pravo\u010dasno prepoznate in prepre\u010dite.<\/p>\n<hr data-start=\"1593\" data-end=\"1596\" \/>\n<h2 data-start=\"1598\" data-end=\"1631\">24-urna za\u0161\u010dita in alarm 85 dB<\/h2>\n<p data-start=\"1633\" data-end=\"1698\">Ko zazna povi\u0161ano koncentracijo ogljikovega monoksida, se vklopi:<\/p>\n<ul data-start=\"1700\" data-end=\"1880\">\n<li data-start=\"1700\" data-end=\"1734\">\n<p data-start=\"1702\" data-end=\"1734\"><strong data-start=\"1702\" data-end=\"1731\">glasen 85 dB zvo\u010dni alarm<\/strong>,<\/p>\n<\/li>\n<li data-start=\"1735\" data-end=\"1784\">\n<p data-start=\"1737\" data-end=\"1784\"><strong data-start=\"1737\" data-end=\"1781\">potisno obvestilo na va\u0161 pametni telefon<\/strong>,<\/p>\n<\/li>\n<li data-start=\"1785\" data-end=\"1880\">\n<p data-start=\"1787\" data-end=\"1880\">mo\u017enost\u00a0<strong data-start=\"1795\" data-end=\"1826\">takoj\u0161njega uti\u0161anja alarma<\/strong>\u00a0prek gumba na napravi ali v aplikaciji\u00a0<strong data-start=\"1866\" data-end=\"1879\">Alex Home<\/strong>.<\/p>\n<\/li>\n<\/ul>\n<p data-start=\"1882\" data-end=\"1949\">Naprava vas opozori, tudi \u010de niste doma \u2013 in to\u00a0<strong data-start=\"1930\" data-end=\"1948\">v realnem \u010dasu<\/strong>.<\/p>\n<hr data-start=\"1951\" data-end=\"1954\" \/>\n<h2 data-start=\"1956\" data-end=\"2001\">Brez\u017ei\u010dna povezava in samostojno delovanje<\/h2>\n<p data-start=\"2003\" data-end=\"2196\"><strong>Ne potrebuje huba\u00a0<\/strong>\u2013 neposredno se pove\u017ee v WiFi omre\u017eje. \u010ce WiFi ni na voljo, deluje popolnoma samostojno in vas \u0161e vedno opozori z glasnim signalom. Povezava z aplikacijo omogo\u010da:<\/p>\n<ul data-start=\"2198\" data-end=\"2316\">\n<li data-start=\"2198\" data-end=\"2223\">\n<p data-start=\"2200\" data-end=\"2223\">spremljanje ravni CO,<\/p>\n<\/li>\n<li data-start=\"2224\" data-end=\"2255\">\n<p data-start=\"2226\" data-end=\"2255\">preverjanje stanja naprave,<\/p>\n<\/li>\n<li data-start=\"2256\" data-end=\"2283\">\n<p data-start=\"2258\" data-end=\"2283\">opomnike za testiranje,<\/p>\n<\/li>\n<li data-start=\"2284\" data-end=\"2316\">\n<p data-start=\"2286\" data-end=\"2316\">skupno rabo dostopa z dru\u017eino.<\/p>\n<\/li>\n<\/ul>\n<hr data-start=\"2318\" data-end=\"2321\" \/>\n<h2 data-start=\"2323\" data-end=\"2367\">Dolgotrajna baterija \u2013 do 8 let delovanja<\/h2>\n<p data-start=\"2369\" data-end=\"2632\">Z vgrajeno baterijo, ki zdr\u017ei do\u00a0<strong data-start=\"2402\" data-end=\"2411\">8 let<\/strong> obi\u010dajne uporabe, se izognete skrbi z rednim menjavanjem baterij. <strong>Opozori vas ob te\u017eavah z baterijo<\/strong>, senzorjem ali povezavo z WiFi, kar pomeni, da imate ves \u010das\u00a0<strong data-start=\"2597\" data-end=\"2623\">pregled nad delovanjem<\/strong>\u00a0naprave.<\/p>\n<hr data-start=\"2634\" data-end=\"2637\" \/>\n<h2 data-start=\"2639\" data-end=\"2678\">Funkcija samopreverjanja in opomniki<\/h2>\n<p data-start=\"2680\" data-end=\"2882\">Naprava\u00a0<strong data-start=\"2688\" data-end=\"2706\">redno preverja<\/strong>\u00a0svoje delovanje in vas ob te\u017eavah opozori. V aplikaciji lahko nastavite\u00a0<strong data-start=\"2779\" data-end=\"2818\">opomnike za letno testiranje alarma<\/strong>, ki jih preprosto izvedete s pritiskom na gumb ali iz telefona.<\/p>\n<hr data-start=\"2884\" data-end=\"2887\" \/>\n<h2 data-start=\"2889\" data-end=\"2924\">Vrhunska kakovost in certifikati<\/h2>\n<ul data-start=\"2926\" data-end=\"3152\">\n<li data-start=\"2926\" data-end=\"2983\">\n<p data-start=\"2928\" data-end=\"2983\"><strong data-start=\"2928\" data-end=\"2945\">CE certifikat<\/strong>\u00a0v skladu z EU varnostnimi standardi<\/p>\n<\/li>\n<li data-start=\"2984\" data-end=\"3047\">\n<p data-start=\"2986\" data-end=\"3047\"><strong data-start=\"2986\" data-end=\"3003\">NF certifikat<\/strong>, podeljen le najbolj zanesljivim izdelkom<\/p>\n<\/li>\n<li data-start=\"3048\" data-end=\"3095\">\n<p data-start=\"3050\" data-end=\"3095\"><strong data-start=\"3050\" data-end=\"3093\">Zasnovano za \u017eivljenjsko dobo do 10 let<\/strong><\/p>\n<\/li>\n<li data-start=\"3096\" data-end=\"3152\">\n<p data-start=\"3098\" data-end=\"3152\">Odporna, natan\u010dna in pripravljena za takoj\u0161njo uporabo<\/p>\n<\/li>\n<\/ul>\n<hr data-start=\"3154\" data-end=\"3157\" \/>\n<h2 data-start=\"3159\" data-end=\"3199\">Povezljivost z drugimi napravami<\/h2>\n<p data-start=\"3201\" data-end=\"3287\">Ko zazna CO, se lahko:<\/p>\n<ul data-start=\"3289\" data-end=\"3388\">\n<li data-start=\"3289\" data-end=\"3322\">\n<p data-start=\"3291\" data-end=\"3322\"><strong data-start=\"3291\" data-end=\"3319\">avtomatsko izklopi kotel<\/strong>,<\/p>\n<\/li>\n<li data-start=\"3323\" data-end=\"3359\">\n<p data-start=\"3325\" data-end=\"3359\"><strong data-start=\"3325\" data-end=\"3356\">pri\u017egejo vsa svetila v hi\u0161i<\/strong>,<\/p>\n<\/li>\n<li data-start=\"3360\" data-end=\"3388\">\n<p data-start=\"3362\" data-end=\"3388\"><strong data-start=\"3362\" data-end=\"3387\">vklopi alarmni sistem<\/strong>.<\/p>\n<\/li>\n<\/ul>\n<p data-start=\"3390\" data-end=\"3464\">S tem omogo\u010dite hiter odziv in dodatno za\u0161\u010dito za vse \u010dlane gospodinjstva.<\/p>\n<p><a href=\"https:\/\/www.tada.si\/wp-content\/uploads\/2024\/06\/Alex-pametni-detektorogljikovega-monoksida.jpg\"><img loading=\"lazy\" decoding=\"async\" class=\"alignnone wp-image-10026\" src=\"https:\/\/www.tada.si\/wp-content\/uploads\/2024\/06\/Alex-pametni-detektorogljikovega-monoksida-300x300.jpg\" alt=\"Alex pametni detektor ogljikovega monoksida\" width=\"397\" height=\"397\" srcset=\"https:\/\/www.tada.si\/wp-content\/uploads\/2024\/06\/Alex-pametni-detektorogljikovega-monoksida-300x300.jpg 300w, https:\/\/www.tada.si\/wp-content\/uploads\/2024\/06\/Alex-pametni-detektorogljikovega-monoksida-1024x1024.jpg 1024w, https:\/\/www.tada.si\/wp-content\/uploads\/2024\/06\/Alex-pametni-detektorogljikovega-monoksida-150x150.jpg 150w, https:\/\/www.tada.si\/wp-content\/uploads\/2024\/06\/Alex-pametni-detektorogljikovega-monoksida-768x768.jpg 768w, https:\/\/www.tada.si\/wp-content\/uploads\/2024\/06\/Alex-pametni-detektorogljikovega-monoksida-12x12.jpg 12w, https:\/\/www.tada.si\/wp-content\/uploads\/2024\/06\/Alex-pametni-detektorogljikovega-monoksida-570x570.jpg 570w, https:\/\/www.tada.si\/wp-content\/uploads\/2024\/06\/Alex-pametni-detektorogljikovega-monoksida-510x510.jpg 510w, https:\/\/www.tada.si\/wp-content\/uploads\/2024\/06\/Alex-pametni-detektorogljikovega-monoksida-600x600.jpg 600w, https:\/\/www.tada.si\/wp-content\/uploads\/2024\/06\/Alex-pametni-detektorogljikovega-monoksida-100x100.jpg 100w, https:\/\/www.tada.si\/wp-content\/uploads\/2024\/06\/Alex-pametni-detektorogljikovega-monoksida-96x96.jpg 96w, https:\/\/www.tada.si\/wp-content\/uploads\/2024\/06\/Alex-pametni-detektorogljikovega-monoksida-64x64.jpg 64w, https:\/\/www.tada.si\/wp-content\/uploads\/2024\/06\/Alex-pametni-detektorogljikovega-monoksida.jpg 1500w\" sizes=\"auto, (max-width: 397px) 100vw, 397px\" \/><\/a><\/p>\n<hr data-start=\"3466\" data-end=\"3469\" \/>\n<h2 data-start=\"3471\" data-end=\"3493\">Monta\u017ea brez napora<\/h2>\n<ul data-start=\"3495\" data-end=\"3707\">\n<li data-start=\"3495\" data-end=\"3556\">\n<p data-start=\"3497\" data-end=\"3556\">Baterija je \u017ee vgrajena \u2013 ni potrebe po odpiranju naprave<\/p>\n<\/li>\n<li data-start=\"3495\" data-end=\"3556\">\n<p data-start=\"3497\" data-end=\"3556\">Namestitev v aplikaciji traja le nekaj sekund<\/p>\n<\/li>\n<li data-start=\"3621\" data-end=\"3682\">\n<p data-start=\"3623\" data-end=\"3682\">Napravo pritrdite na strop ali steno brez dodatnih kablov<\/p>\n<\/li>\n<li data-start=\"3683\" data-end=\"3707\">\n<p data-start=\"3685\" data-end=\"3707\">Deluje takoj iz \u0161katle<\/p>\n<\/li>\n<\/ul>\n<p><a href=\"https:\/\/www.tada.si\/wp-content\/uploads\/2024\/06\/Alex_3.png\"><img loading=\"lazy\" decoding=\"async\" class=\"wp-image-8368\" src=\"https:\/\/www.tada.si\/wp-content\/uploads\/2024\/06\/Alex_3-300x211.png\" alt=\"detektor ogljikovega monoksida\" width=\"467\" height=\"329\" srcset=\"https:\/\/www.tada.si\/wp-content\/uploads\/2024\/06\/Alex_3-300x211.png 300w, https:\/\/www.tada.si\/wp-content\/uploads\/2024\/06\/Alex_3-18x12.png 18w, https:\/\/www.tada.si\/wp-content\/uploads\/2024\/06\/Alex_3-64x45.png 64w, https:\/\/www.tada.si\/wp-content\/uploads\/2024\/06\/Alex_3.png 493w\" sizes=\"auto, (max-width: 467px) 100vw, 467px\" \/><\/a><\/p>","protected":false},"excerpt":{"rendered":"<p>Brez\u017ei\u010dni WiFi detektor ogljikovega monoksida (CO) z nizko porabo energije, vgrajena sirena 85dB\/3m, \u017eivljenjska doba senzorja 10 let. Baterije so prilo\u017eene. Na baterije ni garancije. Kontrola delovanja in povezljivosti preko mobilne aplikacije Alex home.<\/p>\n<p>Oglejte si \u0161e ostalo ponudbo <a href=\"https:\/\/www.tada.si\/en\/product-category\/alarmni-sistemi\/\">alarmnih sistemov na na\u0161i spletni strani.<\/a><\/p>","protected":false},"featured_media":8372,"comment_status":"open","ping_status":"closed","template":"","meta":{"inline_featured_image":false},"product_brand":[],"product_cat":[72,75],"product_tag":[],"class_list":{"0":"post-8367","1":"product","2":"type-product","3":"status-publish","4":"has-post-thumbnail","6":"product_cat-alarmni-in-video-nadzor","7":"product_cat-oprema-za-dom","9":"first","10":"instock","11":"taxable","12":"shipping-taxable","13":"purchasable","14":"product-type-simple","15":"czr-hentry"},"_links":{"self":[{"href":"https:\/\/www.tada.si\/en\/wp-json\/wp\/v2\/product\/8367","targetHints":{"allow":["GET"]}}],"collection":[{"href":"https:\/\/www.tada.si\/en\/wp-json\/wp\/v2\/product"}],"about":[{"href":"https:\/\/www.tada.si\/en\/wp-json\/wp\/v2\/types\/product"}],"replies":[{"embeddable":true,"href":"https:\/\/www.tada.si\/en\/wp-json\/wp\/v2\/comments?post=8367"}],"wp:featuredmedia":[{"embeddable":true,"href":"https:\/\/www.tada.si\/en\/wp-json\/wp\/v2\/media\/8372"}],"wp:attachment":[{"href":"https:\/\/www.tada.si\/en\/wp-json\/wp\/v2\/media?parent=8367"}],"wp:term":[{"taxonomy":"product_brand","embeddable":true,"href":"https:\/\/www.tada.si\/en\/wp-json\/wp\/v2\/product_brand?post=8367"},{"taxonomy":"product_cat","embeddable":true,"href":"https:\/\/www.tada.si\/en\/wp-json\/wp\/v2\/product_cat?post=8367"},{"taxonomy":"product_tag","embeddable":true,"href":"https:\/\/www.tada.si\/en\/wp-json\/wp\/v2\/product_tag?post=8367"}],"curies":[{"name":"wp","href":"https:\/\/api.w.org\/{rel}","templated":true}]}}